{"id":21690,"date":"2024-11-22T11:31:12","date_gmt":"2024-11-22T11:31:12","guid":{"rendered":"https:\/\/flaxmanlaw.wpenginepowered.com\/lesiones-personales-coral-gables\/"},"modified":"2025-02-05T11:39:42","modified_gmt":"2025-02-05T11:39:42","slug":"lesiones-personales-coral-gables","status":"publish","type":"page","link":"https:\/\/flaxmanlaw.com\/es\/lesiones-personales-coral-gables\/","title":{"rendered":"Lesiones Personales Coral Gables"},"content":{"rendered":"<h2>Lesiones Personales Coral Gables<\/h2>\n<div class=\"description\">\n<p>Coral Gables es una pr\u00f3spera ciudad de Florida, en <a href=\"https:\/\/flaxmanlaw.com\/lawyer-attorney-1663721.html\">el condado de Miami-Dade<\/a>. Aqu\u00ed encontrar\u00e1s la Universidad de Miami, as\u00ed como tiendas gourmet, restaurantes, estupendas tiendas, hermosas casas, la Piscina Veneciana, el famoso Hotel Biltmore y la Entrada Douglas. Coral Gables tiene fama de ser muy agradable para los peatones, lo cual es muy conveniente, ya que el clima templado de Coral Gables es una gran excusa para salir fuera a menudo. Explorar Coral Gables a pie es una de las mejores formas de conocer la ciudad y ver todo lo que ofrece.<\/p>\n<p>Coral Gables est\u00e1 cerca del Aeropuerto Internacional de Miami y tiene una historia fascinante. Considerada una de las primeras comunidades planificadas, Coral Gables nos trajo lo que conocemos como asociaci\u00f3n de vecinos y comunidad cerrada. Desarrollada por primera vez en la d\u00e9cada de 1920, Coral Gables tiene estrictas normas est\u00e9ticas que garantizan que la ciudad siga siendo bella. En toda la comunidad se puede encontrar una maravillosa arquitectura de estilo renacimiento mediterr\u00e1neo.<\/p>\n<p><a href=\"https:\/\/flaxmanlaw.com\/\">El Grupo Legal Flaxman<\/a> ha estado ayudando orgullosamente a residentes de Coral Gables y del \u00e1rea en sus casos de lesiones personales. Si has sufrido <a href=\"https:\/\/flaxmanlaw.com\/lawyer-attorney-1121037.html\">lesiones personales<\/a> en Coral Gables en un <a href=\"https:\/\/flaxmanlaw.com\/lawyer-attorney-1119800.html\">accidente automovil\u00edstico<\/a>, <a href=\"https:\/\/flaxmanlaw.com\/lawyer-attorney-1457742.html\">accidente de cami\u00f3n<\/a>, <a href=\"https:\/\/flaxmanlaw.com\/lawyer-attorney-1121051.html\">accidente laboral<\/a> u otro tipo de accidente, contacta al Grupo Legal Flaxman para una consulta sin costo y sin compromiso para enterarte de c\u00f3mo proteger tus derechos. El Grupo Legal Flaxman es compasivo y experimentado en todas las \u00e1reas de la ley de Coral Gables. Nos desplazaremos a Coral Gables, a tu casa, a la habitaci\u00f3n del hospital o a tu lugar de trabajo para hablar de tu caso contigo, lo que te resulte m\u00e1s c\u00f3modo. Como trabajamos en r\u00e9gimen de contingencia, puedes obtener ayuda jur\u00eddica de inmediato y pagar los costes legales s\u00f3lo si recibes una indemnizaci\u00f3n.<\/p>\n<p>El Grupo Legal Flaxman tiene una extensa experiencia con v\u00edctimas de lesiones personales en Coral Gables. Hemos ayudado a v\u00edctimas de <a href=\"https:\/\/flaxmanlaw.com\/lawyer-attorney-1121043.html\">resbalones y ca\u00eddas<\/a>, pacientes <a href=\"https:\/\/flaxmanlaw.com\/lawyer-attorney-1121001.html\">con quemaduras<\/a>, v\u00edctimas de accidentes de coche, v\u00edctimas de <a href=\"https:\/\/flaxmanlaw.com\/lawyer-attorney-1121045.html\">lesiones medulares<\/a> y otros tipos de casos en la zona de Coral Gables. Si has sufrido un Coral Gables, tambi\u00e9n podemos ayudarte. Charles Flaxman, del Grupo Flaxman, trabaj\u00f3 en el sector de los seguros durante diez a\u00f1os y como abogado de lesiones personales en Coral Gables durante veinte. Tiene los conocimientos necesarios para negociar con una aseguradora desde una perspectiva interna y la experiencia procesal para representarte ante los tribunales. No cuesta nada obtener asesoramiento y asistencia legal inmediatos, as\u00ed que \u00bfpor qu\u00e9 no contactar con el Grupo Flaxman para obtener asesoramiento legal experimentado que te permita tomar una decisi\u00f3n informada sobre tu caso?<\/p>\n<p>Los despachos de abogados del Grupo Flaxman est\u00e1n a un corto trayecto en coche de Coral Gables. Desde Coral Gables, toma la US-1 S hacia Orduna Ct y gira a la derecha hacia FL-959 N\/SW 57th Ave\/S Red Rd. Gira otra vez a la derecha en FL-959 N\/SW 57th Ave\/S Red Rd y gira a la izquierda en Blue Lagoon Dr, donde se encuentra el despacho de abogados del Grupo Flaxman, en el 6303 de Blue Lagoon Drive. El trayecto de Coral Gables a nuestras oficinas de Miami dura unos 16 minutos.<\/p>\n<\/div>\n","protected":false},"excerpt":{"rendered":"<p>Lesiones Personales Coral Gables Coral Gables es una pr\u00f3spera ciudad de &#8230; <\/p>\n","protected":false},"author":2,"featured_media":0,"parent":0,"menu_order":0,"comment_status":"closed","ping_status":"closed","template":"template-practice-areas.php","meta":{"footnotes":""},"class_list":["post-21690","page","type-page","status-publish","hentry"],"featured_image_src":null,"featured_image_src_square":null,"_links":{"self":[{"href":"https:\/\/flaxmanlaw.com\/es\/wp-json\/wp\/v2\/pages\/21690","targetHints":{"allow":["GET"]}}],"collection":[{"href":"https:\/\/flaxmanlaw.com\/es\/wp-json\/wp\/v2\/pages"}],"about":[{"href":"https:\/\/flaxmanlaw.com\/es\/wp-json\/wp\/v2\/types\/page"}],"author":[{"embeddable":true,"href":"https:\/\/flaxmanlaw.com\/es\/wp-json\/wp\/v2\/users\/2"}],"replies":[{"embeddable":true,"href":"https:\/\/flaxmanlaw.com\/es\/wp-json\/wp\/v2\/comments?post=21690"}],"version-history":[{"count":0,"href":"https:\/\/flaxmanlaw.com\/es\/wp-json\/wp\/v2\/pages\/21690\/revisions"}],"wp:attachment":[{"href":"https:\/\/flaxmanlaw.com\/es\/wp-json\/wp\/v2\/media?parent=21690"}],"curies":[{"name":"wp","href":"https:\/\/api.w.org\/{rel}","templated":true}]}}