{"id":21691,"date":"2024-11-22T11:55:33","date_gmt":"2024-11-22T11:55:33","guid":{"rendered":"https:\/\/flaxmanlaw.wpenginepowered.com\/lesiones-personales-en-miami-beach\/"},"modified":"2025-02-05T14:38:59","modified_gmt":"2025-02-05T14:38:59","slug":"lesiones-personales-en-miami-beach","status":"publish","type":"page","link":"https:\/\/flaxmanlaw.com\/es\/lesiones-personales-en-miami-beach\/","title":{"rendered":"Lesiones personales en Miami Beach"},"content":{"rendered":"<h2>Lesiones personales en Miami Beach<\/h2>\n<div class=\"description\">\n<p>Miami Beach es una comunidad de Florida fundada en 1915. Esta comunidad hist\u00f3rica est\u00e1 situada en el condado de Miami-Dade, Florida, en una isla entre el Atl\u00e1ntico y la bah\u00eda de Biscayne. Miami est\u00e1 s\u00f3lo al otro lado de la bah\u00eda de Miami Beach y la bah\u00eda ofrece unas vistas impresionantes, as\u00ed como un mont\u00f3n de actividades recreativas para los visitantes y residentes de Miami Beach. De hecho, durante los \u00faltimos cien a\u00f1os, Miami Beach ha sido uno de los balnearios m\u00e1s populares y conocidos de todo EEUU. Adem\u00e1s de por sus playas, Miami Beach tambi\u00e9n es conocida por su arquitectura Art Dec\u00f3. De hecho, el famoso Distrito Hist\u00f3rico Art Dec\u00f3 de Miami Beach, conocido por tener la mayor colecci\u00f3n de esta arquitectura de todo el mundo, est\u00e1 inscrito en el Registro Nacional de Lugares Hist\u00f3ricos.<\/p>\n<p>Por desgracia, en el pasado Miami Beach fue designada por los Premios Morgan Quitno como una de las ciudades peque\u00f1as m\u00e1s inseguras del pa\u00eds. La popular serie de televisi\u00f3n de los 80 Corrupci\u00f3n en Miami populariz\u00f3 la imagen de una Miami Beach peligrosa. Aunque la ciudad se ha esforzado por hacer que la comunidad sea m\u00e1s segura para residentes y visitantes, siguen produci\u00e9ndose reclamaciones por lesiones personales en Miami Beach. Los casos de responsabilidad patrimonial, de accidente de coche y otros casos de lesiones personales en Miami Beach pueden producirse en cualquier momento.<\/p>\n<p>Si has resultado lesionado o has tenido un accidente en Miami Beach, contacta al Grupo Legal Flaxman para una consulta inicial gratuita y sin compromiso. Tu consulta inicial es una gran oportunidad para hablar de tu caso con abogados cualificados especializados en lesiones personales de Miami Beach para saber si tienes un caso. Aunque tengas seguro, hablar con un abogado de lesiones personales de Miami Beach suele ser una decisi\u00f3n acertada, ya que puede ayudarte a comprender todas tus opciones legales para que puedas tomar una decisi\u00f3n sobre tu caso desde una posici\u00f3n de fuerza.<\/p>\n<p>Si necesitas un abogado de lesiones personales en Miami Beach, hay muchas razones para llamar al Grupo Legal Flaxman. El Grupo Legal Flaxman ha representado exitosamente a pacientes de lesiones personales en Miami Beach durante muchos a\u00f1os y, como resultado, el equipo del Grupo Legal Flaxman cuenta con la experiencia para ayudar. Adem\u00e1s, Charles Flaxman, del Grupo Legal Flaxman, trabaj\u00f3 durante diez a\u00f1os en el sector de los seguros antes de convertirse en un reconocido abogado de lesiones personales, por lo que cuenta con el conocimiento interno y la experiencia para negociar con \u00e9xito con los proveedores de seguros. Adem\u00e1s, el compasivo equipo del Grupo Legal Flaxman est\u00e1 totalmente comprometido a ayudar a los pacientes de lesiones personales de Miami Beach a obtener la asesor\u00eda legal y la ayuda que necesitan.<\/p>\n<p>El Grupo Legal Flaxman tiene oficinas convenientemente situadas en Miami, a s\u00f3lo unos 18 minutos de Miami Beach. Para llegar a nuestro bufete desde Miami Beach, conduce en direcci\u00f3n este hacia A1A N\/Collins Ave\/Florida A1A por Lincoln Road. Gira a la derecha en A1A N\/Collins Ave\/Florida A1A y otra vez a la derecha en 5th St\/A1A N S. Contin\u00faa por la I-395 W y luego por la FL-836 W antes de salir a la FL-959 S\/NW 57th Ave\/N Red Rd. Gira a la derecha en Blue Lagoon Dr. Las oficinas del Grupo Legal Flaxman est\u00e1n en 6303 Blue Lagoon Drive, Suite 400. Si no puedes visitar nuestras oficinas, el Grupo Legal Flaxman tambi\u00e9n puede visitarte en Miami Beach. Ponte en contacto con nosotros hoy mismo y aprovecha nuestra consulta gratuita y sin compromiso para hablar de tu caso.<\/p>\n<\/div>\n","protected":false},"excerpt":{"rendered":"<p>Lesiones personales en Miami Beach Miami Beach es una comunidad de &#8230; <\/p>\n","protected":false},"author":2,"featured_media":0,"parent":0,"menu_order":0,"comment_status":"closed","ping_status":"closed","template":"template-practice-areas.php","meta":{"footnotes":""},"class_list":["post-21691","page","type-page","status-publish","hentry"],"featured_image_src":null,"featured_image_src_square":null,"_links":{"self":[{"href":"https:\/\/flaxmanlaw.com\/es\/wp-json\/wp\/v2\/pages\/21691","targetHints":{"allow":["GET"]}}],"collection":[{"href":"https:\/\/flaxmanlaw.com\/es\/wp-json\/wp\/v2\/pages"}],"about":[{"href":"https:\/\/flaxmanlaw.com\/es\/wp-json\/wp\/v2\/types\/page"}],"author":[{"embeddable":true,"href":"https:\/\/flaxmanlaw.com\/es\/wp-json\/wp\/v2\/users\/2"}],"replies":[{"embeddable":true,"href":"https:\/\/flaxmanlaw.com\/es\/wp-json\/wp\/v2\/comments?post=21691"}],"version-history":[{"count":0,"href":"https:\/\/flaxmanlaw.com\/es\/wp-json\/wp\/v2\/pages\/21691\/revisions"}],"wp:attachment":[{"href":"https:\/\/flaxmanlaw.com\/es\/wp-json\/wp\/v2\/media?parent=21691"}],"curies":[{"name":"wp","href":"https:\/\/api.w.org\/{rel}","templated":true}]}}