{"id":21692,"date":"2024-11-22T11:31:46","date_gmt":"2024-11-22T11:31:46","guid":{"rendered":"https:\/\/flaxmanlaw.wpenginepowered.com\/hialeah-lesiones-personales\/"},"modified":"2025-02-05T14:38:24","modified_gmt":"2025-02-05T14:38:24","slug":"hialeah-lesiones-personales","status":"publish","type":"page","link":"https:\/\/flaxmanlaw.com\/es\/hialeah-lesiones-personales\/","title":{"rendered":"Hialeah Lesiones Personales"},"content":{"rendered":"<h2>Hialeah Lesiones Personales<\/h2>\n<div class=\"description\">\n<p>Hialeah, situada en el condado de Miami Dade, en el sur de Florida, es una ciudad conocida por su historia, su poblaci\u00f3n diversa y su hip\u00f3dromo. El hip\u00f3dromo de Hialeah Park es uno de los recintos recreativos m\u00e1s antiguos del estado. Tambi\u00e9n conocido como Hialeah Park, el Jockey Club de Miami y el Hip\u00f3dromo de Hialeah, las instalaciones de 40 manzanas cuadradas son un lugar hist\u00f3rico inscrito en el Registro Nacional de Lugares Hist\u00f3ricos de EE UU. El lugar es conocido por sus numerosos flamencos rosas, que es una de las razones por las que la pista es un Santuario de Aves Audubon.<\/p>\n<p>Aunque Hialeah es una ciudad hermosa con mucho que ofrecer, tambi\u00e9n es escenario de muchas lesiones y accidentes graves cada a\u00f1o. Si eres una de las personas que se lesionan estando de visita o viviendo en Hialeah, puedes descubrir que los costes y el tiempo de recuperaci\u00f3n de tu lesi\u00f3n son mucho mayores de lo que supon\u00edas inicialmente. Las lesiones graves, como las lesiones medulares de Hialeah, pueden tardar toda una vida en curarse. Incluso los huesos rotos pueden tardar meses en curarse, y los gastos m\u00e9dicos resultantes, la p\u00e9rdida de ingresos y otros gastos pueden ser devastadores. De hecho, una de las principales causas de quiebra en Estados Unidos son los gastos m\u00e9dicos.<\/p>\n<p>Por todas estas razones, es importante consultar a un abogado cualificado y con experiencia en lesiones personales de Hialeah si has sufrido una <a href=\"https:\/\/flaxmanlaw.com\/lawyer-attorney-1121037.html\">lesi\u00f3n o accidente grave<\/a>. Un abogado de lesiones personales de Hialeah puede encontrar a las partes responsables en tu caso, puede evaluar tu caso y puede asegurarse de que comprendes tus derechos y opciones seg\u00fan la legislaci\u00f3n de Florida. Seg\u00fan la ley de Florida, puedes tener derecho a m\u00e1s indemnizaci\u00f3n de la que crees, y esa indemnizaci\u00f3n puede ayudarte a conseguir atenci\u00f3n m\u00e9dica de calidad, sustituci\u00f3n de ingresos y otros recursos que necesitas para recuperarte plenamente de tus lesiones.<\/p>\n<p>Si has sufrido lesiones, <a href=\"https:\/\/flaxmanlaw.com\/lawyer-attorney-1118456.html\">contacta<\/a> hoy mismo con el Grupo Legal Flaxman. Concierta una consulta inicial gratuita para hablar de tu caso con un miembro del equipo, de modo que puedas conocer los hechos sobre tus derechos, opciones y caso. El enfoque del Grupo Legal Flaxman es ayudar a las v\u00edctimas de lesiones personales a recuperarse lo m\u00e1s plenamente posible. Como bufete de servicios integrales, el Grupo Legal Flaxman se ocupa de todos los detalles para que puedas centrarte plenamente en recuperar la salud. El equipo jur\u00eddico del Grupo Legal Flaxman ha trabajado con miles de sobrevivientes de lesiones personales en Florida del Sur y puede ayudarle a iniciar tambi\u00e9n el camino hacia la recuperaci\u00f3n. <a href=\"https:\/\/flaxmanlaw.com\/lawyer-attorney-1118456.html\">Contacta<\/a> hoy mismo al Grupo Legal Flaxman para averiguar lo que el equipo jur\u00eddico puede hacer por ti.<\/p>\n<p>No dejes que una lesi\u00f3n grave devaste tu vida. Llama al Grupo Legal Flaxman a cualquier hora del d\u00eda o de la noche para hablar con un operador en vivo. El <a href=\"https:\/\/flaxmanlaw.com\/\">Grupo<\/a> Legal <a href=\"https:\/\/flaxmanlaw.com\/\">Flaxman<\/a> es una firma de servicios integrales y ofrecemos una consulta inicial gratuita a todos los clientes nuevos. Tu consulta inicial gratuita es tu oportunidad de hablar de tu caso con un abogado personal de Hialeah. Tambi\u00e9n es tu oportunidad de aprender lo que el Grupo Legal Flaxman puede hacer por ti mientras determinas cu\u00e1les son los mejores pasos que puedes dar para salvaguardar tu futuro.<\/p>\n<\/div>\n","protected":false},"excerpt":{"rendered":"<p>Hialeah Lesiones Personales Hialeah, situada en el condado de Miami Dade, &#8230; <\/p>\n","protected":false},"author":2,"featured_media":54940,"parent":0,"menu_order":0,"comment_status":"closed","ping_status":"closed","template":"","meta":{"footnotes":""},"class_list":["post-21692","page","type-page","status-publish","has-post-thumbnail","hentry"],"featured_image_src":"https:\/\/flaxmanlaw.com\/wp-content\/uploads\/2025\/12\/personal-injury-lawyers-Hialeah-600x400.jpg","featured_image_src_square":"https:\/\/flaxmanlaw.com\/wp-content\/uploads\/2025\/12\/personal-injury-lawyers-Hialeah-600x600.jpg","_links":{"self":[{"href":"https:\/\/flaxmanlaw.com\/es\/wp-json\/wp\/v2\/pages\/21692","targetHints":{"allow":["GET"]}}],"collection":[{"href":"https:\/\/flaxmanlaw.com\/es\/wp-json\/wp\/v2\/pages"}],"about":[{"href":"https:\/\/flaxmanlaw.com\/es\/wp-json\/wp\/v2\/types\/page"}],"author":[{"embeddable":true,"href":"https:\/\/flaxmanlaw.com\/es\/wp-json\/wp\/v2\/users\/2"}],"replies":[{"embeddable":true,"href":"https:\/\/flaxmanlaw.com\/es\/wp-json\/wp\/v2\/comments?post=21692"}],"version-history":[{"count":0,"href":"https:\/\/flaxmanlaw.com\/es\/wp-json\/wp\/v2\/pages\/21692\/revisions"}],"wp:featuredmedia":[{"embeddable":true,"href":"https:\/\/flaxmanlaw.com\/es\/wp-json\/wp\/v2\/media\/54940"}],"wp:attachment":[{"href":"https:\/\/flaxmanlaw.com\/es\/wp-json\/wp\/v2\/media?parent=21692"}],"curies":[{"name":"wp","href":"https:\/\/api.w.org\/{rel}","templated":true}]}}