{"id":21693,"date":"2024-11-22T11:55:58","date_gmt":"2024-11-22T11:55:58","guid":{"rendered":"https:\/\/flaxmanlaw.wpenginepowered.com\/lesiones-personales-miami-gardens\/"},"modified":"2024-11-22T11:55:58","modified_gmt":"2024-11-22T11:55:58","slug":"lesiones-personales-miami-gardens","status":"publish","type":"page","link":"https:\/\/flaxmanlaw.com\/es\/lesiones-personales-miami-gardens\/","title":{"rendered":"Lesiones Personales Miami Gardens"},"content":{"rendered":"<h1>Lesiones Personales Miami Gardens<\/h1>\n<div class=\"description\">\n<p>Miami Gardens debe su nombre a Miami Gardens Drive. Miami Gardens, una comunidad suburbana, es la sede del estadio Sun Life, donde juegan los Florida Marlins, los Hurricanes de la Universidad de Miami y los Miami Dolphins. El torneo anual de f\u00fatbol universitario Orange Bowl se celebra en Miami Gardens. Miami Gardens es conocida por ser una comunidad diversa desde que se fund\u00f3 en la d\u00e9cada de 1970.<\/p>\n<p>Aunque Miami Gardens es una comunidad suburbana segura, los accidentes y las lesiones pueden ocurrir en cualquier parte. Si has sufrido una lesi\u00f3n o has estado en un accidente en Miami Gardens, hay muchas razones por las que podr\u00edas desear contactar al experimentado equipo legal del Grupo Legal Flaxman:<\/p>\n<p>1) Para saber m\u00e1s sobre tu caso y tu demanda. Para saber si podr\u00edas tener una demanda por lesiones personales en Miami Gardens, contacta al Grupo Legal Flaxman para una consulta gratuita y sin compromiso para hablar sobre tu caso. El equipo jur\u00eddico del Grupo Legal Flaxman puede ayudarte a comprender tus opciones y tu caso para que puedas tomar una decisi\u00f3n informada sobre lo que puedes hacer para garantizar la recuperaci\u00f3n m\u00e1s completa posible.<\/p>\n<p>2) Para obtener la ayuda que necesitas para recuperarte. Si tienes una lesi\u00f3n o has sufrido un accidente en Miami Gardens, un buen abogado de lesiones personales en Miami Gardens puede ayudarte a investigar tu caso, puede ayudarte a negociar con las compa\u00f1\u00edas de seguros y puede llevar adelante tu reclamaci\u00f3n para que tengas que pagar de tu bolsillo el menor n\u00famero posible de gastos. La ayuda legal que puede ofrecerte un abogado cualificado especializado en lesiones personales de Miami Gardens puede ayudarte a pagar una atenci\u00f3n m\u00e9dica de calidad, as\u00ed como la vivienda y otras necesidades.<\/p>\n<p>3) A un asesoramiento jur\u00eddico experimentado y compasivo. El equipo del Grupo Legal Flaxman no s\u00f3lo es compasivo y profesional, sino que tambi\u00e9n tiene la experiencia y las calificaciones para ayudarte en tu caso de lesiones personales en Miami Gardens. El Grupo Legal Flaxman ha ayudado a miles de pacientes de lesiones personales en Florida, incluyendo a muchos pacientes de lesiones personales en Miami Gardens. Tenemos la experiencia necesaria para ofrecerte asesoramiento y ayuda jur\u00eddicos s\u00f3lidos. Contacta hoy mismo al Grupo Legal Flaxman para una consulta gratuita y sin compromiso para hablar sobre tu caso y para enterarte de lo que el Grupo Legal Flaxman puede hacer por ti.<\/p>\n<p>El Grupo Legal Flaxman tiene oficinas convenientemente ubicadas en Hollywood, Florida, a s\u00f3lo 12 minutos de Miami Gardens. Para llegar a nuestro bufete desde Miami Gardens, conduce en direcci\u00f3n sur hacia NW 183rd St\/Miami Gardens Dr. por NW 27th Ave y gira a la izquierda en NW 183rd St\/Miami Gardens Dr. Gira otra vez a la izquierda en FL-7 N\/NW 2nd Ave. Gira a la derecha en Johnson St. Las oficinas del Grupo Legal Flaxman est\u00e1n en el 5715 de Johnson St.<\/p>\n<\/div>\n","protected":false},"excerpt":{"rendered":"<p>Lesiones Personales Miami Gardens Miami Gardens debe su nombre a Miami &#8230; <\/p>\n","protected":false},"author":2,"featured_media":0,"parent":0,"menu_order":0,"comment_status":"closed","ping_status":"closed","template":"template-practice-areas.php","meta":{"footnotes":""},"class_list":["post-21693","page","type-page","status-publish","hentry"],"featured_image_src":null,"featured_image_src_square":null,"_links":{"self":[{"href":"https:\/\/flaxmanlaw.com\/es\/wp-json\/wp\/v2\/pages\/21693","targetHints":{"allow":["GET"]}}],"collection":[{"href":"https:\/\/flaxmanlaw.com\/es\/wp-json\/wp\/v2\/pages"}],"about":[{"href":"https:\/\/flaxmanlaw.com\/es\/wp-json\/wp\/v2\/types\/page"}],"author":[{"embeddable":true,"href":"https:\/\/flaxmanlaw.com\/es\/wp-json\/wp\/v2\/users\/2"}],"replies":[{"embeddable":true,"href":"https:\/\/flaxmanlaw.com\/es\/wp-json\/wp\/v2\/comments?post=21693"}],"version-history":[{"count":0,"href":"https:\/\/flaxmanlaw.com\/es\/wp-json\/wp\/v2\/pages\/21693\/revisions"}],"wp:attachment":[{"href":"https:\/\/flaxmanlaw.com\/es\/wp-json\/wp\/v2\/media?parent=21693"}],"curies":[{"name":"wp","href":"https:\/\/api.w.org\/{rel}","templated":true}]}}