{"id":21694,"date":"2024-11-22T11:37:32","date_gmt":"2024-11-22T11:37:32","guid":{"rendered":"https:\/\/flaxmanlaw.wpenginepowered.com\/homestead-lesiones-personales\/"},"modified":"2025-02-05T14:22:53","modified_gmt":"2025-02-05T14:22:53","slug":"homestead-lesiones-personales","status":"publish","type":"page","link":"https:\/\/flaxmanlaw.com\/es\/homestead-lesiones-personales\/","title":{"rendered":"Homestead Lesiones Personales"},"content":{"rendered":"\t\t<div data-elementor-type=\"wp-page\" data-elementor-id=\"21694\" class=\"elementor elementor-21694 elementor-13997\" data-elementor-post-type=\"page\">\n\t\t\t\t<div class=\"elementor-element elementor-element-3f1a5767 e-flex e-con-boxed e-con e-parent\" data-id=\"3f1a5767\" data-element_type=\"container\" data-e-type=\"container\">\n\t\t\t\t\t<div class=\"e-con-inner\">\n\t\t\t\t<div class=\"elementor-element elementor-element-76fc0dd6 elementor-widget elementor-widget-text-editor\" data-id=\"76fc0dd6\" data-element_type=\"widget\" data-e-type=\"widget\" data-widget_type=\"text-editor.default\">\n\t\t\t\t<div class=\"elementor-widget-container\">\n\t\t\t\t\t\t\t\t\t<h2>Homestead Lesiones Personales<\/h2><div class=\"description\"><p>Homestead, una peque\u00f1a ciudad suburbana del condado de Miami-Dade, en Florida, tiene el famoso clima tropical monz\u00f3nico por el que es conocida la regi\u00f3n. Homestead tambi\u00e9n tiene varias zonas verdes y est\u00e1 junto a dos de los parques m\u00e1s grandes del estado. Adem\u00e1s, la ciudad es conocida por atracciones como el Teatro Seminole, ArtSouth, el Parque Nacional de Biscayne, la Granja de Caimanes de los Everglades, el Castillo de Coral, el Parque de Frutas y Especias, el Parque Nacional de los Everglades, el Rodeo de Homestead, el Homestead-Miami Speedway, la Jungla de los Monos, la Bodega de Schnebly Redland y muchas otras atracciones.<\/p><p>Cada a\u00f1o, los visitantes y residentes de Homestead sufren lesiones graves en accidentes de tr\u00e1fico, resbalones y ca\u00eddas, y otros accidentes. En el Grupo Legal Flaxman, el equipo legal comprende que despu\u00e9s de tu accidente o lesi\u00f3n, puedes sentirte asustado y disgustado. Por eso el Grupo Legal Flaxman absorbe todo el riesgo de hablar con un abogado. Puedes consultar con el Grupo Legal Flaxman en una consulta inicial gratuita y sin compromiso. Tu consulta inicial gratuita sobre accidentes es totalmente confidencial y te permite hablar de tu caso con un abogado o profesional del Derecho cualificado.<\/p><p><a href=\"https:\/\/flaxmanlaw.com\/\">El Grupo Legal Flaxman<\/a> tambi\u00e9n ofrece acuerdos de honorarios de contingencia. Esto significa que no tienes que pagar costes legales por adelantado a menos que y hasta que el Grupo Legal Flaxman recupere dinero en tu nombre. Para muchos demandantes <a href=\"https:\/\/flaxmanlaw.com\/lawyer-attorney-1121037.html\">por lesiones personales<\/a> que resultan heridos en un accidente de coche, un accidente de cami\u00f3n, un accidente por resbal\u00f3n y ca\u00edda u otro incidente en Homestead, los honorarios de los abogados son un importante motivo de preocupaci\u00f3n. De hecho, muchas v\u00edctimas no buscan asesoramiento jur\u00eddico y, por tanto, no obtienen la indemnizaci\u00f3n justa que merecen, simplemente porque temen el elevado coste del asesoramiento y la asistencia jur\u00eddicos. Sin embargo, el Grupo Legal Flaxman elimina todo riesgo del proceso, asumiendo todos los riesgos por ti para que puedas centrarte en curarte y no en las facturas legales.<\/p><p>El equipo jur\u00eddico del Grupo Legal Flaxman tiene d\u00e9cadas de experiencia ayudando a personas de todas las clases sociales en una variedad de situaciones de accidentes y lesiones. Charles Flaxman, del Grupo Legal Flaxman, trabaj\u00f3 en una compa\u00f1\u00eda de seguros durante 10 a\u00f1os antes de licenciarse en Derecho y convertirse en abogado litigante. Charles Flaxman tambi\u00e9n cuenta con d\u00e9cadas de experiencia ayudando a miles de v\u00edctimas de lesiones personales en Florida del Sur a recuperar dinero por sus lesiones. Con este nivel \u00fanico de experiencia, Charles Flaxman ha trabajado incansablemente para ayudar a las v\u00edctimas de lesiones personales de Homestead de todos los \u00e1mbitos de la vida a recuperar el dinero que necesitan para perseguir futuros m\u00e1s brillantes.<\/p><p>Si deseas saber m\u00e1s sobre las leyes de lesiones personales o te gustar\u00eda hablar sobre tu caso con un abogado calificado de lesiones personales en Homestead, <a href=\"https:\/\/flaxmanlaw.com\/lawyer-attorney-1118456.html\">contacta<\/a> hoy mismo al Grupo Legal Flaxman para programar una consulta inicial gratuita y sin compromiso. Una consulta es tu oportunidad de averiguar m\u00e1s sobre tu caso espec\u00edfico, y de obtener asesor\u00eda sobre tu situaci\u00f3n espec\u00edfica, asegur\u00e1ndote de que tienes los hechos que necesitas para salvaguardar tu futuro. <a href=\"https:\/\/flaxmanlaw.com\/lawyer-attorney-1118456.html\">Contacte<\/a> hoy mismo al Grupo Legal Flaxman para recibir asistencia r\u00e1pida y compasiva en su caso de lesiones personales en Homestead.<\/p><\/div>\t\t\t\t\t\t\t\t<\/div>\n\t\t\t\t<\/div>\n\t\t\t\t\t<\/div>\n\t\t\t\t<\/div>\n\t\t\t\t<\/div>\n\t\t","protected":false},"excerpt":{"rendered":"<p>Homestead Lesiones Personales Homestead, una peque\u00f1a ciudad suburbana del condado de &#8230; <\/p>\n","protected":false},"author":2,"featured_media":24522,"parent":0,"menu_order":0,"comment_status":"closed","ping_status":"closed","template":"","meta":{"footnotes":""},"class_list":["post-21694","page","type-page","status-publish","has-post-thumbnail","hentry"],"featured_image_src":"https:\/\/flaxmanlaw.com\/wp-content\/uploads\/2025\/03\/Inside-Center_1280x676_E-600x400.webp","featured_image_src_square":"https:\/\/flaxmanlaw.com\/wp-content\/uploads\/2025\/03\/Inside-Center_1280x676_E-600x600.webp","_links":{"self":[{"href":"https:\/\/flaxmanlaw.com\/es\/wp-json\/wp\/v2\/pages\/21694","targetHints":{"allow":["GET"]}}],"collection":[{"href":"https:\/\/flaxmanlaw.com\/es\/wp-json\/wp\/v2\/pages"}],"about":[{"href":"https:\/\/flaxmanlaw.com\/es\/wp-json\/wp\/v2\/types\/page"}],"author":[{"embeddable":true,"href":"https:\/\/flaxmanlaw.com\/es\/wp-json\/wp\/v2\/users\/2"}],"replies":[{"embeddable":true,"href":"https:\/\/flaxmanlaw.com\/es\/wp-json\/wp\/v2\/comments?post=21694"}],"version-history":[{"count":0,"href":"https:\/\/flaxmanlaw.com\/es\/wp-json\/wp\/v2\/pages\/21694\/revisions"}],"wp:featuredmedia":[{"embeddable":true,"href":"https:\/\/flaxmanlaw.com\/es\/wp-json\/wp\/v2\/media\/24522"}],"wp:attachment":[{"href":"https:\/\/flaxmanlaw.com\/es\/wp-json\/wp\/v2\/media?parent=21694"}],"curies":[{"name":"wp","href":"https:\/\/api.w.org\/{rel}","templated":true}]}}