{"id":21696,"date":"2024-11-22T11:38:03","date_gmt":"2024-11-22T11:38:03","guid":{"rendered":"https:\/\/flaxmanlaw.wpenginepowered.com\/lesiones-personales-en-key-biscayne\/"},"modified":"2025-02-05T14:35:01","modified_gmt":"2025-02-05T14:35:01","slug":"lesiones-personales-en-key-biscayne","status":"publish","type":"page","link":"https:\/\/flaxmanlaw.com\/es\/lesiones-personales-en-key-biscayne\/","title":{"rendered":"Lesiones personales en Key Biscayne"},"content":{"rendered":"<h2>Lesiones personales en Key Biscayne<\/h2>\n<div class=\"description\">\n<p>Key Biscayne es un pueblo de Florida situado en la isla baja de Key Biscayne. Parte del condado de Miami-Dade, Florida, Key Biscayne es conocida por la calzada Rickenbacker, que conecta la comunidad con Miami, y por sus amplias vistas del oc\u00e9ano Atl\u00e1ntico. La comunidad tiene muchos centros comerciales, buenos restaurantes y excelentes escuelas. La comunidad cuenta con un puerto deportivo y tiene muchas oportunidades de ocio relacionadas con el mar. Por ejemplo, Key Biscayne es un lugar muy popular para practicar kitesurf, kayak y vela. Varios hoteles de cinco estrellas y lujosos condominios ofrecen amplias vistas y mucho confort tanto a visitantes como a residentes. Varias playas y faros locales, incluido el Faro de Fowey Rocks, aumentan el atractivo de Key Biscayne.<\/p>\n<p>Dado que Key Biscayne est\u00e1 justo en el oc\u00e9ano y es de baja altitud, puede estar sometido a condiciones meteorol\u00f3gicas adversas, y a veces las condiciones se combinan con negligencia o imprudencia para causar demandas legales por lesiones personales en Florida. Si te has visto involucrado en un accidente en Key Biscayne o has sufrido lesiones personales, puedes acudir al experimentado y profesional equipo del Grupo Legal Flaxman en busca de ayuda. La verdad es que, aunque tengas seguro, puede que \u00e9ste no cubra todos los gastos de tu lesi\u00f3n. Necesitas un abogado de lesiones personales cualificado en Key Biscayne que te ayude a negociar con tu aseguradora y a tramitar tu reclamaci\u00f3n para que dispongas de los recursos necesarios para recuperarte lo mejor posible de tu lesi\u00f3n. El Grupo Legal Flaxman es una firma legal altamente experimentada que sirve a Key Biscayne y a las comunidades circundantes.<\/p>\n<p>El Grupo Legal Flaxman ha ayudado exitosamente a muchos clientes de lesiones personales en Key Biscayne, as\u00ed como a muchos m\u00e1s clientes en las \u00e1reas circundantes. Con una extensa experiencia legal, experiencia en la industria de seguros y experiencia en juicios por lesiones personales en Key Biscayne, el equipo del Grupo Legal Flaxman tiene la pericia para ayudarte con tu demanda. Para averiguar lo que el Grupo Legal Flaxman puede hacer por ti, ponte en contacto con nosotros hoy mismo. Tu consulta inicial con nuestro equipo es gratuita y sin compromiso. Es la oportunidad perfecta para obtener asesoramiento jur\u00eddico y conocer tus opciones legales. Antes de firmar ning\u00fan documento de seguro, ponte en contacto con el Grupo Legal Flaxman y averigua al menos cu\u00e1les son tus opciones para que puedas tomar la decisi\u00f3n correcta para tu caso.<\/p>\n<p>El Grupo Legal Flaxman puede desplazarse a tu casa, lugar de trabajo o habitaci\u00f3n de hospital de Key Biscayne para tu consulta inicial gratuita. Tambi\u00e9n puedes visitar t\u00fa mismo nuestras oficinas. Las oficinas del Grupo Legal Flaxman en Miami est\u00e1n situadas a 20 minutos en coche de Key Biscayne. Para llegar a las oficinas de Miami desde Key Biscayne, conduce en direcci\u00f3n norte hacia E Heather Drive por Crandon Blvd y entra en la FL-913 N\/Rickenbacker Causeway. Sigue un ligero giro a la derecha hacia la I-95 N, utilizando la rampa hacia el Centro\/Aeropuerto. Toma la salida 3A e incorp\u00f3rate a FL-836 W (busca las se\u00f1ales de Airport\/U M \/ Jackson\/VA Hospitals). Sal en FL-959 S\/NW 57th Ave\/N Red Rd y gira a la derecha en Blue Lagoon Dr. El Grupo Legal Flaxman tiene oficinas en 6303 Blue Lagoon Dr.<\/p>\n<\/div>\n","protected":false},"excerpt":{"rendered":"<p>Lesiones personales en Key Biscayne Key Biscayne es un pueblo de &#8230; <\/p>\n","protected":false},"author":2,"featured_media":0,"parent":0,"menu_order":0,"comment_status":"closed","ping_status":"closed","template":"template-practice-areas.php","meta":{"footnotes":""},"class_list":["post-21696","page","type-page","status-publish","hentry"],"featured_image_src":null,"featured_image_src_square":null,"_links":{"self":[{"href":"https:\/\/flaxmanlaw.com\/es\/wp-json\/wp\/v2\/pages\/21696","targetHints":{"allow":["GET"]}}],"collection":[{"href":"https:\/\/flaxmanlaw.com\/es\/wp-json\/wp\/v2\/pages"}],"about":[{"href":"https:\/\/flaxmanlaw.com\/es\/wp-json\/wp\/v2\/types\/page"}],"author":[{"embeddable":true,"href":"https:\/\/flaxmanlaw.com\/es\/wp-json\/wp\/v2\/users\/2"}],"replies":[{"embeddable":true,"href":"https:\/\/flaxmanlaw.com\/es\/wp-json\/wp\/v2\/comments?post=21696"}],"version-history":[{"count":0,"href":"https:\/\/flaxmanlaw.com\/es\/wp-json\/wp\/v2\/pages\/21696\/revisions"}],"wp:attachment":[{"href":"https:\/\/flaxmanlaw.com\/es\/wp-json\/wp\/v2\/media?parent=21696"}],"curies":[{"name":"wp","href":"https:\/\/api.w.org\/{rel}","templated":true}]}}