{"id":21698,"date":"2024-11-22T11:48:45","date_gmt":"2024-11-22T11:48:45","guid":{"rendered":"https:\/\/flaxmanlaw.wpenginepowered.com\/lesiones-personales-en-medley\/"},"modified":"2025-02-05T14:29:40","modified_gmt":"2025-02-05T14:29:40","slug":"lesiones-personales-en-medley","status":"publish","type":"page","link":"https:\/\/flaxmanlaw.com\/es\/lesiones-personales-en-medley\/","title":{"rendered":"Lesiones personales en Medley"},"content":{"rendered":"<h2>Lesiones personales en Medley<\/h2>\n<div class=\"description\">\n<p>Medley es una comunidad de Florida fundada en la d\u00e9cada de 1940. Parte del condado de Miami-Dade, Florida, Medley es una comunidad industrial, sede de la planta de cemento Pennsuco de Titan America y de la planta Rinker. En la actualidad, Medley sigue atrayendo empresas y, por tanto, oportunidades de trabajo para los residentes locales. Con una mano de obra y una infraestructura muy desarrolladas, Medley se ha convertido en un l\u00edder industrial de la zona.<\/p>\n<p>Sin embargo, dado que Medley es l\u00edder industrial, en esta ciudad densamente poblada y desarrollada a veces se producen accidentes y reclamaciones por da\u00f1os personales. Las reclamaciones por da\u00f1os personales derivadas de demandas de indemnizaci\u00f3n de los trabajadores de Medley y de accidentes laborales pueden producirse, y de hecho se producen. Un alto nivel de tr\u00e1fico en la ciudad tambi\u00e9n significa que Medley ve su parte de lesiones personales en Florida resultantes de accidentes de coche y accidentes de cami\u00f3n. Si has sufrido lesiones en un accidente en Medley, necesitas un abogado cualificado en lesiones personales en Medley que te ayude a negociar con tu compa\u00f1\u00eda de seguros. Un buen abogado de lesiones personales en Medley puede investigar tu accidente, ayudarte a comprender tus derechos legales y puede ayudarte a representarte ante tu compa\u00f1\u00eda de seguros o en un juicio.<\/p>\n<p>Si est\u00e1s buscando un abogado calificado en lesiones personales en Medley, el equipo del Grupo Legal Flaxman puede ayudarte. El compasivo y experimentado equipo del Grupo Legal Flaxman ha manejado muchos casos de lesiones personales en Medley y ha ayudado a muchas v\u00edctimas de lesiones personales en Florida a obtener asesor\u00eda y ayuda legal de calidad. El Grupo Legal Flaxman maneja muchos casos de lesiones personales en Medley, incluyendo accidentes automovil\u00edsticos en Medley, lesiones cerebrales, demandas por negligencia m\u00e9dica, y m\u00e1s. Si has sufrido alguna lesi\u00f3n personal grave en Medley, contacta con el bufete del Grupo Legal Flaxman para averiguar c\u00f3mo podemos ayudarte. Podemos ayudarte a comprender c\u00f3mo puedes resarcirte de los da\u00f1os, gastos m\u00e9dicos, p\u00e9rdida de ingresos y otros costes asociados a tu accidente. Lo mejor de todo es que tu consulta inicial con el Grupo Legal Flaxman es gratuita y sin compromiso. No tienes nada que perder si conoces los hechos sobre tus derechos legales, as\u00ed que contacta hoy mismo con el Grupo Legal Flaxman.<\/p>\n<p>Puedes programar tu consulta inicial gratuita sobre accidentes con el Grupo Legal Flaxman en tu casa, lugar de trabajo o habitaci\u00f3n de hospital en Medley. Tambi\u00e9n puedes venir a visitar el despacho del Grupo Legal Flaxman. Medley est\u00e1 situado a s\u00f3lo unos nueve minutos de las oficinas del Grupo Legal Flaxman, en el 6303 Blue Lagoon Dr. Para llegar a nuestras oficinas de Miami desde Medley, simplemente conduce hacia el este por la NW 74th St, girando ligeramente a la derecha en la FL-826 S. Toma la salida hacia la Turnpike en la FL-836 W. Mantente a la izquierda e incorp\u00f3rate a la FL-836 E, siguiendo las se\u00f1ales hacia la FL-836 E\/Airport Miami. Toma la salida hacia FL-959 S\/NW 57th Ave\/N Red Rd y gira a la derecha hacia Blue Lagoon Dr.<\/p>\n<\/div>\n","protected":false},"excerpt":{"rendered":"<p>Lesiones personales en Medley Medley es una comunidad de Florida fundada &#8230; <\/p>\n","protected":false},"author":2,"featured_media":0,"parent":0,"menu_order":0,"comment_status":"closed","ping_status":"closed","template":"template-practice-areas.php","meta":{"footnotes":""},"class_list":["post-21698","page","type-page","status-publish","hentry"],"featured_image_src":null,"featured_image_src_square":null,"_links":{"self":[{"href":"https:\/\/flaxmanlaw.com\/es\/wp-json\/wp\/v2\/pages\/21698","targetHints":{"allow":["GET"]}}],"collection":[{"href":"https:\/\/flaxmanlaw.com\/es\/wp-json\/wp\/v2\/pages"}],"about":[{"href":"https:\/\/flaxmanlaw.com\/es\/wp-json\/wp\/v2\/types\/page"}],"author":[{"embeddable":true,"href":"https:\/\/flaxmanlaw.com\/es\/wp-json\/wp\/v2\/users\/2"}],"replies":[{"embeddable":true,"href":"https:\/\/flaxmanlaw.com\/es\/wp-json\/wp\/v2\/comments?post=21698"}],"version-history":[{"count":0,"href":"https:\/\/flaxmanlaw.com\/es\/wp-json\/wp\/v2\/pages\/21698\/revisions"}],"wp:attachment":[{"href":"https:\/\/flaxmanlaw.com\/es\/wp-json\/wp\/v2\/media?parent=21698"}],"curies":[{"name":"wp","href":"https:\/\/api.w.org\/{rel}","templated":true}]}}