{"id":21699,"date":"2024-11-22T11:59:51","date_gmt":"2024-11-22T11:59:51","guid":{"rendered":"https:\/\/flaxmanlaw.wpenginepowered.com\/lesiones-personales-en-palmetto-bay\/"},"modified":"2025-02-05T14:39:32","modified_gmt":"2025-02-05T14:39:32","slug":"lesiones-personales-en-palmetto-bay","status":"publish","type":"page","link":"https:\/\/flaxmanlaw.com\/es\/lesiones-personales-en-palmetto-bay\/","title":{"rendered":"Lesiones personales en Palmetto Bay"},"content":{"rendered":"<h2>Lesiones personales en Palmetto Bay<\/h2>\n<div class=\"description\">\n<p>Palmetto Bay tiene amplias vistas de la bah\u00eda de Biscayne y se enorgullece de su ambiente familiar. Esta comunidad tiene muchas oportunidades de ocio, incluidas muchas opciones de navegaci\u00f3n y oportunidades de practicar deportes acu\u00e1ticos. Seg\u00fan el Plan A+ de Florida, las escuelas p\u00fablicas de Palmetto Bay han recibido una calificaci\u00f3n \u00abA\u00bb, que es una de las razones por las que la comunidad es conocida por ser un buen lugar para formar una familia. Palmetto Bay tambi\u00e9n cuenta con seis parques y est\u00e1 cerca de la finca Charles Deering. Aunque Palmetto Bay es una comunidad relativamente nueva -se constituy\u00f3 en 2002-, es una comunidad en crecimiento que se enorgullece de su centro en desarrollo.<\/p>\n<p>Si has sufrido <a href=\"https:\/\/flaxmanlaw.com\/lawyer-attorney-1121037.html\">lesiones personales<\/a> en Palmetto Bay, necesitas un abogado cualificado a tu lado. Sin un buen abogado de lesiones personales en Palmetto Bay, es demasiado f\u00e1cil renunciar a tus derechos o aceptar inadvertidamente una cantidad que no cubra todos tus ingresos perdidos, facturas m\u00e9dicas y otros gastos. Una vez que renuncies a tus derechos, puede que tengas que pagar estos gastos de tu bolsillo, y pueden ascender f\u00e1cilmente a decenas de miles de d\u00f3lares. No dejes que esto te ocurra: contacta hoy mismo con el Grupo Legal Flaxman.<\/p>\n<p>Cuando contactas al Grupo Legal Flaxman sobre tu caso de lesiones personales en Palmetto Bay, puedes programar una <a href=\"https:\/\/flaxmanlaw.com\/lawyer-attorney-1118456.html\">consulta gratuita y sin compromiso<\/a> para hablar sobre tu caso. De este modo, podr\u00e1s conocer tus derechos y tus opciones para poder tomar una decisi\u00f3n con conocimiento de causa. Hablar con un abogado cualificado del Grupo Legal Flaxman puede ayudarte a comprender qu\u00e9 puedes hacer para recuperarte lo m\u00e1s plenamente posible de tus lesiones. Nuestro compasivo equipo jur\u00eddico ha ayudado a miles de personas en tu situaci\u00f3n y quiz\u00e1 podamos ayudarte a ti tambi\u00e9n.<\/p>\n<p>Si decides que necesitas un abogado experimentado en lesiones personales en Palmetto Bay para tu caso, el equipo legal del Grupo Legal Flaxman cuenta con d\u00e9cadas de experiencia en casos de lesiones personales, casos de <a href=\"https:\/\/flaxmanlaw.com\/lawyer-attorney-1121039.html\">responsabilidad de predios<\/a>, casos de <a href=\"https:\/\/flaxmanlaw.com\/lawyer-attorney-1121027.html\">negligencia m\u00e9dica<\/a>, casos de <a href=\"https:\/\/flaxmanlaw.com\/lawyer-attorney-1119800.html\">accidentes automovil\u00edsticos<\/a>, y muchas otras demandas por lesiones personales. Con la compasi\u00f3n que necesitas y la experiencia que puede marcar la diferencia en tu caso, el equipo jur\u00eddico del Grupo Legal Flaxman puede ser justo la asistencia legal que necesitas.<\/p>\n<p>Palmetto Bay, Florida, est\u00e1 a s\u00f3lo unos veinte minutos en coche de las oficinas del Grupo Legal Flaxman en Miami. Para llegar a las oficinas, conduce hacia el norte por la avenida SW 82 y gira a la izquierda en SW 152nd Street\/Coral Reef Drive. Gira a la derecha en US-1 N y gira ligeramente a la derecha en FL-826 N\/Palmetto Expressway. Busca las se\u00f1ales de FL-94\/N Kendall Drive. Toma la rampa hacia FL-826 N y luego la salida FL-836 E\/FL-836 W en direcci\u00f3n al Aeropuerto. A continuaci\u00f3n, incorp\u00f3rate a FL-836 E y sal a FL-959 S\/NW 57th Avenue\/N Red Road. Gira a la derecha en Blue Lagoon Drive. Las oficinas del Grupo Legal Flaxman estar\u00e1n a la derecha, en el 6303 de Blue Lagoon Drive.<\/p>\n<\/div>\n","protected":false},"excerpt":{"rendered":"<p>Lesiones personales en Palmetto Bay Palmetto Bay tiene amplias vistas de &#8230; <\/p>\n","protected":false},"author":2,"featured_media":0,"parent":0,"menu_order":0,"comment_status":"closed","ping_status":"closed","template":"template-practice-areas.php","meta":{"footnotes":""},"class_list":["post-21699","page","type-page","status-publish","hentry"],"featured_image_src":null,"featured_image_src_square":null,"_links":{"self":[{"href":"https:\/\/flaxmanlaw.com\/es\/wp-json\/wp\/v2\/pages\/21699","targetHints":{"allow":["GET"]}}],"collection":[{"href":"https:\/\/flaxmanlaw.com\/es\/wp-json\/wp\/v2\/pages"}],"about":[{"href":"https:\/\/flaxmanlaw.com\/es\/wp-json\/wp\/v2\/types\/page"}],"author":[{"embeddable":true,"href":"https:\/\/flaxmanlaw.com\/es\/wp-json\/wp\/v2\/users\/2"}],"replies":[{"embeddable":true,"href":"https:\/\/flaxmanlaw.com\/es\/wp-json\/wp\/v2\/comments?post=21699"}],"version-history":[{"count":0,"href":"https:\/\/flaxmanlaw.com\/es\/wp-json\/wp\/v2\/pages\/21699\/revisions"}],"wp:attachment":[{"href":"https:\/\/flaxmanlaw.com\/es\/wp-json\/wp\/v2\/media?parent=21699"}],"curies":[{"name":"wp","href":"https:\/\/api.w.org\/{rel}","templated":true}]}}