{"id":21700,"date":"2024-11-22T11:58:12","date_gmt":"2024-11-22T11:58:12","guid":{"rendered":"https:\/\/flaxmanlaw.wpenginepowered.com\/lesiones-personales-miami-springs\/"},"modified":"2024-11-22T11:58:12","modified_gmt":"2024-11-22T11:58:12","slug":"lesiones-personales-miami-springs","status":"publish","type":"page","link":"https:\/\/flaxmanlaw.com\/es\/lesiones-personales-miami-springs\/","title":{"rendered":"Lesiones Personales Miami Springs"},"content":{"rendered":"<h1>Lesiones Personales Miami Springs<\/h1>\n<div class=\"description\">\n<p>Miami Springs es una comunidad de Florida que se remonta a la d\u00e9cada de 1920. Miami Springs, que ahora es un suburbio, fue fundada originalmente por James Bright y Glenn Hammond Curtiss como Country Club Estates, una comunidad planificada. Los edificios originales de Miami Springs eran de estilo Pueblo Revival y Mission, por lo que hoy Miami Springs es rica en historia y estilo arquitect\u00f3nicos. Miami Springs debe su nombre a un famoso manantial que proporcionaba agua dulce a la zona. La comunidad siempre ha estado estrechamente asociada a la industria de la aviaci\u00f3n, ya que muchos residentes originales de la zona trabajaban para compa\u00f1\u00edas a\u00e9reas y de aviaci\u00f3n cercanas.<\/p>\n<p>Si has resultado lesionado o en un accidente en Miami Springs y crees que puedes tener un caso de lesiones personales en Miami Springs, contacta al Grupo Legal Flaxman. El Grupo Legal Flaxman se enorgullece de servir a la comunidad de Miami Spring y sus alrededores. Nuestro equipo jur\u00eddico ha ayudado a miles de pacientes y v\u00edctimas de lesiones, y quiz\u00e1 podamos ayudarte a ti. Contacta hoy mismo al Grupo Legal Flaxman para una consulta inicial sin costo para hablar sobre tu caso y tus opciones legales.<\/p>\n<p>El equipo legal del Grupo Legal Flaxman cuenta con la experiencia para manejar exitosamente casos de lesiones personales en Miami Springs. Adem\u00e1s de m\u00e1s de veinte a\u00f1os de experiencia en juicios, Charles Flaxman, del Grupo Legal Flaxman, trabaj\u00f3 durante 10 a\u00f1os como ajustador de reclamaciones, as\u00ed que est\u00e1 en una posici\u00f3n \u00fanica para negociar con las aseguradoras en tu nombre, despu\u00e9s de aprender sobre la industria aseguradora desde ambos lados. Charles Flaxman tambi\u00e9n se gradu\u00f3 en el percentil m\u00e1s alto de su facultad de Derecho y forma parte del Foro de Abogados del Mill\u00f3n de D\u00f3lares. Con Charles Flaxman y el resto del Grupo Legal Flaxman de tu lado, cuentas con los poderosos recursos de un muy experimentado abogado de lesiones personales en Miami Springs y de su equipo legal.<\/p>\n<p>Miami Springs est\u00e1 a s\u00f3lo catorce minutos manejando desde las oficinas del Grupo Legal Flaxman en Miami. Para llegar a nuestras oficinas desde Miami Springs, conduzca hacia el sur por Albatross St y gire a la derecha en N Esplanade Dr., seguido de una izquierda en Deer Run. Gira a la derecha en Curtiss Pkwy y gira a la derecha en FL-948 W\/NW 36th St . Dir\u00edgete a FL-826 S por la rampa y luego toma la salida FL-836 W, manteni\u00e9ndote a la izquierda. Sigue las se\u00f1ales hacia FL-836 E\/Airport Miami e incorp\u00f3rate a FL-836 E. Sal hacia FL-959 S\/NW 57th Ave\/N Red Rd y gira hacia Blue Lagoon Dr. El Grupo Legal Flaxman tiene oficinas en 6303 Blue Lagoon Dr., Suite 400.<\/p>\n<\/div>\n","protected":false},"excerpt":{"rendered":"<p>Lesiones Personales Miami Springs Miami Springs es una comunidad de Florida &#8230; <\/p>\n","protected":false},"author":2,"featured_media":0,"parent":0,"menu_order":0,"comment_status":"closed","ping_status":"closed","template":"template-practice-areas.php","meta":{"footnotes":""},"class_list":["post-21700","page","type-page","status-publish","hentry"],"featured_image_src":null,"featured_image_src_square":null,"_links":{"self":[{"href":"https:\/\/flaxmanlaw.com\/es\/wp-json\/wp\/v2\/pages\/21700","targetHints":{"allow":["GET"]}}],"collection":[{"href":"https:\/\/flaxmanlaw.com\/es\/wp-json\/wp\/v2\/pages"}],"about":[{"href":"https:\/\/flaxmanlaw.com\/es\/wp-json\/wp\/v2\/types\/page"}],"author":[{"embeddable":true,"href":"https:\/\/flaxmanlaw.com\/es\/wp-json\/wp\/v2\/users\/2"}],"replies":[{"embeddable":true,"href":"https:\/\/flaxmanlaw.com\/es\/wp-json\/wp\/v2\/comments?post=21700"}],"version-history":[{"count":0,"href":"https:\/\/flaxmanlaw.com\/es\/wp-json\/wp\/v2\/pages\/21700\/revisions"}],"wp:attachment":[{"href":"https:\/\/flaxmanlaw.com\/es\/wp-json\/wp\/v2\/media?parent=21700"}],"curies":[{"name":"wp","href":"https:\/\/api.w.org\/{rel}","templated":true}]}}