{"id":21703,"date":"2024-11-22T12:01:43","date_gmt":"2024-11-22T12:01:43","guid":{"rendered":"https:\/\/flaxmanlaw.wpenginepowered.com\/sunny-isles-beach-lesiones-personales\/"},"modified":"2025-02-05T11:43:04","modified_gmt":"2025-02-05T11:43:04","slug":"sunny-isles-beach-lesiones-personales","status":"publish","type":"page","link":"https:\/\/flaxmanlaw.com\/es\/sunny-isles-beach-lesiones-personales\/","title":{"rendered":"Sunny Isles Beach Lesiones Personales"},"content":{"rendered":"<h2>Sunny Isles Beach Lesiones Personales<\/h2>\n<div class=\"description\">\n<p>Sunny Isles Beach, Florida, es una comunidad situada en el oc\u00e9ano Atl\u00e1ntico, en una isla barrera. Gran parte de la ciudad tiene hermosas vistas y es conocida por su diversidad cultural. Situada en el condado de Miami-Dade, Florida, Sunny Isles Beach recibe a veces el nombre de Peque\u00f1a Mosc\u00fa, gracias a una pr\u00f3spera poblaci\u00f3n ruso-estadounidense. La calle principal de la ciudad, Collins Avenue, est\u00e1 repleta de tiendas, restaurantes y muchas cosas que ver y hacer. En los \u00faltimos a\u00f1os, muchos complejos tur\u00edsticos y urbanizaciones han hecho que la ciudad sea a\u00fan m\u00e1s pr\u00f3spera. Sunny Isles Beach, popular destino tur\u00edstico, tiene hermosas playas y una vibrante vida nocturna.<\/p>\n<p>Como cualquier ciudad, Sunny Isles Beach tambi\u00e9n tiene sus peligros. Los cruces de carreteras muy transitadas, el mucho tr\u00e1fico y otros peligros provocan cada d\u00eda accidentes con lesiones personales en Sunny Isles Beach. Los accidentes de coche, los accidentes laborales y otros incidentes ocurren todos los d\u00edas y pueden provocar <a href=\"https:\/\/flaxmanlaw.com\/lawyer-attorney-1120999.html\">lesiones cerebrales<\/a>, <a href=\"https:\/\/flaxmanlaw.com\/lawyer-attorney-1121045.html\">lesiones medulares<\/a> e incluso <a href=\"https:\/\/flaxmanlaw.com\/lawyer-attorney-1121053.html\">muertes<\/a>. Si has sufrido lesiones en Sunny Isles Beach, hay varias razones por las que querr\u00e1s contactar con el Grupo Legal Flaxman de inmediato:<\/p>\n<p>1) El equipo jur\u00eddico del <a href=\"https:\/\/flaxmanlaw.com\/lawyer-attorney-1118466.html\">Grupo Legal Flaxman<\/a> puede ayudarte de inmediato. Cuando te pones en contacto con el Grupo Legal Flaxman, hablas inmediatamente con una persona de carne y hueso. Nuestro equipo jur\u00eddico est\u00e1 siempre de guardia en Sunny Isles Beach, para que siempre puedas obtener asesoramiento r\u00e1pido y ayuda inmediata al instante. Tanto si eres nuevo en la zona y no est\u00e1s seguro de d\u00f3nde acudir en busca de ayuda m\u00e9dica como si necesitas asesoramiento inmediato, el Grupo Legal Flaxman est\u00e1 ah\u00ed para ti.<\/p>\n<p>2) Puedes programar una <a href=\"https:\/\/flaxmanlaw.com\/lawyer-attorney-1118456.html\">consulta gratuita y sin compromiso<\/a> con el Grupo Legal Flaxman para hablar sobre tu caso de lesiones personales en Sunny Isles Beach. Probablemente tengas preguntas sobre tu caso de lesiones personales en Sunny Isles Beach. El equipo jur\u00eddico del Grupo Legal Flaxman puede ayudarte con las respuestas. La consulta inicial gratuita sobre accidentes es una forma estupenda y sin presiones de obtener m\u00e1s informaci\u00f3n y un asesoramiento jur\u00eddico s\u00f3lido antes de tomar ninguna decisi\u00f3n sobre tu caso.<\/p>\n<p>3) Probablemente necesites un abogado de lesiones personales en Sunny Isles Beach, aunque creas que no. Un abogado del Grupo Legal Flaxman puede investigar tu caso, negociar con los proveedores de seguros en tu nombre, conseguirte ayuda inmediatamente, e incluso puede representarte ante un tribunal si decides presentar una demanda legal. Un buen abogado de lesiones personales de Sunny Isles Beach tambi\u00e9n puede ayudarte a comprender tus derechos y opciones para que tomes las mejores decisiones para tu recuperaci\u00f3n.<\/p>\n<p>Sunny Isles Beach, Florida, est\u00e1 situada a s\u00f3lo unos veinte minutos en coche de las oficinas del Grupo Flaxman en Hollywood. Para llegar a las oficinas, conduce hacia el sureste por 180th Drive y gira a la derecha en Atlantic Boulevard. Gira a la izquierda en la calle 178 y otra vez a la izquierda en Collins Avenue\/Florida A1A N. Sigue por Florida A1A N y luego gira a la izquierda en FL-858 W\/E Hallandale Beach Boulevard. Gira a la derecha en FL-7 N y otra vez a la derecha en Johnson Street. El bufete del Grupo Flaxman estar\u00e1 a la izquierda, en el 5715 de la calle Johnson.<\/p>\n<\/div>\n","protected":false},"excerpt":{"rendered":"<p>Sunny Isles Beach Lesiones Personales Sunny Isles Beach, Florida, es una &#8230; <\/p>\n","protected":false},"author":2,"featured_media":0,"parent":0,"menu_order":0,"comment_status":"closed","ping_status":"closed","template":"template-practice-areas.php","meta":{"footnotes":""},"class_list":["post-21703","page","type-page","status-publish","hentry"],"featured_image_src":null,"featured_image_src_square":null,"_links":{"self":[{"href":"https:\/\/flaxmanlaw.com\/es\/wp-json\/wp\/v2\/pages\/21703","targetHints":{"allow":["GET"]}}],"collection":[{"href":"https:\/\/flaxmanlaw.com\/es\/wp-json\/wp\/v2\/pages"}],"about":[{"href":"https:\/\/flaxmanlaw.com\/es\/wp-json\/wp\/v2\/types\/page"}],"author":[{"embeddable":true,"href":"https:\/\/flaxmanlaw.com\/es\/wp-json\/wp\/v2\/users\/2"}],"replies":[{"embeddable":true,"href":"https:\/\/flaxmanlaw.com\/es\/wp-json\/wp\/v2\/comments?post=21703"}],"version-history":[{"count":0,"href":"https:\/\/flaxmanlaw.com\/es\/wp-json\/wp\/v2\/pages\/21703\/revisions"}],"wp:attachment":[{"href":"https:\/\/flaxmanlaw.com\/es\/wp-json\/wp\/v2\/media?parent=21703"}],"curies":[{"name":"wp","href":"https:\/\/api.w.org\/{rel}","templated":true}]}}