{"id":21704,"date":"2024-11-22T11:58:55","date_gmt":"2024-11-22T11:58:55","guid":{"rendered":"https:\/\/flaxmanlaw.wpenginepowered.com\/lesiones-personales-en-north-miami\/"},"modified":"2024-11-22T11:58:55","modified_gmt":"2024-11-22T11:58:55","slug":"lesiones-personales-en-north-miami","status":"publish","type":"page","link":"https:\/\/flaxmanlaw.com\/es\/lesiones-personales-en-north-miami\/","title":{"rendered":"Lesiones personales en North Miami"},"content":{"rendered":"<h1>Lesiones personales en North Miami<\/h1>\n<div class=\"description\">\n<p>North Miami es una comunidad de Florida, situada cerca de Miami, en el condado de Miami-Dade. North Miami alberga el campus de North Miami de la Universidad Johnson &amp; Wales, el campus de Biscayne Bay de la Universidad Internacional de Florida y muchos parques, entre ellos el famoso Parque Estatal del R\u00edo Oleta. Esta comunidad suburbana remonta su historia a 1856, cuando los soldados del ej\u00e9rcito de los Estados Unidos crearon un sendero hasta la zona. Sin embargo, no fue hasta el boom inmobiliario de Florida de la d\u00e9cada de 1920 cuando la zona conocida ahora como Miami Norte empez\u00f3 a poblarse de casas residenciales. Hoy, North Miami es conocido por el Museo de Arte Contempor\u00e1neo (MOCA) y Biscayne Landing, una zona de uso mixto con residencias, edificios comerciales y un parque medioambiental.<\/p>\n<p>El personal jur\u00eddico de servicios integrales del Grupo Legal Flaxman ha estado ayudando a North Miami y a las comunidades circundantes durante d\u00e9cadas. Si has sufrido lesiones graves en North Miami, necesitas un abogado calificado en lesiones personales en North Miami y el equipo legal del Grupo Legal Flaxman puede ser justo eso para ti. En el Grupo Legal Flaxman, siempre puedes contactar a alguien por tel\u00e9fono para hablar sobre tus lesiones y el equipo incluso se desplazar\u00e1 a tu casa, habitaci\u00f3n de hospital o lugar de trabajo en North Miami para hablar sobre tu caso. Tu consulta inicial gratuita y sin compromiso es una gran oportunidad para hablar de tu caso, hacer preguntas y obtener asesoramiento jur\u00eddico inicial.<\/p>\n<p>Las lesiones y los accidentes pueden ser un reto econ\u00f3mico, adem\u00e1s de devastadores. Si has sufrido una lesi\u00f3n o te has visto implicado en un accidente en North Miami, puedes enfrentarte a p\u00e9rdidas de ingresos, gastos m\u00e9dicos prohibitivos y otros costes a largo plazo. Puede que el seguro s\u00f3lo cubra algunos de estos gastos, lo que puede significar que a\u00fan tengas que gastar miles de d\u00f3lares en tu lesi\u00f3n. Necesitas un abogado de lesiones personales cualificado en North Miami. Un buen abogado de lesiones personales de North Miami puede ayudarte a entender tu caso, puede negociar con los proveedores de seguros y puede buscar agresivamente todos los recursos posibles que puedan ayudarte a recuperarte -f\u00edsica y econ\u00f3micamente- de tu lesi\u00f3n. El experimentado equipo legal del Grupo Legal Flaxman es compasivo y ya ha ayudado a miles de demandantes por lesiones personales en Florida. Deja que te ayudemos; ponte en contacto con nosotros para una consulta gratuita y sin compromiso para hablar de tu caso de lesiones personales en North Miami.<\/p>\n<p>North Miami est\u00e1 a s\u00f3lo veinte minutos manejando de las oficinas en Miami del Grupo Legal Flaxman. Para llegar a nuestras oficinas desde North Miami, conduce hacia el oeste por NE 125th St y gira a la izquierda hacia I-95 S. Toma la salida 3A e incorp\u00f3rate a FL-836 W. Toma una salida hacia FL-959 S\/NW 57th Ave\/N Red Rd y gira hacia Blue Lagoon Dr. Las oficinas del Grupo Legal Flaxman est\u00e1n en 6303 Blue Lagoon Dr., en la suite 400.<\/p>\n<\/div>\n","protected":false},"excerpt":{"rendered":"<p>Lesiones personales en North Miami North Miami es una comunidad de &#8230; <\/p>\n","protected":false},"author":2,"featured_media":0,"parent":0,"menu_order":0,"comment_status":"closed","ping_status":"closed","template":"template-practice-areas.php","meta":{"footnotes":""},"class_list":["post-21704","page","type-page","status-publish","hentry"],"featured_image_src":null,"featured_image_src_square":null,"_links":{"self":[{"href":"https:\/\/flaxmanlaw.com\/es\/wp-json\/wp\/v2\/pages\/21704","targetHints":{"allow":["GET"]}}],"collection":[{"href":"https:\/\/flaxmanlaw.com\/es\/wp-json\/wp\/v2\/pages"}],"about":[{"href":"https:\/\/flaxmanlaw.com\/es\/wp-json\/wp\/v2\/types\/page"}],"author":[{"embeddable":true,"href":"https:\/\/flaxmanlaw.com\/es\/wp-json\/wp\/v2\/users\/2"}],"replies":[{"embeddable":true,"href":"https:\/\/flaxmanlaw.com\/es\/wp-json\/wp\/v2\/comments?post=21704"}],"version-history":[{"count":0,"href":"https:\/\/flaxmanlaw.com\/es\/wp-json\/wp\/v2\/pages\/21704\/revisions"}],"wp:attachment":[{"href":"https:\/\/flaxmanlaw.com\/es\/wp-json\/wp\/v2\/media?parent=21704"}],"curies":[{"name":"wp","href":"https:\/\/api.w.org\/{rel}","templated":true}]}}