{"id":21705,"date":"2024-11-22T12:02:05","date_gmt":"2024-11-22T12:02:05","guid":{"rendered":"https:\/\/flaxmanlaw.wpenginepowered.com\/lesiones-personales-en-virginia-gardens\/"},"modified":"2025-02-05T14:26:19","modified_gmt":"2025-02-05T14:26:19","slug":"lesiones-personales-en-virginia-gardens","status":"publish","type":"page","link":"https:\/\/flaxmanlaw.com\/es\/lesiones-personales-en-virginia-gardens\/","title":{"rendered":"Lesiones personales en Virginia Gardens"},"content":{"rendered":"<h2>Lesiones personales en Virginia Gardens<\/h2>\n<div class=\"description\">\n<p>Virginia Gardens, Florida, una comunidad situada en el condado de Miami-Dade, Florida, est\u00e1 impregnada de una historia ecuestre. En 1947, la cercana comunidad de Miami Springs decidi\u00f3 prohibir los caballos en su ciudad. En respuesta, unos 50 entusiastas de los caballos decidieron formar su propia comunidad, que se llam\u00f3 Virginia Gardens porque muchos de los 50 fundadores originales de la comunidad eran ricos terratenientes de Virginia. Hoy en d\u00eda, Virginia Gardens sigue siendo conocida por sus espacios verdes (creados originalmente para que los jinetes pudieran disfrutar de sus paseos) y por su hermoso clima.<\/p>\n<p>Por desgracia, si has sufrido <a href=\"https:\/\/flaxmanlaw.com\/lawyer-attorney-1121037.html\">lesiones personales<\/a> en Virginia Gardens, la belleza natural y el clima agradable pueden ser lo m\u00e1s alejado de tu mente. Tanto si has tenido un <a href=\"https:\/\/flaxmanlaw.com\/lawyer-attorney-1119800.html\">accidente de coche<\/a>, como si te has accidentado en un paseo por un sendero o has sufrido lesiones personales de alg\u00fan otro modo, te conviene ponerte en contacto inmediatamente con un abogado cualificado especializado en lesiones personales de Virginia Gardens. No hacerlo puede dejarte con enormes facturas m\u00e9dicas, p\u00e9rdida de ingresos y otros gastos que cubrir, de tu propio bolsillo. Llama al Grupo Legal Flaxman. El experimentado equipo jur\u00eddico del Grupo Legal Flaxman puede guiarte y asesorarte para que no renuncies a tus derechos.<\/p>\n<p>El experimentado equipo jur\u00eddico del <a href=\"https:\/\/flaxmanlaw.com\/lawyer-attorney-1118466.html\">Grupo Legal Flaxman<\/a> ha ayudado a miles de pacientes de lesiones personales en Florida y cuenta con la experiencia para ayudarte. Desde experiencia en seguros hasta experiencia en juicios, el equipo legal del Grupo Legal Flaxman cuenta con la capacitaci\u00f3n y experiencia que pueden hacer la diferencia en tu caso. Por ejemplo, el abogado Charles Flaxman, del Grupo Legal Flaxman, trabaj\u00f3 durante diez a\u00f1os en el sector de los seguros antes de convertirse en un abogado consumado. \u00bfNo ser\u00eda \u00fatil contar con alguien que conozca el sector de los seguros desde dentro cuando llegue el momento de negociar con tu aseguradora?<\/p>\n<p>El equipo jur\u00eddico del Grupo Legal Flaxman tiene d\u00e9cadas de experiencia en muchas \u00e1reas de pr\u00e1ctica. Como firma de servicios integrales, el Grupo Legal Flaxman puede ayudarte en cada paso de tu caso de lesiones personales en Virginia Gardens. Ya sea que necesites dar sentido a tus documentos del seguro, necesites un abogado litigante para presentar una demanda legal, necesites que alguien te explique tus opciones, o necesites asistencia inmediata despu\u00e9s de tu accidente, el Grupo Legal Flaxman puede ayudarte.<\/p>\n<p>Virginia Gardens, Florida, se encuentra a s\u00f3lo diez minutos de las oficinas del Grupo Legal Flaxman en Miami. Para visitar las oficinas desde Virginia Gardens, conduce hacia el sur por la NW 65th Avenue y gira a la derecha en la NW 38th Terrace. Gira a la izquierda en NW 66th Avenue y luego a la derecha en FL-948 W\/NW 36th Street. Toma la rampa hacia FL-826 S y luego toma la salida FL-836 W hacia la autopista de peaje. Mantente a la izquierda, siguiendo las se\u00f1ales hacia FL-836 E\/Airport Miami. Incorp\u00f3rate a FL-836 E y sal a FL-959 S\/NW 57th Avenue\/N Red Road. Gira a la derecha en Blue Lagoon Drive. Las oficinas del Grupo Legal Flaxman est\u00e1n a la derecha, en el 6303 de Blue Lagoon Drive.<\/p>\n<\/div>\n","protected":false},"excerpt":{"rendered":"<p>Lesiones personales en Virginia Gardens Virginia Gardens, Florida, una comunidad situada &#8230; <\/p>\n","protected":false},"author":2,"featured_media":0,"parent":0,"menu_order":0,"comment_status":"closed","ping_status":"closed","template":"template-practice-areas.php","meta":{"footnotes":""},"class_list":["post-21705","page","type-page","status-publish","hentry"],"featured_image_src":null,"featured_image_src_square":null,"_links":{"self":[{"href":"https:\/\/flaxmanlaw.com\/es\/wp-json\/wp\/v2\/pages\/21705","targetHints":{"allow":["GET"]}}],"collection":[{"href":"https:\/\/flaxmanlaw.com\/es\/wp-json\/wp\/v2\/pages"}],"about":[{"href":"https:\/\/flaxmanlaw.com\/es\/wp-json\/wp\/v2\/types\/page"}],"author":[{"embeddable":true,"href":"https:\/\/flaxmanlaw.com\/es\/wp-json\/wp\/v2\/users\/2"}],"replies":[{"embeddable":true,"href":"https:\/\/flaxmanlaw.com\/es\/wp-json\/wp\/v2\/comments?post=21705"}],"version-history":[{"count":0,"href":"https:\/\/flaxmanlaw.com\/es\/wp-json\/wp\/v2\/pages\/21705\/revisions"}],"wp:attachment":[{"href":"https:\/\/flaxmanlaw.com\/es\/wp-json\/wp\/v2\/media?parent=21705"}],"curies":[{"name":"wp","href":"https:\/\/api.w.org\/{rel}","templated":true}]}}