{"id":21706,"date":"2024-11-22T11:59:14","date_gmt":"2024-11-22T11:59:14","guid":{"rendered":"https:\/\/flaxmanlaw.wpenginepowered.com\/lesiones-personales-en-north-miami-beach\/"},"modified":"2024-11-22T11:59:14","modified_gmt":"2024-11-22T11:59:14","slug":"lesiones-personales-en-north-miami-beach","status":"publish","type":"page","link":"https:\/\/flaxmanlaw.com\/es\/lesiones-personales-en-north-miami-beach\/","title":{"rendered":"Lesiones personales en North Miami Beach"},"content":{"rendered":"<h1>Lesiones personales en North Miami Beach<\/h1>\n<div class=\"description\">\n<p>North Miami Beach, situada en el condado de Miami-Dade, en Florida, es conocida por su diversidad \u00e9tnica. Los habitantes de la ciudad hablan espa\u00f1ol, franc\u00e9s, chino, portugu\u00e9s, hebreo, ruso, yiddish, italiano y otras lenguas adem\u00e1s del ingl\u00e9s. North Miami Beach tambi\u00e9n es conocida como la ciudad estadounidense con el cuarto porcentaje m\u00e1s alto de haitiano-americanos. Esta diversidad confiere a la comunidad un rico patrimonio, as\u00ed como una amplia gama de comercios y restaurantes. Los residentes y visitantes de la zona pueden disfrutar de muchas atracciones en la zona, como el Parque Haulover, la Playa Haulover, un Marcador de Hito Hist\u00f3rico del Estado de Florida y una flota pesquera de barcos ch\u00e1rter.<\/p>\n<p>Aunque North Miami Beach tiene mucho que ofrecer, el Grupo Legal Flaxman tambi\u00e9n ha trabajado con muchos pacientes en el \u00e1rea que han sufrido <a href=\"https:\/\/flaxmanlaw.com\/lawyer-attorney-1121037.html\">lesiones graves<\/a> como resultado de accidentes automovil\u00edsticos, accidentes en albercas y otros tipos de accidentes en North Miami Beach. Como la zona tiene muchas v\u00edas navegables, los accidentes de barco en North Miami Beach tambi\u00e9n son motivo de preocupaci\u00f3n. El objetivo del Grupo Legal Flaxman ha sido ayudar a los pacientes a recuperarse de estos accidentes y lesiones para que lleven una vida lo m\u00e1s plena posible tras sus lesiones.<\/p>\n<p>Habiendo trabajado exitosamente con miles de v\u00edctimas de lesiones personales en Florida del Sur, el equipo del Grupo Legal Flaxman comprende que gran parte de la recuperaci\u00f3n tiene que ver con las finanzas. Por desgracia, las finanzas suelen decidir la calidad de la atenci\u00f3n m\u00e9dica de que puede disfrutar una v\u00edctima, y pueden ayudar a garantizar que \u00e9sta pueda centrarse en curarse y no en la angustia econ\u00f3mica. Cuando la v\u00edctima tiene los recursos financieros para pagar la mejor atenci\u00f3n m\u00e9dica, recuperarse lentamente sin verse obligada a volver al trabajo, y para pagar los gastos m\u00e9dicos adicionales no cubiertos por el seguro m\u00e9dico, esa v\u00edctima tiene m\u00e1s posibilidades de recuperarse. <a href=\"https:\/\/flaxmanlaw.com\/\">El Grupo Legal Flaxman<\/a> se dedica a garantizar que las v\u00edctimas de lesiones personales de North Miami Beach obtengan la mejor compensaci\u00f3n posible, para que puedan recibir los mejores cuidados y disfrutar de un futuro y una recuperaci\u00f3n m\u00e1s brillantes.<\/p>\n<p><a href=\"https:\/\/flaxmanlaw.com\/\">El Grupo Legal Flaxman<\/a> se dedica a ayudarte a obtener la compensaci\u00f3n econ\u00f3mica a la que puedas tener derecho seg\u00fan la ley. La ley de Florida permite reclamar judicialmente en los casos en que una lesi\u00f3n haya sido causada por la negligencia o imprudencia de alguien. En muchos casos, las v\u00edctimas pueden recuperar los ingresos perdidos, los gastos m\u00e9dicos, la asistencia m\u00e9dica a largo plazo, los gastos de transporte a los servicios necesarios, el dolor y el sufrimiento, y muchos otros gastos relacionados.<\/p>\n<p>Si has resultado lesionado y no sabes qu\u00e9 hacer o a d\u00f3nde acudir, tal vez desees recurrir al Grupo Legal Flaxman. El <a href=\"https:\/\/flaxmanlaw.com\/\">Grupo Legal Flaxman<\/a> es una firma de servicios integrales, y puede encargarse de todos los detalles de tu caso, desde tu consulta inicial hasta tu recuperaci\u00f3n final. En cada paso del camino, el equipo jur\u00eddico del Grupo Legal Flaxman se compromete a proporcionarte el mejor servicio y la mejor atenci\u00f3n posibles.<\/p>\n<p><a href=\"https:\/\/flaxmanlaw.com\/\">El Grupo Legal Flaxman<\/a> es un bufete de servicios integrales. El equipo legal se encarga de todos los detalles de tu caso y demanda, para que puedas concentrarte en tu familia y en el proceso de curaci\u00f3n. <a href=\"https:\/\/flaxmanlaw.com\/lawyer-attorney-1118456.html\">Contacta<\/a> hoy mismo con el Grupo Legal Flaxman para averiguar lo que la firma legal puede hacer por ti. Concierta una consulta inicial gratuita en nuestras oficinas de Hollywood, Homestead o Miami. Si tus lesiones no te permiten viajar, el Grupo Legal Flaxman tambi\u00e9n puede reunirse contigo para tu consulta en tu casa, lugar de trabajo o habitaci\u00f3n de hospital.<\/p>\n<\/div>\n","protected":false},"excerpt":{"rendered":"<p>Lesiones personales en North Miami Beach North Miami Beach, situada en &#8230; <\/p>\n","protected":false},"author":2,"featured_media":0,"parent":0,"menu_order":0,"comment_status":"closed","ping_status":"closed","template":"template-practice-areas.php","meta":{"footnotes":""},"class_list":["post-21706","page","type-page","status-publish","hentry"],"featured_image_src":null,"featured_image_src_square":null,"_links":{"self":[{"href":"https:\/\/flaxmanlaw.com\/es\/wp-json\/wp\/v2\/pages\/21706","targetHints":{"allow":["GET"]}}],"collection":[{"href":"https:\/\/flaxmanlaw.com\/es\/wp-json\/wp\/v2\/pages"}],"about":[{"href":"https:\/\/flaxmanlaw.com\/es\/wp-json\/wp\/v2\/types\/page"}],"author":[{"embeddable":true,"href":"https:\/\/flaxmanlaw.com\/es\/wp-json\/wp\/v2\/users\/2"}],"replies":[{"embeddable":true,"href":"https:\/\/flaxmanlaw.com\/es\/wp-json\/wp\/v2\/comments?post=21706"}],"version-history":[{"count":0,"href":"https:\/\/flaxmanlaw.com\/es\/wp-json\/wp\/v2\/pages\/21706\/revisions"}],"wp:attachment":[{"href":"https:\/\/flaxmanlaw.com\/es\/wp-json\/wp\/v2\/media?parent=21706"}],"curies":[{"name":"wp","href":"https:\/\/api.w.org\/{rel}","templated":true}]}}