{"id":21707,"date":"2024-11-22T12:02:22","date_gmt":"2024-11-22T12:02:22","guid":{"rendered":"https:\/\/flaxmanlaw.wpenginepowered.com\/lesiones-personales-en-west-miami\/"},"modified":"2025-02-05T14:21:10","modified_gmt":"2025-02-05T14:21:10","slug":"lesiones-personales-en-west-miami","status":"publish","type":"page","link":"https:\/\/flaxmanlaw.com\/es\/lesiones-personales-en-west-miami\/","title":{"rendered":"Lesiones personales en West Miami"},"content":{"rendered":"<h2>Lesiones personales en West Miami<\/h2>\n<div class=\"description\">\n<p>La peque\u00f1a pero hermosa ciudad de West Miami est\u00e1 situada en el condado de Miami-Dade, Florida, cerca de Coral Way y Tamiami Trail. La ciudad tiene una historia \u00fanica y colorida. West Miami se fund\u00f3 en 1947, cuando cuatro hombres de negocios crearon su propia ciudad para librarse de las nuevas leyes que limitaban el juego y la bebida. Tras la II Guerra Mundial, la ciudad empez\u00f3 a crecer cuando se concedieron terrenos gratuitos en la zona a los militares que regresaron. Hoy, West Miami es conocida como una ciudad diversa y pr\u00f3spera, llena de empresas y familias. Muchos espacios verdes y calles arboladas embellecen la comunidad.<\/p>\n<p>Sin embargo, cada a\u00f1o, miles de residentes y visitantes de West Miami sufren graves lesiones personales en <a href=\"https:\/\/flaxmanlaw.com\/lawyer-attorney-1119800.html\">accidentes de tr\u00e1fico<\/a>, <a href=\"https:\/\/flaxmanlaw.com\/lawyer-attorney-1121043.html\">accidentes por resbalones y ca\u00eddas<\/a> y otros incidentes. Para estas v\u00edctimas de lesiones personales de West Miami, a menudo existe una preocupaci\u00f3n y un miedo considerables. Pueden sufrir lesiones permanentes, p\u00e9rdida de ingresos, un cambio de vida, elevadas facturas m\u00e9dicas y otras graves consecuencias.<\/p>\n<p>El equipo legal del <a href=\"https:\/\/flaxmanlaw.com\/lawyer-attorney-1118466.html\">Grupo Legal Flaxman<\/a> se enorgullece de servir a West Miami y \u00e1reas circundantes. Si has sufrido lesiones personales graves en West Miami, contacta inmediatamente al Grupo Legal Flaxman. Podemos programar una <a href=\"https:\/\/flaxmanlaw.com\/lawyer-attorney-1118456.html\">consulta gratuita y sin compromiso<\/a> para que puedas obtener respuestas de inmediato. El equipo jur\u00eddico del Grupo Legal Flaxman tambi\u00e9n est\u00e1 siempre disponible por tel\u00e9fono y puede ofrecer asistencia inmediata por tel\u00e9fono.<\/p>\n<p>El equipo legal del Grupo Legal Flaxman cuenta con d\u00e9cadas de experiencia en casos de lesiones personales en West Miami, casos de accidentes automovil\u00edsticos y muchas otras \u00e1reas de pr\u00e1ctica. Hemos ayudado con \u00e9xito a miles de v\u00edctimas de lesiones personales en Florida y el oeste de Miami a resarcirse de sus lesiones para que puedan pagar sus facturas m\u00e9dicas y sus gastos de manutenci\u00f3n. El equipo legal del Grupo Legal Flaxman tiene experiencia en juicios, en negociaciones con compa\u00f1\u00edas de seguros y en casos de lesiones personales. Cuando llamas al Grupo Legal Flaxman, esta experiencia se pone a trabajar para ti. Las compa\u00f1\u00edas de seguros y los hospitales tienen de su lado a equipos de abogados altamente formados y con \u00e9xito, \u00bfy t\u00fa no deber\u00edas?<\/p>\n<p>La verdad es que, si has sufrido una lesi\u00f3n personal en West Miami, necesitas asesoramiento jur\u00eddico, ayuda para entender los documentos y ayuda para comprender todas tus opciones legales. Un abogado cualificado en lesiones personales en West Miami del Grupo Legal Flaxman puede ayudarte en estas \u00e1reas de tu caso e incluso puede representarte ante un tribunal si decides presentar una demanda. Un abogado cualificado del Grupo Legal Flaxman puede ayudarte a garantizar que no acabes pagando m\u00e1s de lo necesario por tus lesiones.<\/p>\n<p>West Miami, Florida, est\u00e1 a menos de diez minutos de las oficinas del Grupo Legal Flaxman. Para llegar a las oficinas del Grupo Legal Flaxman en Miami desde West Miami, conduce hacia el este por la Calle 14 SW y gira a la izquierda en la Avenida 62 SW. Gira a la derecha en SW 8th Street y a la izquierda en FL-959 N\/SW 57th Avenue\/S Red Road. Gira a la izquierda en Blue Lagoon Drive. Las oficinas del Grupo Legal Flaxman estar\u00e1n a la derecha, en el 6303 de Blue Lagoon Drive.<\/p>\n<\/div>\n","protected":false},"excerpt":{"rendered":"<p>Lesiones personales en West Miami La peque\u00f1a pero hermosa ciudad de &#8230; <\/p>\n","protected":false},"author":2,"featured_media":0,"parent":0,"menu_order":0,"comment_status":"closed","ping_status":"closed","template":"template-practice-areas.php","meta":{"footnotes":""},"class_list":["post-21707","page","type-page","status-publish","hentry"],"featured_image_src":null,"featured_image_src_square":null,"_links":{"self":[{"href":"https:\/\/flaxmanlaw.com\/es\/wp-json\/wp\/v2\/pages\/21707","targetHints":{"allow":["GET"]}}],"collection":[{"href":"https:\/\/flaxmanlaw.com\/es\/wp-json\/wp\/v2\/pages"}],"about":[{"href":"https:\/\/flaxmanlaw.com\/es\/wp-json\/wp\/v2\/types\/page"}],"author":[{"embeddable":true,"href":"https:\/\/flaxmanlaw.com\/es\/wp-json\/wp\/v2\/users\/2"}],"replies":[{"embeddable":true,"href":"https:\/\/flaxmanlaw.com\/es\/wp-json\/wp\/v2\/comments?post=21707"}],"version-history":[{"count":0,"href":"https:\/\/flaxmanlaw.com\/es\/wp-json\/wp\/v2\/pages\/21707\/revisions"}],"wp:attachment":[{"href":"https:\/\/flaxmanlaw.com\/es\/wp-json\/wp\/v2\/media?parent=21707"}],"curies":[{"name":"wp","href":"https:\/\/api.w.org\/{rel}","templated":true}]}}