{"id":21708,"date":"2024-11-22T11:59:32","date_gmt":"2024-11-22T11:59:32","guid":{"rendered":"https:\/\/flaxmanlaw.wpenginepowered.com\/lesiones-personales-opa-locka\/"},"modified":"2025-02-05T11:39:21","modified_gmt":"2025-02-05T11:39:21","slug":"lesiones-personales-opa-locka","status":"publish","type":"page","link":"https:\/\/flaxmanlaw.com\/es\/lesiones-personales-opa-locka\/","title":{"rendered":"Lesiones Personales Opa-Locka"},"content":{"rendered":"<h2>Lesiones Personales Opa-Locka<\/h2>\n<div class=\"description\">\n<p>Opa-locka, Florida, es una comunidad planificada basada en el tema de las Noches \u00c1rabes. Esta singular comunidad del condado de Miami-Dade tiene nombres de calles inusuales acordes con su tem\u00e1tica: nombres como Ali Baba Avenue y Sultan Avenue. Tambi\u00e9n en consonancia con el tema, en Opa-locka abunda la arquitectura del Renacimiento Morisco. De hecho, posee la mayor colecci\u00f3n de este tipo de arquitectura de todo el hemisferio occidental. La comunidad fue dise\u00f1ada y desarrollada por el aviador Glenn Curtiss y el nombre de la ciudad se basa en palabras de los nativos americanos que significan \u00abLa tierra alta al norte del peque\u00f1o r\u00edo en la que hay un lugar para acampar\u00bb.<\/p>\n<p>Aunque Opa-locka pueda tener un tema m\u00e1gico, no hay nada m\u00e1gico en los casos de lesiones personales de Opa-locka. Cada a\u00f1o, <a href=\"https:\/\/flaxmanlaw.com\/lawyer-attorney-1121037.html\">los casos de lesiones personales<\/a> en Opa-locka cuestan a las v\u00edctimas millones en p\u00e9rdida de ingresos, da\u00f1os materiales y elevadas facturas m\u00e9dicas. Si has sufrido lesiones personales, necesitas un abogado cualificado -como un abogado del Grupo Legal Flaxman- a tu lado. Sin un abogado cualificado en lesiones personales de Opa-locka a tu lado, puedes acabar pagando la mayor\u00eda de los gastos de tu bolsillo y puedes acabar renunciando a tus derechos.<\/p>\n<p>No dejes que esto te suceda. <a href=\"https:\/\/flaxmanlaw.com\/lawyer-attorney-1118456.html\">Contacta<\/a> hoy mismo al Grupo Legal Flaxman para recibir una consulta gratuita y sin compromiso para hablar sobre tu caso de lesiones personales en Opa-locka. El compasivo y experimentado equipo legal del Grupo Legal Flaxman ha ayudado con \u00e9xito a miles de supervivientes a recuperarse de sus lesiones. Ya sea que te hayas visto involucrado en un <a href=\"https:\/\/flaxmanlaw.com\/lawyer-attorney-1119800.html\">accidente automovil\u00edstico<\/a> en Opa-locka, en un <a href=\"https:\/\/flaxmanlaw.com\/lawyer-attorney-1121035.html\">accidente peatonal<\/a>, o que hayas sufrido una lesi\u00f3n de alguna otra manera, el equipo jur\u00eddico del Grupo Legal Flaxman cuenta con la experiencia para ofrecerte una asesor\u00eda legal s\u00f3lida y puede ayudarte a comprender tus opciones. El equipo jur\u00eddico del Grupo Legal Flaxman cuenta con una amplia experiencia en casos de accidentes automovil\u00edsticos en Florida, casos de <a href=\"https:\/\/flaxmanlaw.com\/lawyer-attorney-1457742.html\">accidentes de cami\u00f3n<\/a>, casos de <a href=\"https:\/\/flaxmanlaw.com\/lawyer-attorney-1457779.html\">lesiones en piscinas<\/a> y muchas otras \u00e1reas de pr\u00e1ctica.<\/p>\n<p>Opa-locka, Florida, est\u00e1 a s\u00f3lo 15 minutos manejando de las oficinas del Grupo Legal Flaxman en Hollywood. Para llegar al Grupo Legal Flaxman, conduce hacia el sureste por la avenida Bahman y gira a la izquierda en la avenida Ali Baba. Gira a la derecha en NW 22nd Avenue y gira a la izquierda en FL-9 N. Toma la rampa hacia las Playas (la rampa FL-826 E) y sigue las se\u00f1ales hacia I-95 N\/US-441 N. Mantente a la derecha y contin\u00faa hasta FL-7 N\/US-441 N. Incorp\u00f3rate a FL-7 N\/US-441 N. Gira a la derecha en Johnson Street. Las oficinas del Grupo Legal Flaxman estar\u00e1n a la izquierda, en el 5715 de la calle Johnson.<\/p>\n<\/div>\n","protected":false},"excerpt":{"rendered":"<p>Lesiones Personales Opa-Locka Opa-locka, Florida, es una comunidad planificada basada en &#8230; <\/p>\n","protected":false},"author":2,"featured_media":0,"parent":0,"menu_order":0,"comment_status":"closed","ping_status":"closed","template":"template-practice-areas.php","meta":{"footnotes":""},"class_list":["post-21708","page","type-page","status-publish","hentry"],"featured_image_src":null,"featured_image_src_square":null,"_links":{"self":[{"href":"https:\/\/flaxmanlaw.com\/es\/wp-json\/wp\/v2\/pages\/21708","targetHints":{"allow":["GET"]}}],"collection":[{"href":"https:\/\/flaxmanlaw.com\/es\/wp-json\/wp\/v2\/pages"}],"about":[{"href":"https:\/\/flaxmanlaw.com\/es\/wp-json\/wp\/v2\/types\/page"}],"author":[{"embeddable":true,"href":"https:\/\/flaxmanlaw.com\/es\/wp-json\/wp\/v2\/users\/2"}],"replies":[{"embeddable":true,"href":"https:\/\/flaxmanlaw.com\/es\/wp-json\/wp\/v2\/comments?post=21708"}],"version-history":[{"count":0,"href":"https:\/\/flaxmanlaw.com\/es\/wp-json\/wp\/v2\/pages\/21708\/revisions"}],"wp:attachment":[{"href":"https:\/\/flaxmanlaw.com\/es\/wp-json\/wp\/v2\/media?parent=21708"}],"curies":[{"name":"wp","href":"https:\/\/api.w.org\/{rel}","templated":true}]}}