{"id":21709,"date":"2024-11-18T12:45:24","date_gmt":"2024-11-18T12:45:24","guid":{"rendered":"https:\/\/flaxmanlaw.wpenginepowered.com\/conseguir-pruebas-para-reclamaciones-de-responsabilidad-y-danos-abogados-de-lesiones-personales-en-hollywood\/"},"modified":"2024-11-18T12:45:24","modified_gmt":"2024-11-18T12:45:24","slug":"conseguir-pruebas-para-reclamaciones-de-responsabilidad-y-danos-abogados-de-lesiones-personales-en-hollywood","status":"publish","type":"page","link":"https:\/\/flaxmanlaw.com\/es\/conseguir-pruebas-para-reclamaciones-de-responsabilidad-y-danos-abogados-de-lesiones-personales-en-hollywood\/","title":{"rendered":"Conseguir Pruebas para Reclamaciones de Responsabilidad y Da\u00f1os | Abogados de Lesiones Personales en Hollywood"},"content":{"rendered":"<div class=\"bodytext\">\n<h2>Conseguir pruebas para las reclamaciones por responsabilidad civil y da\u00f1os y perjuicios<\/h1><\/h2>\n<div class=\"description\"> <strong class=\"heading4\">  Actuar con rapidez es clave para preservar pruebas cr\u00edticas y conseguir testigos para tu caso  <\/strong><\/p>\n<p>El periodo inmediatamente posterior a un incidente puede ser crucial para reunir y salvaguardar pruebas de los hechos ocurridos, as\u00ed como para documentar tus lesiones para futuras reclamaciones. Como defensores de tus derechos legales, el Grupo Legal Flaxman enfatiza la importancia de dar los pasos necesarios con prontitud si te encuentras involucrado en un accidente. <\/p>\n<p><strong class=\"heading4\">  Vuelve a visitar el lugar del accidente  <\/strong><\/p>\n<p>Si el accidente ocurri\u00f3 en un lugar distinto al de tu residencia, es esencial que vuelvas a ese lugar en cuanto sea factible. Busca a prop\u00f3sito y captura con fotograf\u00edas cualquier condici\u00f3n que haya contribuido al suceso. Sorprendentemente, podr\u00edas descubrir pruebas pasadas por alto que aclaren la din\u00e1mica del accidente, como una se\u00f1al de tr\u00e1fico defectuosa o una superficie irregular con la que tropezaste. Durante esta visita de vuelta, tambi\u00e9n podr\u00edas encontrar testigos presenciales que tengan detalles cruciales sobre el accidente o informaci\u00f3n sobre incidentes similares ocurridos en ese lugar.   <\/p>\n<p>Las pruebas fotogr\u00e1ficas son poderosas; por tanto, haz varias fotos desde distintas perspectivas, sobre todo como se ve\u00edan inmediatamente antes del accidente. Esto ayuda a reconstruir la escena v\u00edvidamente. Capta im\u00e1genes a la misma hora del d\u00eda -o, en el caso de accidentes relacionados con veh\u00edculos, el mismo d\u00eda de la semana- para que coincidan con las condiciones del tr\u00e1fico cuando se produjo el incidente.  <\/p>\n<p><strong class=\"heading4\">  Preserva todas las pruebas f\u00edsicas  <\/strong><\/p>\n<p>La determinaci\u00f3n de la culpa puede pivotar a menudo sobre pruebas \u00abf\u00edsicas\u00bb: elementos tangibles en lugar de descripciones narrativas. Algunos ejemplos son el mal funcionamiento de un sem\u00e1foro, se\u00f1ales de impacto en los veh\u00edculos u obst\u00e1culos que impidan la visibilidad. Este tipo de pruebas no s\u00f3lo establecen la culpa, sino tambi\u00e9n la gravedad de la colisi\u00f3n a trav\u00e9s de los da\u00f1os materiales y el impacto que se observa en los efectos personales, como la ropa hecha jirones o manchada. Siempre que sea posible, conserva estos objetos en su estado posterior al accidente, o haz fotos detalladas a modo de registro.   <\/p>\n<p><strong class=\"heading4\">  Consejos para una prueba fotogr\u00e1fica eficaz  <\/strong><\/p>\n<p>Ten en cuenta estas pautas para capturar pruebas fotogr\u00e1ficas informativas y convincentes:<\/p>\n<ul>\n<li>Opta por fotos de alta calidad en lugar de Polaroids por su mayor detalle y precisi\u00f3n.<\/li>\n<li>Haz fotos desde varios \u00e1ngulos para asegurarte de tener una selecci\u00f3n que represente mejor los aspectos cruciales del incidente.<\/li>\n<li>Act\u00faa con rapidez para fotografiar las pruebas antes de que se produzca cualquier alteraci\u00f3n, preservando las condiciones posteriores al accidente.<\/li>\n<li>Haz que un testigo te observe mientras haces las fotos y anote la fecha, o haz que el laboratorio fotogr\u00e1fico feche las fotos reveladas para verificar cu\u00e1ndo se hicieron.<\/li>\n<\/ul>\n<p><strong class=\"heading4\">  Busca testigos y habla con ellos  <\/strong><\/p>\n<p>Los relatos de testigos presenciales pueden ser muy valiosos. Su descripci\u00f3n podr\u00eda corroborar tu relato y apoyar tu caso ante una compa\u00f1\u00eda de seguros. Tambi\u00e9n pueden aportar datos que demuestren la culpabilidad de otra parte implicada en el accidente. Incluso quienes no presenciaron directamente el suceso pueden ofrecer testimonio sobre tu estado inmediatamente posterior a la lesi\u00f3n o recordar declaraciones relevantes hechas en el lugar de los hechos.   <\/p>\n<p>Sin embargo, la cooperaci\u00f3n de los testigos es urgente. Sus recuerdos se deterioran r\u00e1pidamente con el tiempo, por lo que es imperativo comprometer y documentar sus relatos con rapidez. <\/p>\n<p><strong class=\"heading4\">  Documentar tus lesiones  <\/strong><\/p>\n<p>La forma m\u00e1s eficaz de preservar las pruebas de las lesiones es mediante la denuncia inmediata a un profesional m\u00e9dico. Adem\u00e1s, fotografiar las lesiones f\u00edsicas visibles sustenta tus reclamaciones, evidenciando el verdadero alcance de tus lesiones. <\/p>\n<p>Los historiales m\u00e9dicos tangibles y las fotograf\u00edas corroboran tus lesiones declaradas, aumentando la credibilidad ante las compa\u00f1\u00edas de seguros. El retraso en la atenci\u00f3n m\u00e9dica o la falta de documentaci\u00f3n visual pueden socavar la percepci\u00f3n de la gravedad de tus lesiones, provocando escepticismo sobre la autenticidad o magnitud de tus reclamaciones. <\/p>\n<p>Para recibir asistencia en tu caso y proteger tus derechos, <a href=\"contacta con nosotros.html\">contacta al Grupo Legal Flaxman<\/a> al 954-987-0099. Ofrecemos una Consulta Gratuita sobre Accidentes para guiarle a trav\u00e9s de estos pasos cr\u00edticos posteriores al accidente y garantizar la s\u00f3lida conservaci\u00f3n de pruebas para su demanda. <\/p>\n<\/p><\/div>\n<\/p><\/div>\n","protected":false},"excerpt":{"rendered":"<p>Sin honorarios a menos que ganemos. Llama al 866-352-9626 para una &#8230; <\/p>\n","protected":false},"author":3,"featured_media":0,"parent":0,"menu_order":0,"comment_status":"closed","ping_status":"closed","template":"template-practice-areas.php","meta":{"footnotes":""},"class_list":["post-21709","page","type-page","status-publish","hentry"],"featured_image_src":null,"featured_image_src_square":null,"_links":{"self":[{"href":"https:\/\/flaxmanlaw.com\/es\/wp-json\/wp\/v2\/pages\/21709","targetHints":{"allow":["GET"]}}],"collection":[{"href":"https:\/\/flaxmanlaw.com\/es\/wp-json\/wp\/v2\/pages"}],"about":[{"href":"https:\/\/flaxmanlaw.com\/es\/wp-json\/wp\/v2\/types\/page"}],"author":[{"embeddable":true,"href":"https:\/\/flaxmanlaw.com\/es\/wp-json\/wp\/v2\/users\/3"}],"replies":[{"embeddable":true,"href":"https:\/\/flaxmanlaw.com\/es\/wp-json\/wp\/v2\/comments?post=21709"}],"version-history":[{"count":0,"href":"https:\/\/flaxmanlaw.com\/es\/wp-json\/wp\/v2\/pages\/21709\/revisions"}],"wp:attachment":[{"href":"https:\/\/flaxmanlaw.com\/es\/wp-json\/wp\/v2\/media?parent=21709"}],"curies":[{"name":"wp","href":"https:\/\/api.w.org\/{rel}","templated":true}]}}