{"id":21712,"date":"2024-11-18T12:45:24","date_gmt":"2024-11-18T12:45:24","guid":{"rendered":"https:\/\/flaxmanlaw.wpenginepowered.com\/escuela-nsl-publica-privada-universidades-etc-hollywood-florida-abogados-de-responsabilidad-de-premisas\/"},"modified":"2025-12-04T04:07:46","modified_gmt":"2025-12-04T04:07:46","slug":"escuela-nsl-publica-privada-universidades-etc-hollywood-florida-abogados-de-responsabilidad-de-premisas","status":"publish","type":"page","link":"https:\/\/flaxmanlaw.com\/es\/escuela-nsl-publica-privada-universidades-etc-hollywood-florida-abogados-de-responsabilidad-de-premisas\/","title":{"rendered":"Escuela NSL &#8211; P\u00fablica, Privada, Universidades, etc."},"content":{"rendered":"<div class=\"bodytext\">\n<h2>Escuela NSL &#8211; P\u00fablica, Privada, Universidades, etc.<\/h2>\n<div class=\"description\">\n<p>Es la peor pesadilla de todo padre: un tiroteo o un incidente de violencia escolar en el colegio de su hijo. Cuando los padres de Miami y de todo el sur de Florida env\u00edan a sus hijos al colegio cada d\u00eda, conf\u00edan en que los colegios y los consejos escolares tomen las medidas adecuadas para mantenerlos a salvo. Por desgracia, los casos de violencia escolar parecen aparecer en las noticias casi todos los meses. Las escuelas privadas, las p\u00fablicas y las universidades e institutos se han visto todos afectados. Cuando un ni\u00f1o resulta herido o muere por negligencia de una escuela, los padres y la familia del ni\u00f1o pueden interponer una demanda judicial contra la escuela para obtener una indemnizaci\u00f3n por los gastos m\u00e9dicos, los gastos funerarios finales y otros gastos relacionados con el incidente.<\/p>\n<p>Que un ni\u00f1o resulte herido o muera por violencia escolar u otro acto violento evitable es devastador. Adem\u00e1s de ser emocionalmente traumatizante, tambi\u00e9n deja a las familias devastadas econ\u00f3micamente. Los gastos m\u00e9dicos y de otro tipo pueden ser considerables. Interponer una demanda legal permite a las familias obtener una compensaci\u00f3n por estos gastos, pero tambi\u00e9n env\u00eda un mensaje claro a las escuelas de que es necesario hacer m\u00e1s para ayudar a salvaguardar a los ni\u00f1os en la escuela. El equipo jur\u00eddico del Grupo Legal Flaxman ha estado trabajando con padres afligidos y v\u00edctimas de <a href=\"lesiones-personales.html\">lesiones personales<\/a> en Miami y en todo Florida del Sur durante m\u00e1s de 25 a\u00f1os. Durante ese tiempo, el equipo jur\u00eddico del Grupo Legal Flaxman ha recuperado m\u00e1s de $25 millones de d\u00f3lares a favor de sus clientes. Para conocer m\u00e1s sobre sus derechos legales y obtener una opini\u00f3n sobre su caso, contacte al <a href=\"index.html\">Grupo Legal<\/a> Flaxman para una evaluaci\u00f3n gratuita de su caso.<\/p>\n<p><strong class=\"heading4\">Ejemplos de seguridad inadecuada en las escuelas<\/strong><\/p>\n<p>La seguridad inadecuada en las escuelas de Miami y alrededores puede adoptar muchas formas:<\/p>\n<ul type=\"disc\">\n<li style=\"list-style-type: none;\">\n<ul type=\"disc\">\n<li>Puertas abiertas y cerraduras rotas en las entradas<\/li>\n<\/ul>\n<\/li>\n<\/ul>\n<p>&nbsp;<\/p>\n<ul type=\"disc\">\n<li style=\"list-style-type: none;\">\n<ul type=\"disc\">\n<li>Falta de c\u00e1maras de seguridad, personal de seguridad y otras medidas de seguridad<\/li>\n<\/ul>\n<\/li>\n<\/ul>\n<p>&nbsp;<\/p>\n<ul type=\"disc\">\n<li style=\"list-style-type: none;\">\n<ul type=\"disc\">\n<li>Control inadecuado de los visitantes que entran y salen de la escuela<\/li>\n<\/ul>\n<\/li>\n<\/ul>\n<p>&nbsp;<\/p>\n<ul type=\"disc\">\n<li style=\"list-style-type: none;\">\n<ul type=\"disc\">\n<li>Respuesta inadecuada a los ni\u00f1os y alumnos con problemas<\/li>\n<\/ul>\n<\/li>\n<\/ul>\n<p>&nbsp;<\/p>\n<ul type=\"disc\">\n<li style=\"list-style-type: none;\">\n<ul type=\"disc\">\n<li>Respuestas inadecuadas a niveles crecientes de violencia o problemas. Mucho antes de que se produzca un caso de violencia en la escuela, suele haber muchas se\u00f1ales de advertencia, como signos de enfermedad mental, aumento de la agresividad, acoso escolar y otros s\u00edntomas. Cuando estos problemas no se tratan adecuadamente, a veces puede producirse violencia.<\/li>\n<\/ul>\n<\/li>\n<\/ul>\n<p>&nbsp;<\/p>\n<ul type=\"disc\">\n<li style=\"list-style-type: none;\">\n<ul type=\"disc\">\n<li>No alertar a los alumnos y a sus padres sobre posibles riesgos para la seguridad. Si un alumno ha proferido amenazas o ha realizado otras acciones que puedan interpretarse como un posible precursor de la violencia, los centros escolares tienen la obligaci\u00f3n de responder adecuadamente. A menudo, eso significa alertar a los alumnos y a sus padres sobre el riesgo potencial.<\/li>\n<\/ul>\n<\/li>\n<\/ul>\n<p>&nbsp;<\/p>\n<ul type=\"disc\">\n<li style=\"list-style-type: none;\">\n<ul type=\"disc\">\n<li>Control inadecuado de los trabajadores y empleados de la escuela<\/li>\n<\/ul>\n<\/li>\n<\/ul>\n<p>&nbsp;<\/p>\n<ul type=\"disc\">\n<li style=\"list-style-type: none;\">\n<ul type=\"disc\">\n<li>Supervisi\u00f3n inadecuada de las zonas escolares<\/li>\n<\/ul>\n<\/li>\n<\/ul>\n<p>&nbsp;<\/p>\n<ul type=\"disc\">\n<li style=\"list-style-type: none;\">\n<ul type=\"disc\">\n<li>Seguridad inadecuada en los dormitorios y zonas de residencia<\/li>\n<\/ul>\n<\/li>\n<\/ul>\n<p>&nbsp;<\/p>\n<ul type=\"disc\">\n<li>Iluminaci\u00f3n inadecuada en el campus<\/li>\n<\/ul>\n<p><strong class=\"heading4\">Hacer frente a la delincuencia y a una demanda judicial por seguridad inadecuada<\/strong><\/p>\n<p>Si tu hijo ha resultado lesionado en la escuela y crees que las lesiones pueden haber sido causadas por una seguridad inadecuada, <a href=\"contacta con nosotros.html\">contacta<\/a> al equipo legal del Grupo Legal Flaxman. Hablar con un abogado de lesiones personales puede ayudarte a evaluar tus derechos y tus opciones. Puede que decidas interponer una demanda legal para enviar un mensaje claro al consejo escolar y obtener una indemnizaci\u00f3n para que puedas ayudar a tu hijo a curarse lo mejor posible. El compasivo y comprensivo equipo legal del Grupo Legal Flaxman se complace en ofrecer consultas gratuitas y sin compromiso a las v\u00edctimas de lesiones personales.<\/p>\n<\/div>\n<div class=\"subpageslist\"><\/div>\n<\/div>\n","protected":false},"excerpt":{"rendered":"<p>Sin honorarios a menos que ganemos. Llama al 866-352-9626 para una &#8230; <\/p>\n","protected":false},"author":3,"featured_media":0,"parent":0,"menu_order":0,"comment_status":"closed","ping_status":"closed","template":"template-practice-areas.php","meta":{"footnotes":""},"class_list":["post-21712","page","type-page","status-publish","hentry"],"featured_image_src":null,"featured_image_src_square":null,"_links":{"self":[{"href":"https:\/\/flaxmanlaw.com\/es\/wp-json\/wp\/v2\/pages\/21712","targetHints":{"allow":["GET"]}}],"collection":[{"href":"https:\/\/flaxmanlaw.com\/es\/wp-json\/wp\/v2\/pages"}],"about":[{"href":"https:\/\/flaxmanlaw.com\/es\/wp-json\/wp\/v2\/types\/page"}],"author":[{"embeddable":true,"href":"https:\/\/flaxmanlaw.com\/es\/wp-json\/wp\/v2\/users\/3"}],"replies":[{"embeddable":true,"href":"https:\/\/flaxmanlaw.com\/es\/wp-json\/wp\/v2\/comments?post=21712"}],"version-history":[{"count":0,"href":"https:\/\/flaxmanlaw.com\/es\/wp-json\/wp\/v2\/pages\/21712\/revisions"}],"wp:attachment":[{"href":"https:\/\/flaxmanlaw.com\/es\/wp-json\/wp\/v2\/media?parent=21712"}],"curies":[{"name":"wp","href":"https:\/\/api.w.org\/{rel}","templated":true}]}}