{"id":21713,"date":"2024-11-18T12:45:24","date_gmt":"2024-11-18T12:45:24","guid":{"rendered":"https:\/\/flaxmanlaw.wpenginepowered.com\/accidentes-en-el-arcen-de-la-carretera-vehiculos-parados-en-el-arcen-hollywood-florida-abogados-de-lesiones-de-auto\/"},"modified":"2024-11-18T12:45:24","modified_gmt":"2024-11-18T12:45:24","slug":"accidentes-en-el-arcen-de-la-carretera-vehiculos-parados-en-el-arcen-hollywood-florida-abogados-de-lesiones-de-auto","status":"publish","type":"page","link":"https:\/\/flaxmanlaw.com\/es\/accidentes-en-el-arcen-de-la-carretera-vehiculos-parados-en-el-arcen-hollywood-florida-abogados-de-lesiones-de-auto\/","title":{"rendered":"Accidentes en el arc\u00e9n de la carretera \/ Veh\u00edculos parados en el arc\u00e9n | Hollywood, Florida Abogados de lesiones de auto"},"content":{"rendered":"<div class=\"bodytext\">\n<h2>Accidentes en el arc\u00e9n\/Veh\u00edculos parados en el arc\u00e9n<\/h1><\/h2>\n<div class=\"description\">\n<p>Seg\u00fan la ley de Florida, es ilegal obstruir la calzada con tu veh\u00edculo. Por ejemplo, si tienes un accidente de coche en Miami, se espera que saques el coche de la carretera si puedes hacerlo de forma segura antes de intercambiar informaci\u00f3n con el otro conductor. Del mismo modo, si te apartas a un lado de la carretera, se espera que lo hagas de forma segura, que no obstruya el tr\u00e1fico ni provoque un accidente. Desgraciadamente, algunos conductores se apartan a un lado de la carretera sin tomar precauciones para no molestar a los dem\u00e1s conductores. Por ejemplo, puede que no dejen encendidas las luces intermitentes o que no indiquen visualmente de otro modo que hay un coche aparcado al lado de la carretera. Esto puede causar accidentes de tr\u00e1fico si otro automovilista no se da cuenta del veh\u00edculo a tiempo. En otros casos, los conductores pueden no apartarse lo suficiente, dejando parte del coche en medio del tr\u00e1fico.      <\/p>\n<p><strong class=\"heading4\">  Qu\u00e9 hacer si sufres lesiones en un accidente de coche en Miami  <\/strong><\/p>\n<p>Si usted ha resultado lesionado en un accidente automovil\u00edstico en Miami causado por alguien que irresponsablemente se orill\u00f3 en la orilla de la carretera, necesitar\u00e1 contactar a un abogado local de lesiones personales para conocer m\u00e1s sobre sus derechos y para asegurar una compensaci\u00f3n justa por sus lesiones. Con un despacho en Miami, as\u00ed como otras oficinas a lo largo de Florida del Sur, el <a href=\"index.html\">Grupo Legal Flaxman<\/a> siempre est\u00e1 ah\u00ed cuando lo necesitas. Las l\u00edneas telef\u00f3nicas del Grupo Legal Flaxman est\u00e1n atendidas las 24 horas del d\u00eda, los siete d\u00edas de la semana, as\u00ed que usted siempre puede contactar a un operador en vivo cuando ha resultado lesionado. Adem\u00e1s, el equipo jur\u00eddico del Grupo Legal Flaxman est\u00e1 dispuesto a hacer visitas a domicilio y est\u00e1 dispuesto a visitar su cuarto de hospital o lugar de trabajo si usted est\u00e1 demasiado lesionado para viajar a nuestras oficinas para entrevistarse con un abogado para su consulta gratuita sobre accidentes.   <\/p>\n<p><strong class=\"heading4\">  Evitar un accidente de tr\u00e1fico al aparcar  <\/strong><\/p>\n<p>Si tienes que apartarte a un lado de la carretera para hacer una llamada telef\u00f3nica o porque tu coche tiene problemas mec\u00e1nicos, es importante que lo hagas de forma segura. Utiliza los intermitentes para indicar que te vas a apartar y hazlo de la forma m\u00e1s suave posible, aunque tu coche tenga problemas mec\u00e1nicos. Si est\u00e1s en el arc\u00e9n de la carretera, intenta apartarte lo m\u00e1ximo posible para no obstaculizar el tr\u00e1fico. Aseg\u00farate de que tu coche es muy visible, sobre todo en condiciones de poca visibilidad. Utiliza las luces intermitentes u otras se\u00f1ales para asegurarte de que los veh\u00edculos que se aproximen puedan verte. Haz todo lo posible por no aparcar en zonas que no sean visibles para el tr\u00e1fico que se aproxima. Por ejemplo, aparcar justo en una curva o en un recodo de la carretera dificultar\u00e1 que el tr\u00e1fico que se aproxima te vea a tiempo.      <\/p>\n<p>Aunque tomes todas estas precauciones, otros conductores pueden no ser tan concienzudos. Si resultas lesionado en un accidente automovil\u00edstico en Miami porque un conductor se ha hecho a un lado de la carretera de forma imprudente, <a href=\"contacta con nosotros.html\">contacta con<\/a> el Grupo Legal Flaxman para recibir una consulta gratuita y sin compromiso. <\/p>\n<\/div>\n<div class=\"subpageslist\">\n<ul> <\/ul>\n<\/p><\/div>\n<\/p><\/div>\n","protected":false},"excerpt":{"rendered":"<p>Sin honorarios a menos que ganemos. Llama al 866-352-9626 para una &#8230; <\/p>\n","protected":false},"author":3,"featured_media":0,"parent":0,"menu_order":0,"comment_status":"closed","ping_status":"closed","template":"template-practice-areas.php","meta":{"footnotes":""},"class_list":["post-21713","page","type-page","status-publish","hentry"],"featured_image_src":null,"featured_image_src_square":null,"_links":{"self":[{"href":"https:\/\/flaxmanlaw.com\/es\/wp-json\/wp\/v2\/pages\/21713","targetHints":{"allow":["GET"]}}],"collection":[{"href":"https:\/\/flaxmanlaw.com\/es\/wp-json\/wp\/v2\/pages"}],"about":[{"href":"https:\/\/flaxmanlaw.com\/es\/wp-json\/wp\/v2\/types\/page"}],"author":[{"embeddable":true,"href":"https:\/\/flaxmanlaw.com\/es\/wp-json\/wp\/v2\/users\/3"}],"replies":[{"embeddable":true,"href":"https:\/\/flaxmanlaw.com\/es\/wp-json\/wp\/v2\/comments?post=21713"}],"version-history":[{"count":0,"href":"https:\/\/flaxmanlaw.com\/es\/wp-json\/wp\/v2\/pages\/21713\/revisions"}],"wp:attachment":[{"href":"https:\/\/flaxmanlaw.com\/es\/wp-json\/wp\/v2\/media?parent=21713"}],"curies":[{"name":"wp","href":"https:\/\/api.w.org\/{rel}","templated":true}]}}