{"id":21715,"date":"2024-11-18T12:45:24","date_gmt":"2024-11-18T12:45:24","guid":{"rendered":"https:\/\/flaxmanlaw.wpenginepowered.com\/lesiones-graves-causadas-por-accidentes-de-motocicleta-hollywood-florida-abogados-de-lesiones-de-motocicleta\/"},"modified":"2025-12-04T04:14:02","modified_gmt":"2025-12-04T04:14:02","slug":"lesiones-graves-causadas-por-accidentes-de-motocicleta-hollywood-florida-abogados-de-lesiones-de-motocicleta","status":"publish","type":"page","link":"https:\/\/flaxmanlaw.com\/es\/lesiones-graves-causadas-por-accidentes-de-motocicleta-hollywood-florida-abogados-de-lesiones-de-motocicleta\/","title":{"rendered":"Lesiones Graves por Accidentes de Motocicleta en Hollywood, FL"},"content":{"rendered":"<div class=\"bodytext\">\n<h2>Lesiones graves causadas por accidentes de moto<\/h1><\/h2>\n<div class=\"description\">\n<p>Los accidentes de moto en Miami y en todo el sur de Florida causan lesiones catastr\u00f3ficas cada a\u00f1o. Estos accidentes causan lesiones graves en la cabeza, da\u00f1os en los tejidos blandos, fracturas, lesiones en la m\u00e9dula espinal y otras lesiones graves. En algunos casos, los motoristas mueren o sufren lesiones permanentes tras accidentes de moto en Miami y otras comunidades de Florida. La mayor\u00eda de los expertos coinciden en que los motoristas son m\u00e1s vulnerables a las lesiones graves que los conductores de turismos. Simplemente, las motocicletas tienen menos barreras y dispositivos de seguridad para proteger a los motoristas de lesiones graves. Cuando los motoristas chocan con otro veh\u00edculo o con un objeto inanimado, pueden salir despedidos violentamente de su motocicleta o ser aplastados por un veh\u00edculo m\u00e1s grande.<\/p>\n<p>Si usted ha sufrido lesiones graves en un accidente de motocicleta en Miami o en cualquier parte de Florida del Sur, contacte a un abogado local de lesiones personales, como el Grupo Legal Flaxman. <a href=\"charles-flaxman.html\">Charles Flaxman<\/a>, del Grupo Legal Flaxman, trabaj\u00f3 en la industria aseguradora durante diez a\u00f1os antes de dedicar su vida a ayudar a v\u00edctimas de accidentes. Conoce de primera mano las pol\u00edticas que las aseguradoras utilizan para resolver las demandas de forma r\u00e1pida y barata. Como un poderoso defensor de tu lado, puede negociar con las aseguradoras en tu nombre y puede ayudarte a entender cu\u00e1nto puede valer tu caso.<\/p>\n<p><strong class=\"heading4\">Las lesiones graves son frecuentes en los accidentes de moto<\/strong><\/p>\n<p>Seg\u00fan la Oficina de Rendici\u00f3n de Cuentas del Gobierno, en 2010 murieron 4.502 motoristas y otros 82.000 resultaron heridos en accidentes de moto. El coste medio de los accidentes mortales fue de 1,2 millones de d\u00f3lares, mientras que el de los heridos oscil\u00f3 ampliamente: de 2.500 a 1,4 millones de d\u00f3lares. Los costes directos de estos accidentes ascendieron a un total de 16.000 millones de d\u00f3lares en 2010. Tambi\u00e9n hab\u00eda m\u00e1s malas noticias para los motoristas en el informe: seg\u00fan la Government Accountability Office, los motoristas tienen 30 veces m\u00e1s probabilidades de sufrir lesiones mortales en accidentes de tr\u00e1fico en comparaci\u00f3n con los ocupantes de otros tipos de veh\u00edculos, como los turismos. La misma fuente descubri\u00f3 que los motoristas sin casco eran los m\u00e1s expuestos, con un 43% m\u00e1s de probabilidades de sufrir lesiones \u00abincapacitantes\u00bb y el triple de probabilidades de sufrir lesiones mortales en comparaci\u00f3n con los motoristas que llevaban casco.<\/p>\n<p><strong class=\"heading4\">Prevenir y tratar las lesiones tras un accidente de moto<\/strong><\/p>\n<p>La mayor\u00eda de los expertos coinciden en que llevar casco es uno de los factores m\u00e1s importantes para sobrevivir a un accidente de moto y reducir el riesgo de lesiones. Seg\u00fan la Oficina de Seguridad del Tr\u00e1fico del Departamento de Transporte de Florida, s\u00f3lo en 2010 el 37% de los motoristas implicados en accidentes mortales no llevaban <a href=\"fl-ley-casco.html\">casco<\/a> en el momento del accidente. Entre 2007 y 2010, en el 29% de los <a href=\"accidentes-motos.html\">accidentes<\/a> mortales de motocicleta se produjeron lesiones en la cabeza, y la mayor\u00eda de los expertos coinciden en que el casco reduce significativamente el riesgo de <a href=\"accidente frontal.html\">lesiones en la cabeza<\/a> en caso de accidente.<\/p>\n<p>Si te has lesionado, es importante que recibas ayuda m\u00e9dica de calidad lo antes posible para disfrutar de las mejores posibilidades de recuperaci\u00f3n. Dado que el coste de la atenci\u00f3n m\u00e9dica puede ser caro, tambi\u00e9n es importante considerar todas las opciones legales y del seguro antes de tomar cualquier decisi\u00f3n en tu caso.<\/p>\n<p>El compasivo y atento equipo jur\u00eddico del Grupo Legal Flaxman ha trabajado con v\u00edctimas y sobrevivientes de <a href=\"preguntas frecuentes sobre colisiones de tr\u00e1fico.html\">accidentes de tr\u00e1fico<\/a> de todas las clases sociales. El equipo jur\u00eddico del Grupo Legal Flaxman se complace en poder ofrecer consultas gratuitas y sin compromiso a todos los nuevos clientes. Esta consulta le permite obtener respuestas a sus preguntas y le ayuda a ver c\u00f3mo el equipo jur\u00eddico del Grupo Legal Flaxman puede ayudarle.<\/p>\n<\/div>\n<div class=\"subpageslist\"><\/div>\n<\/div>\n","protected":false},"excerpt":{"rendered":"<p>Sin honorarios a menos que ganemos. Llama al 866-352-9626 para una &#8230; <\/p>\n","protected":false},"author":3,"featured_media":0,"parent":0,"menu_order":0,"comment_status":"closed","ping_status":"closed","template":"template-practice-areas.php","meta":{"footnotes":""},"class_list":["post-21715","page","type-page","status-publish","hentry"],"featured_image_src":null,"featured_image_src_square":null,"_links":{"self":[{"href":"https:\/\/flaxmanlaw.com\/es\/wp-json\/wp\/v2\/pages\/21715","targetHints":{"allow":["GET"]}}],"collection":[{"href":"https:\/\/flaxmanlaw.com\/es\/wp-json\/wp\/v2\/pages"}],"about":[{"href":"https:\/\/flaxmanlaw.com\/es\/wp-json\/wp\/v2\/types\/page"}],"author":[{"embeddable":true,"href":"https:\/\/flaxmanlaw.com\/es\/wp-json\/wp\/v2\/users\/3"}],"replies":[{"embeddable":true,"href":"https:\/\/flaxmanlaw.com\/es\/wp-json\/wp\/v2\/comments?post=21715"}],"version-history":[{"count":0,"href":"https:\/\/flaxmanlaw.com\/es\/wp-json\/wp\/v2\/pages\/21715\/revisions"}],"wp:attachment":[{"href":"https:\/\/flaxmanlaw.com\/es\/wp-json\/wp\/v2\/media?parent=21715"}],"curies":[{"name":"wp","href":"https:\/\/api.w.org\/{rel}","templated":true}]}}