{"id":21717,"date":"2024-11-18T12:45:24","date_gmt":"2024-11-18T12:45:24","guid":{"rendered":"https:\/\/flaxmanlaw.wpenginepowered.com\/carga-segura-de-camiones-abogados-de-accidentes-de-camion-en-hollywood-florida\/"},"modified":"2025-12-04T03:50:40","modified_gmt":"2025-12-04T03:50:40","slug":"carga-segura-de-camiones-abogados-de-accidentes-de-camion-en-hollywood-florida","status":"publish","type":"page","link":"https:\/\/flaxmanlaw.com\/es\/carga-segura-de-camiones-abogados-de-accidentes-de-camion-en-hollywood-florida\/","title":{"rendered":"Carga segura de camiones"},"content":{"rendered":"<div class=\"bodytext\">\n<h2>Carga segura de camiones<\/h2>\n<div class=\"description\">\n<p>Cada d\u00eda en Miami, los camiones comerciales transportan carga hacia y desde empresas y otros tipos de organizaciones. La carga va desde materiales de construcci\u00f3n hasta ganado y residuos peligrosos. En todos los casos, cargar correctamente la carga es una parte importante para garantizar la seguridad. La carga correctamente cargada se sujeta correctamente para que no pueda moverse demasiado. La carga correctamente cargada tambi\u00e9n se distribuye uniformemente para que el cami\u00f3n no est\u00e9 desequilibrado y sea m\u00e1s probable que vuelque. La carga peligrosa debe estar correctamente etiquetada para que todos conozcan los riesgos. Si la carga no se carga y sujeta correctamente, puede caerse del cami\u00f3n o desplazarse durante el traslado, desequilibrando el cami\u00f3n y pudiendo hacer que el conductor pierda el control del veh\u00edculo. Cada a\u00f1o se producen graves accidentes de cami\u00f3n en Miami debido a una carga incorrecta.<\/p>\n<p>Si has sufrido lesiones en un accidente de cami\u00f3n en Miami y crees que el accidente pudo deberse a una carga incorrecta, ponte en contacto con un abogado local especializado en lesiones personales. Estos accidentes son frecuentemente evitables y puedes tener derecho a una indemnizaci\u00f3n por tus lesiones. Puedes contactar al equipo legal del <a href=\"index.html\">Grupo<\/a> Legal Flaxman para una consulta gratuita sobre accidentes y hablar sobre tus opciones. El Grupo Legal Flaxman es una firma de servicios integrales en Miami con d\u00e9cadas de experiencia en casos de accidentes de tr\u00e1fico y lesiones personales.<\/p>\n<p><strong class=\"heading4\">\u00bfQui\u00e9n es responsable de la carga de los camiones?<\/strong><\/p>\n<p>Obviamente, algunas cargas son m\u00e1s f\u00e1ciles de asegurar que otros tipos de peso. Asegurar agua o cualquier carga que se mueva con facilidad es m\u00e1s complicado. No obstante, puede haber muchas partes responsables de cargar correctamente la carga en un cami\u00f3n:<\/p>\n<ul>\n<li>El camionero<\/li>\n<li>El propietario de la carga<\/li>\n<li>La empresa que carga la mercanc\u00eda<\/li>\n<li>La empresa de camiones<\/li>\n<\/ul>\n<p>Cualquiera de ellos puede ser considerado responsable si la carga se carga incorrectamente y esto provoca un accidente que cause lesiones.<\/p>\n<p><strong class=\"heading4\">Qu\u00e9 hacer para protegerte tras un accidente de cami\u00f3n<\/strong><\/p>\n<p>Si has sufrido lesiones graves en un accidente de cami\u00f3n en Miami, es importante que consultes a un abogado local. Un abogado de lesiones personales en Miami estar\u00e1 familiarizado con las leyes locales, el sistema judicial local y los recursos locales. En muchos casos, ese abogado sabr\u00e1 exactamente qu\u00e9 pasos tendr\u00e1s que dar para conseguir la mejor asistencia de la zona, as\u00ed como lo que tendr\u00e1s que hacer para tener la mejor oportunidad de obtener una indemnizaci\u00f3n justa. Los abogados de lesiones personales que forman parte de la comunidad de Miami tambi\u00e9n comprenden el impacto econ\u00f3micamente devastador de los accidentes de tr\u00e1fico en Miami. Como la ciudad es tan cara, la atenci\u00f3n m\u00e9dica y la p\u00e9rdida de ingresos pueden tener un impacto devastador en las v\u00edctimas de accidentes de tr\u00e1fico. Los abogados locales son sensibles a estos problemas y trabajan duro para que las v\u00edctimas obtengan una indemnizaci\u00f3n m\u00e1s justa por sus lesiones.<\/p>\n<p>Si usted necesita un abogado de accidentes de cami\u00f3n en Miami, <a href=\"contacta con nosotros.html\">contacte<\/a> al equipo jur\u00eddico del Grupo Legal Flaxman. El personal jur\u00eddico del Grupo Legal Flaxman ha manejado miles de casos de accidentes de cami\u00f3n y de lesiones personales en Miami y en todo Florida del Sur. Han trabajado con v\u00edctimas de todas las clases sociales y con una amplia gama de lesiones. Pueden ayudarte a entender tus derechos y pueden darte asesor\u00eda r\u00e1pida y compasiva sobre los siguientes pasos que puedes dar despu\u00e9s de un accidente. Un accidente puede cambiar tu vida en un abrir y cerrar de ojos, pero no tienes por qu\u00e9 pasar por las secuelas t\u00fa solo. Contacta al equipo legal del Grupo Legal Flaxman para una consulta gratuita y sin compromiso para hablar sobre tu caso.<\/p>\n<\/div>\n<div class=\"subpageslist\"><\/div>\n<\/div>\n","protected":false},"excerpt":{"rendered":"<p>Sin honorarios a menos que ganemos. Llama al 866-352-9626 para una &#8230; <\/p>\n","protected":false},"author":3,"featured_media":0,"parent":0,"menu_order":0,"comment_status":"closed","ping_status":"closed","template":"template-practice-areas.php","meta":{"footnotes":""},"class_list":["post-21717","page","type-page","status-publish","hentry"],"featured_image_src":null,"featured_image_src_square":null,"_links":{"self":[{"href":"https:\/\/flaxmanlaw.com\/es\/wp-json\/wp\/v2\/pages\/21717","targetHints":{"allow":["GET"]}}],"collection":[{"href":"https:\/\/flaxmanlaw.com\/es\/wp-json\/wp\/v2\/pages"}],"about":[{"href":"https:\/\/flaxmanlaw.com\/es\/wp-json\/wp\/v2\/types\/page"}],"author":[{"embeddable":true,"href":"https:\/\/flaxmanlaw.com\/es\/wp-json\/wp\/v2\/users\/3"}],"replies":[{"embeddable":true,"href":"https:\/\/flaxmanlaw.com\/es\/wp-json\/wp\/v2\/comments?post=21717"}],"version-history":[{"count":0,"href":"https:\/\/flaxmanlaw.com\/es\/wp-json\/wp\/v2\/pages\/21717\/revisions"}],"wp:attachment":[{"href":"https:\/\/flaxmanlaw.com\/es\/wp-json\/wp\/v2\/media?parent=21717"}],"curies":[{"name":"wp","href":"https:\/\/api.w.org\/{rel}","templated":true}]}}