{"id":21719,"date":"2024-11-18T12:45:24","date_gmt":"2024-11-18T12:45:24","guid":{"rendered":"https:\/\/flaxmanlaw.wpenginepowered.com\/atropello-por-maquinaria-abogados-de-accidentes-de-construccion-en-hollywood-florida\/"},"modified":"2025-12-04T04:01:14","modified_gmt":"2025-12-04T04:01:14","slug":"atropello-por-maquinaria-abogados-de-accidentes-de-construccion-en-hollywood-florida","status":"publish","type":"page","link":"https:\/\/flaxmanlaw.com\/es\/atropello-por-maquinaria-abogados-de-accidentes-de-construccion-en-hollywood-florida\/","title":{"rendered":"Atropello por Maquinaria"},"content":{"rendered":"<div class=\"bodytext\">\n<h2>Atropello por equipos<\/h2>\n<div class=\"description\">\n<p>Las obras de construcci\u00f3n de Florida dependen de ascensores, gr\u00faas, camiones y otros equipos pesados para transportar materiales de construcci\u00f3n, trabajadores y herramientas a y desde las obras. Por desgracia, tener muchos tipos de maquinaria pesada en una peque\u00f1a zona de obras puede provocar accidentes. Los accidentes en obras de construcci\u00f3n en Miami y en todo Florida implican habitualmente maquinaria pesada. Uno de los tipos m\u00e1s tr\u00e1gicos de accidentes de esta naturaleza es el atropello, en el que los trabajadores son arrollados por <a href=\"accidentes-elevadores.html\">carretillas elevadoras<\/a>, gr\u00faas u otros equipos pesados.<\/p>\n<p>Los accidentes por atropello en Miami y en toda Florida suelen provocar la muerte o lesiones de larga duraci\u00f3n. Por desgracia, conseguir una indemnizaci\u00f3n en estos casos puede ser todo un reto. En una obra de construcci\u00f3n hay m\u00faltiples partes potencialmente responsables, como los fabricantes de maquinaria, el conductor de la maquinaria, el empresario del conductor, el due\u00f1o de la propiedad y otras partes potencialmente responsables. En muchos casos, las partes potencialmente responsables pasar\u00e1n la culpa mientras la v\u00edctima lucha por conseguir una indemnizaci\u00f3n justa. El equipo jur\u00eddico del Grupo Legal Flaxman ha trabajado durante d\u00e9cadas ayudando a v\u00edctimas de accidentes de la construcci\u00f3n y de <a href=\"lesiones-personales.html\">lesiones personales<\/a> en Miami y en toda Florida a obtener una compensaci\u00f3n justa por sus lesiones. El equipo jur\u00eddico <a href=\"index.html\">del Grupo Legal Flaxman<\/a> persigue agresivamente a todas las partes responsables a favor de las v\u00edctimas, para que las partes lesionadas puedan pagar por cuidados a largo plazo, gastos m\u00e9dicos, p\u00e9rdida de ingresos, y otras lesiones relacionadas con su accidente. Contacta hoy mismo con el Grupo Legal Flaxman si has resultado lesionado y quieres informarte sobre tus derechos.<\/p>\n<p>Lesiones derivadas de accidentes por atropello en Miami y otras comunidades Los accidentes por atropello en las obras de construcci\u00f3n de Miami provocan una serie de lesiones, entre ellas<\/p>\n<ul type=\"disc\">\n<li>fracturas<\/li>\n<li>amputaciones<\/li>\n<li>hemorragia interna<\/li>\n<li>da\u00f1os en los \u00f3rganos internos<\/li>\n<li>traumatismo craneal<\/li>\n<li><a href=\"lesiones de la columna vertebral.html\">lesi\u00f3n medular<\/a><\/li>\n<li><a href=\"par\u00e1lisis.html\">par\u00e1lisis<\/a><\/li>\n<li>v\u00edctimas mortales<\/li>\n<\/ul>\n<p>Este tipo de lesiones puede dar lugar a toda una vida de cuidados m\u00e9dicos, toda una vida de reducci\u00f3n de ingresos, a\u00f1os de recuperaci\u00f3n y graves dificultades econ\u00f3micas para la familia de la v\u00edctima. Adem\u00e1s de los elevados gastos m\u00e9dicos, los cuidados domiciliarios, la medicaci\u00f3n y otros gastos directamente relacionados con la lesi\u00f3n, la familia puede sufrir una p\u00e9rdida de ingresos o una reducci\u00f3n de ingresos a largo plazo debido a la lesi\u00f3n. Adem\u00e1s, las familias deben hacer frente a la angustia emocional de la propia lesi\u00f3n, as\u00ed como al temor de que un ser querido no se recupere totalmente de sus lesiones.<\/p>\n<p><strong class=\"heading4\">Curaci\u00f3n tras un accidente por atropello en Miami o en cualquier lugar de Florida<\/strong><\/p>\n<p>El proceso de curaci\u00f3n de este tipo de lesi\u00f3n puede ser complicado. Pueden ser necesarios meses de tratamiento m\u00e9dico, as\u00ed como rehabilitaci\u00f3n y fisioterapia a largo plazo, para recuperar la movilidad si la lesi\u00f3n fue grave. En algunos casos, la p\u00e9rdida de movilidad es permanente, por lo que la v\u00edctima no puede volver a su empleo habitual. Conseguir una indemnizaci\u00f3n justa por las lesiones puede ayudar a las v\u00edctimas a costearse una atenci\u00f3n m\u00e9dica de calidad y otros recursos necesarios para curarse lo mejor posible.<\/p>\n<p>Aunque <a href=\"indemnizacion-trabajadores.html\">la indemnizaci\u00f3n por accidente laboral<\/a> en Miami y Florida ayudar\u00e1 a pagar algunos gastos m\u00e9dicos, en muchos casos no pagar\u00e1 los cuidados a largo plazo ni ayudar\u00e1 a la familia a recuperar todos los ingresos perdidos relacionados con este tipo de accidente en la construcci\u00f3n. Muchas v\u00edctimas buscan representaci\u00f3n legal para presentar una demanda contra las partes responsables. Esto puede ayudar a las v\u00edctimas a obtener una indemnizaci\u00f3n m\u00e1s justa para pagar los gastos m\u00e9dicos necesarios. El equipo legal del Grupo Legal Flaxman ha pasado d\u00e9cadas ayudando a v\u00edctimas de lesiones personales en todo Florida del Sur con este tipo de casos. Si usted est\u00e1 interesado en saber m\u00e1s, <a href=\"contacta con nosotros.html\">contacte<\/a> hoy mismo al Grupo Legal Flaxman para programar una consulta gratuita sobre accidentes.<\/p>\n<\/div>\n<div class=\"subpageslist\"><\/div>\n<\/div>\n","protected":false},"excerpt":{"rendered":"<p>Sin honorarios a menos que ganemos. Llama al 866-352-9626 para una &#8230; <\/p>\n","protected":false},"author":3,"featured_media":0,"parent":0,"menu_order":0,"comment_status":"closed","ping_status":"closed","template":"template-practice-areas.php","meta":{"footnotes":""},"class_list":["post-21719","page","type-page","status-publish","hentry"],"featured_image_src":null,"featured_image_src_square":null,"_links":{"self":[{"href":"https:\/\/flaxmanlaw.com\/es\/wp-json\/wp\/v2\/pages\/21719","targetHints":{"allow":["GET"]}}],"collection":[{"href":"https:\/\/flaxmanlaw.com\/es\/wp-json\/wp\/v2\/pages"}],"about":[{"href":"https:\/\/flaxmanlaw.com\/es\/wp-json\/wp\/v2\/types\/page"}],"author":[{"embeddable":true,"href":"https:\/\/flaxmanlaw.com\/es\/wp-json\/wp\/v2\/users\/3"}],"replies":[{"embeddable":true,"href":"https:\/\/flaxmanlaw.com\/es\/wp-json\/wp\/v2\/comments?post=21719"}],"version-history":[{"count":0,"href":"https:\/\/flaxmanlaw.com\/es\/wp-json\/wp\/v2\/pages\/21719\/revisions"}],"wp:attachment":[{"href":"https:\/\/flaxmanlaw.com\/es\/wp-json\/wp\/v2\/media?parent=21719"}],"curies":[{"name":"wp","href":"https:\/\/api.w.org\/{rel}","templated":true}]}}