{"id":21721,"date":"2024-11-18T12:45:24","date_gmt":"2024-11-18T12:45:24","guid":{"rendered":"https:\/\/flaxmanlaw.wpenginepowered.com\/accidente-de-volcadura-hollywood-florida-abogados-de-lesiones-automovilisticas-grupo-legal-flaxman\/"},"modified":"2025-12-04T04:08:48","modified_gmt":"2025-12-04T04:08:48","slug":"accidente-de-volcadura-hollywood-florida-abogados-de-lesiones-automovilisticas-grupo-legal-flaxman","status":"publish","type":"page","link":"https:\/\/flaxmanlaw.com\/es\/accidente-de-volcadura-hollywood-florida-abogados-de-lesiones-automovilisticas-grupo-legal-flaxman\/","title":{"rendered":"Accidente de Volcadura en Hollywood"},"content":{"rendered":"<div class=\"bodytext\">\n<h2>Accidente por vuelco<\/h2>\n<div class=\"description\">\n<p><strong class=\"heading4\"> Los accidentes por vuelco tienen consideraciones especiales que pueden afectar a tus derechos <\/strong><\/p>\n<p>Los accidentes por vuelco son uno de los problemas de seguridad vial m\u00e1s importantes de nuestro pa\u00eds, por su alta probabilidad de causar lesiones graves. Los accidentes por vuelco preocupan especialmente a quienes conducen camiones ligeros, como camionetas, <a href=\"accidentes-volcaduras-de-furgonetas-suv.html\">todoterrenos y furgonetas<\/a>, que representan la mayor\u00eda de los accidentes por vuelco debido a su tendencia a tener centros de gravedad altos. Los accidentes por vuelco representan aproximadamente la mitad de todos los accidentes mortales en los que est\u00e1 implicado un solo coche, y casi todos los accidentes por vuelco provocan lesiones f\u00edsicas a los ocupantes del veh\u00edculo. Esto se debe a la mayor probabilidad de que, en un vuelco, los ocupantes del veh\u00edculo salgan despedidos de sus asientos, y a que un vuelco puede hacer que partes del bastidor o del techo de un veh\u00edculo se aplasten, causando lesiones <a href=\"lesiones cerebrales.html\">cerebrales<\/a> y en <a href=\"lesiones de la columna vertebral.html\">la columna vertebral<\/a>.<\/p>\n<p>Los accidentes por vuelco son muy graves: los vuelcos s\u00f3lo son superados por las colisiones <a href=\"accidente frontal.html\">frontales<\/a> en cuanto a gravedad. Y aunque la mayor\u00eda de los vuelcos se producen porque el veh\u00edculo se sale de la calzada y \u00abtropieza\u00bb -por ejemplo, con un bordillo o una barrera de tr\u00e1fico baja-, cualquier veh\u00edculo puede volcar si impacta contra un mecanismo de tropiezo adecuado con suficiente velocidad lateral, como en un derrape o en un <a href=\"accidente-impacto-lateral.html\">impacto lateral<\/a>.<\/p>\n<p>Sin embargo, tambi\u00e9n es posible que los veh\u00edculos vuelquen cuando no tropiezan, sino debido a maniobras, como cuando un conductor da un volantazo para evitar chocar contra un objeto en la carretera, o pierde el control por una superficie resbaladiza o helada. Aunque esto s\u00f3lo representa una peque\u00f1a parte de los accidentes por vuelco, tales accidentes por vuelco pueden indicar un grave problema de seguridad. Muchos expertos en seguridad creen que los vuelcos en carretera no causados por tropiezos pueden deberse principalmente a factores espec\u00edficos relacionados con el veh\u00edculo y pueden indicar un defecto de dise\u00f1o del coche. Al mismo tiempo, cualquier accidente con vuelco puede ser el resultado de uno o de una combinaci\u00f3n de factores: por ejemplo, una <a href=\"accidentes-coche.html\">colisi\u00f3n<\/a>, unas condiciones peligrosas de la carretera, un dise\u00f1o deficiente de la carretera, un <a href=\"productos-responsabilidad.html\">defecto de dise\u00f1o del veh\u00edculo<\/a> o <a href=\"neum\u00e1ticos-defectos.html\">un defecto de los neum\u00e1ticos<\/a>.<\/p>\n<p>Debido a las preocupaciones y preguntas especiales de seguridad involucradas, si usted ha estado involucrado en un accidente de volcadura, o un ser querido ha muerto o resultado lesionado en un accidente de volcadura, es cr\u00edtico que usted pueda evaluar completamente las causas. Si tu accidente de vuelco ha ocurrido en el \u00e1rea de Florida del Sur, el Grupo Legal Flaxman puede ayudarte. Particularmente si el accidente implica un <a href=\"productos-responsabilidad.html\">defecto de producto<\/a> o una carretera insegura, tu consulta puede resultar en ayudar a otros conductores y salvar otras vidas, asegurando que se tomen medidas de seguridad adicionales para evitar que ocurran accidentes similares en el futuro. El Grupo Legal Flaxman cuenta con abogados calificados y experimentados en accidentes de volcadura en Florida del Sur, que pueden proporcionarte los recursos que necesitas para determinar las causas del accidente, para que puedas tener las respuestas y la tranquilidad que mereces.<\/p>\n<p>El Grupo Legal Flaxman est\u00e1 dispuesto a ofrecerle una consulta inmediata sin costo alguno. No hay obligaci\u00f3n para esta consulta gratuita sobre accidentes, y podemos darle las respuestas que necesita para comprender sus derechos y ayudarle a evaluar sus opciones. En el \u00e1rea de Florida del Sur, llame al Grupo Legal Flaxman al 1 866 Flaxman. (1 866 352 9626).<\/p>\n<\/div>\n<div class=\"subpageslist\"><\/div>\n<\/div>\n","protected":false},"excerpt":{"rendered":"<p>Sin honorarios a menos que ganemos. Llama al 866-352-9626 para una &#8230; <\/p>\n","protected":false},"author":3,"featured_media":0,"parent":0,"menu_order":0,"comment_status":"closed","ping_status":"closed","template":"template-practice-areas.php","meta":{"footnotes":""},"class_list":["post-21721","page","type-page","status-publish","hentry"],"featured_image_src":null,"featured_image_src_square":null,"_links":{"self":[{"href":"https:\/\/flaxmanlaw.com\/es\/wp-json\/wp\/v2\/pages\/21721","targetHints":{"allow":["GET"]}}],"collection":[{"href":"https:\/\/flaxmanlaw.com\/es\/wp-json\/wp\/v2\/pages"}],"about":[{"href":"https:\/\/flaxmanlaw.com\/es\/wp-json\/wp\/v2\/types\/page"}],"author":[{"embeddable":true,"href":"https:\/\/flaxmanlaw.com\/es\/wp-json\/wp\/v2\/users\/3"}],"replies":[{"embeddable":true,"href":"https:\/\/flaxmanlaw.com\/es\/wp-json\/wp\/v2\/comments?post=21721"}],"version-history":[{"count":0,"href":"https:\/\/flaxmanlaw.com\/es\/wp-json\/wp\/v2\/pages\/21721\/revisions"}],"wp:attachment":[{"href":"https:\/\/flaxmanlaw.com\/es\/wp-json\/wp\/v2\/media?parent=21721"}],"curies":[{"name":"wp","href":"https:\/\/api.w.org\/{rel}","templated":true}]}}