{"id":21722,"date":"2024-11-18T12:45:24","date_gmt":"2024-11-18T12:45:24","guid":{"rendered":"https:\/\/flaxmanlaw.wpenginepowered.com\/tropiezo-y-caida-en-restaurante-abogados-de-tropiezos-y-caidas-en-hollywood-florida\/"},"modified":"2025-05-06T10:31:50","modified_gmt":"2025-05-06T10:31:50","slug":"tropiezo-y-caida-en-restaurante-abogados-de-tropiezos-y-caidas-en-hollywood-florida","status":"publish","type":"page","link":"https:\/\/flaxmanlaw.com\/es\/tropiezo-y-caida-en-restaurante-abogados-de-tropiezos-y-caidas-en-hollywood-florida\/","title":{"rendered":"Tropiezo y Ca\u00edda en Restaurante"},"content":{"rendered":"<div class=\"bodytext\">\n<h2>Viaje y ca\u00edda en restaurante<\/h1><\/h2>\n<div class=\"description\">\n<p>Hollywood y sus alrededores tienen muchos restaurantes estupendos, que representan muchas de las mejores cocinas del mundo. De hecho, la gente viaja de todo el pa\u00eds para cenar en los restaurantes y comedores locales. Se supone que estos restaurantes son lugares agradables para cenar y disfrutar del tiempo con los amigos y la familia. Sin embargo, cuando los propietarios y el personal de los restaurantes no se ocupan de los peligros que inevitablemente pueden aparecer en un restaurante, los clientes pueden pagar el precio sufriendo lesiones en accidentes por tropiezos y ca\u00eddas y otros accidentes que causan lesiones.<\/p>\n<p>Los abogados del Grupo Legal Flaxman cuentan con m\u00e1s de sesenta a\u00f1os de experiencia combinada ayudando a clientes a recuperar millones de d\u00f3lares en da\u00f1os por lesiones sufridas. Nuestro equipo de abogados ha resuelto con \u00e9xito miles de casos de responsabilidad de las instalaciones, resbalones y ca\u00eddas, y otros casos de lesiones personales a favor de nuestros clientes. Si usted ha resultado lesionado, contacte las oficinas en Hollywood, Homestead, o Miami del Grupo Legal Flaxman para una revisi\u00f3n gratuita de su caso.<\/p>\n<p><strong class=\"heading4\">Los restaurantes son un lugar habitual de accidentes por tropiezos y ca\u00eddas<\/strong><\/p>\n<p>Por desgracia, las lesiones por tropiezos y ca\u00eddas son especialmente frecuentes en los restaurantes por varias razones:<\/p>\n<ul>\n<li>Otros clientes pueden dejar sus pertenencias, bolsos y otros objetos en los pasillos o a lo largo de las pasarelas<\/li>\n<li>Los restaurantes pueden colocar sillas y otros objetos muy juntos, lo que supone un peligro de tropiezo<\/li>\n<li>La comida puede caerse de los platos o de las bandejas de los camareros, lo que provoca que queden restos en el suelo<\/li>\n<li>Los restaurantes pueden tener poca luz para ambientar, lo que puede causar mala iluminaci\u00f3n y escasa visibilidad<\/li>\n<li>Los restaurantes pueden utilizar alfombras o moquetas para crear un ambiente agradable, y \u00e9stas pueden suponer un peligro<\/li>\n<li>La mayor\u00eda de los restaurantes tienen objetos sobre la mesa -como velas o saleros y pimenteros- que podr\u00edan caer al suelo y suponer un peligro de tropiezo.<\/li>\n<li>Los comensales pueden estar m\u00e1s centrados en comer que en la seguridad<\/li>\n<li>Algunos restaurantes sirven alcohol, lo que puede contribuir a los problemas de movilidad y a los accidentes por tropiezos y ca\u00eddas<\/li>\n<\/ul>\n<p><strong class=\"heading4\">Prevenci\u00f3n de accidentes por tropiezos y ca\u00eddas<\/strong><\/p>\n<p>Debido a los mayores riesgos asociados a los restaurantes, se espera que sus propietarios, gerentes y personal tomen precauciones adicionales para garantizar que los comensales puedan utilizar sus instalaciones con seguridad. Hay muchas cosas que los restaurantes deben hacer para mantener a salvo a sus clientes:<\/p>\n<ul>\n<li>Formar a los camareros para que comprendan los procedimientos b\u00e1sicos de seguridad<\/li>\n<li>Comprueba peri\u00f3dicamente las pasarelas y esta zona de comedor para asegurarte de que no hay peligros<\/li>\n<li>Limpia los derrames y retira r\u00e1pidamente los restos en el suelo<\/li>\n<li>Proporcionar una iluminaci\u00f3n adecuada para que los clientes puedan caminar con seguridad por el restaurante<\/li>\n<li>Tener una cobertura adecuada para ayudar a indemnizar a los clientes que sufran lesiones en el restaurante<\/li>\n<li>Espacia las mesas y las sillas para que los clientes puedan moverse con seguridad<\/li>\n<li>Proporcionar un guardarropa u otra zona donde los clientes puedan guardar sus abrigos y otros efectos personales.<\/li>\n<li>Aseg\u00farate de que las alfombras y moquetas no est\u00e9n desgastadas y est\u00e9n bien sujetas al suelo<\/li>\n<li>Mantener adecuadamente la propiedad<\/li>\n<\/ul>\n<p>Si sufres lesiones en un restaurante, es importante que consultes enseguida a un abogado local especializado en lesiones personales. Es posible que tengas una reclamaci\u00f3n legal que te permita solicitar una indemnizaci\u00f3n por tus lesiones.<\/p>\n<p>Desde sus oficinas en Hollywood, Homestead, y Miami, la firma del <a href=\"contacta con nosotros.html\">Grupo Legal Flaxman<\/a> representa a demandantes en South Miami Heights, Condado de Miami-Dade, Condado de Palm Beach, Condado de Broward, y en todas las \u00e1reas de Florida del Sur. Si usted ha resultado lesionado, cont\u00e1ctenos para programar una evaluaci\u00f3n legal gratuita de su situaci\u00f3n.<\/p>\n<\/div>\n<div class=\"subpageslist\"><\/div>\n<\/div>\n","protected":false},"excerpt":{"rendered":"<p>Sin honorarios a menos que ganemos. Llama al 866-352-9626 para una &#8230; <\/p>\n","protected":false},"author":3,"featured_media":0,"parent":0,"menu_order":0,"comment_status":"closed","ping_status":"closed","template":"template-practice-areas.php","meta":{"footnotes":""},"class_list":["post-21722","page","type-page","status-publish","hentry"],"featured_image_src":null,"featured_image_src_square":null,"_links":{"self":[{"href":"https:\/\/flaxmanlaw.com\/es\/wp-json\/wp\/v2\/pages\/21722","targetHints":{"allow":["GET"]}}],"collection":[{"href":"https:\/\/flaxmanlaw.com\/es\/wp-json\/wp\/v2\/pages"}],"about":[{"href":"https:\/\/flaxmanlaw.com\/es\/wp-json\/wp\/v2\/types\/page"}],"author":[{"embeddable":true,"href":"https:\/\/flaxmanlaw.com\/es\/wp-json\/wp\/v2\/users\/3"}],"replies":[{"embeddable":true,"href":"https:\/\/flaxmanlaw.com\/es\/wp-json\/wp\/v2\/comments?post=21722"}],"version-history":[{"count":0,"href":"https:\/\/flaxmanlaw.com\/es\/wp-json\/wp\/v2\/pages\/21722\/revisions"}],"wp:attachment":[{"href":"https:\/\/flaxmanlaw.com\/es\/wp-json\/wp\/v2\/media?parent=21722"}],"curies":[{"name":"wp","href":"https:\/\/api.w.org\/{rel}","templated":true}]}}