{"id":21723,"date":"2024-11-18T12:45:24","date_gmt":"2024-11-18T12:45:24","guid":{"rendered":"https:\/\/flaxmanlaw.wpenginepowered.com\/tenencia-responsable-de-perros-evita-problemas-legales-abogados-de-lesiones-personales-en-hollywood\/"},"modified":"2024-11-18T12:45:24","modified_gmt":"2024-11-18T12:45:24","slug":"tenencia-responsable-de-perros-evita-problemas-legales-abogados-de-lesiones-personales-en-hollywood","status":"publish","type":"page","link":"https:\/\/flaxmanlaw.com\/es\/tenencia-responsable-de-perros-evita-problemas-legales-abogados-de-lesiones-personales-en-hollywood\/","title":{"rendered":"Tenencia responsable de perros: Evita problemas legales | Abogados de lesiones personales en Hollywood"},"content":{"rendered":"<div class=\"bodytext\">\n<h2>Tenencia responsable de perros: Evita problemas legales<\/h1><\/h2>\n<div class=\"description\"> <strong class=\"heading4\">  Propietarios de perros, sed proactivos para evitar lesiones y posibles demandas judiciales  <\/strong><\/p>\n<p>\u00bfSab\u00edas que cada a\u00f1o los perros muerden a la friolera de 4,7 millones de personas? Con m\u00e1s de 62 millones de compa\u00f1eros caninos en nuestros hogares, es una estad\u00edstica alarmante que merece atenci\u00f3n. Los factores que contribuyen a esta tendencia incluyen el aumento de la posesi\u00f3n de razas consideradas m\u00e1s agresivas, junto con el aumento del n\u00famero de perros que se dejan solos durante largos periodos sin una socializaci\u00f3n o adiestramiento adecuados. Los perros que est\u00e1n aislados, sobre todo los que est\u00e1n atados, y no est\u00e1n acostumbrados a la interacci\u00f3n con extra\u00f1os o sin un adiestramiento b\u00e1sico de obediencia, son m\u00e1s propensos a mostrar un comportamiento mordedor.   <\/p>\n<p><strong class=\"heading4\">  Comprender la responsabilidad legal de los propietarios de perros  <\/strong><\/p>\n<p>Legalmente, la balanza suele inclinarse a favor de la parte perjudicada. Atr\u00e1s quedaron los d\u00edas en que los propietarios de perros se beneficiaban de la norma de \u00abun mordisco gratis\u00bb, en la que la responsabilidad depend\u00eda del conocimiento del propietario de la propensi\u00f3n del perro a causar da\u00f1os. Hoy en d\u00eda, en muchas jurisdicciones, los propietarios de perros son responsables de cualquier da\u00f1o que inflija su mascota, independientemente del comportamiento previo del perro. Los due\u00f1os de perros pueden ser responsables de las facturas m\u00e9dicas de la v\u00edctima, de la p\u00e9rdida de ingresos e incluso de los honorarios de un abogado por angustia emocional. Hay excepciones, como que el perro haya sido provocado o que la persona lesionada haya entrado sin autorizaci\u00f3n, pero estas defensas pueden ser dif\u00edciles de establecer.    <\/p>\n<p>En lugar de discutir sobre la culpa despu\u00e9s de un incidente, es preferible que los propietarios de perros tomen medidas preventivas para evitar las mordeduras.<\/p>\n<p><strong class=\"heading4\">  Adiestramiento y Gesti\u00f3n Canina Proactivos  <\/strong><\/p>\n<p>Como devoto propietario de un perro, tu deber es asegurarte de que tu amigo de cuatro patas est\u00e9 bien adiestrado y sea sociable. Las sociedades humanitarias ofrecen clases de obediencia asequibles, un buen punto de partida para el adiestramiento del comportamiento. Recursos como \u00abC\u00f3mo ser el mejor amigo de tu perro\u00bb y \u00abEl arte de educar a un cachorro\u00bb, de los Monjes de New Skete, tambi\u00e9n son excelentes para obtener consejos sobre el adiestramiento eficaz de perros.  <\/p>\n<p>Adem\u00e1s, esterilizar o castrar a tu compa\u00f1ero canino reduce enormemente la propensi\u00f3n a morder: un perro no esterilizado tiene tres veces m\u00e1s probabilidades de morder, seg\u00fan la Sociedad Humanitaria de Estados Unidos. A menudo, la esterilizaci\u00f3n tambi\u00e9n puede prevenir las tendencias errantes. <\/p>\n<p>Considera poner en pr\u00e1ctica estas sencillas precauciones:<\/p>\n<ul>\n<li>Restringe la deambulaci\u00f3n de tu perro. En varios estados, los propietarios son estrictamente responsables de las lesiones causadas por su perro si anda suelto. <\/li>\n<li>Mantente al d\u00eda de las vacunas, sobre todo contra la rabia. Las consecuencias posteriores a la mordedura son m\u00e1s graves tanto para el perro como para el propietario si las vacunas no est\u00e1n al d\u00eda. <\/li>\n<li>Limita el acceso a extra\u00f1os. Encierra a tu perro lejos de las zonas frecuentadas por los visitantes de tu propiedad. <\/li>\n<li>Coloca se\u00f1ales de precauci\u00f3n. Si tu perro supone una amenaza potencial, las se\u00f1ales de \u00abCuidado con el perro\u00bb pueden alertar a los visitantes, aunque es crucial recordar que esto no es una salvaguardia para los ni\u00f1os que no saben leer. <\/li>\n<\/ul>\n<p><strong class=\"heading4\">  Educar a tus hijos sobre las interacciones seguras con los perros  <\/strong><\/p>\n<p>Los ni\u00f1os, sobre todo los varones, suelen ser v\u00edctimas de mordeduras de perro. A menudo, estos incidentes ocurren porque los ni\u00f1os no saben c\u00f3mo interactuar de forma segura con los perros. Ense\u00f1a a tus hijos estas pautas esenciales:  <\/p>\n<ul>\n<li>Deja que el perro se familiarice con tu olor antes de acariciarlo.<\/li>\n<li>Nunca molestes a un perro mientras est\u00e9 comiendo, durmiendo o cuidando cachorros.<\/li>\n<li>Evita huir de un perro o establecer contacto visual directo, que puede percibirse como una amenaza.<\/li>\n<li>Comprende que incluso los perros conocidos pueden morder, sobre todo en su propio territorio, donde pueden estar m\u00e1s a la defensiva.<\/li>\n<\/ul>\n<p>En el Grupo Legal Flaxman, enfatizamos la prevenci\u00f3n, pero tambi\u00e9n reconocemos la necesidad de un fuerte apoyo legal cuando ocurren incidentes. Si usted o alguien que conoce se ha visto involucrado en una lesi\u00f3n relacionada con un perro, nuestros experimentados abogados est\u00e1n aqu\u00ed para ayudarle. <a href=\"contacta con nosotros.html\">Ponte en contacto con nosotros<\/a> en el 954-987-0099 para una consulta gratuita sobre accidentes. Tu seguridad y tus derechos son nuestra m\u00e1xima prioridad.  <\/p>\n<\/p><\/div>\n<\/p><\/div>\n","protected":false},"excerpt":{"rendered":"<p>Sin honorarios a menos que ganemos. Llama al 866-352-9626 para una &#8230; <\/p>\n","protected":false},"author":3,"featured_media":0,"parent":0,"menu_order":0,"comment_status":"closed","ping_status":"closed","template":"template-practice-areas.php","meta":{"footnotes":""},"class_list":["post-21723","page","type-page","status-publish","hentry"],"featured_image_src":null,"featured_image_src_square":null,"_links":{"self":[{"href":"https:\/\/flaxmanlaw.com\/es\/wp-json\/wp\/v2\/pages\/21723","targetHints":{"allow":["GET"]}}],"collection":[{"href":"https:\/\/flaxmanlaw.com\/es\/wp-json\/wp\/v2\/pages"}],"about":[{"href":"https:\/\/flaxmanlaw.com\/es\/wp-json\/wp\/v2\/types\/page"}],"author":[{"embeddable":true,"href":"https:\/\/flaxmanlaw.com\/es\/wp-json\/wp\/v2\/users\/3"}],"replies":[{"embeddable":true,"href":"https:\/\/flaxmanlaw.com\/es\/wp-json\/wp\/v2\/comments?post=21723"}],"version-history":[{"count":0,"href":"https:\/\/flaxmanlaw.com\/es\/wp-json\/wp\/v2\/pages\/21723\/revisions"}],"wp:attachment":[{"href":"https:\/\/flaxmanlaw.com\/es\/wp-json\/wp\/v2\/media?parent=21723"}],"curies":[{"name":"wp","href":"https:\/\/api.w.org\/{rel}","templated":true}]}}