{"id":21724,"date":"2024-11-18T12:45:24","date_gmt":"2024-11-18T12:45:24","guid":{"rendered":"https:\/\/flaxmanlaw.wpenginepowered.com\/hollywood-florida-abogados-de-lesiones-automovilisticas-grupo-legal-flaxman\/"},"modified":"2025-12-04T03:55:59","modified_gmt":"2025-12-04T03:55:59","slug":"hollywood-florida-abogados-de-lesiones-automovilisticas-grupo-legal-flaxman","status":"publish","type":"page","link":"https:\/\/flaxmanlaw.com\/es\/hollywood-florida-abogados-de-lesiones-automovilisticas-grupo-legal-flaxman\/","title":{"rendered":"Accidentes de tr\u00e1fico"},"content":{"rendered":"<div class=\"bodytext\">\n<h2>Accidentes de tr\u00e1fico<\/h2>\n<div class=\"description\">\n<p>Las investigaciones han demostrado que los conductores que se ponen al volante cuando est\u00e1n enfadados o alterados suelen ser tan peligrosos como los que conducen en estado de embriaguez. Los conductores que conducen agresivamente o cuando est\u00e1n enfadados son m\u00e1s propensos a cortar el paso a otros automovilistas, m\u00e1s propensos a cometer errores, m\u00e1s propensos a acelerar y m\u00e1s propensos a tener comportamientos temerarios que pueden poner vidas en peligro. Todos los automovilistas de Miami han visto alguna vez a conductores en plena c\u00f3lera al volante, entrando y saliendo de los carriles y gritando a otros conductores. Por desgracia, cada a\u00f1o las v\u00edctimas de accidentes de tr\u00e1fico son llevadas a urgencias de Miami con traumatismos craneoencef\u00e1licos, lesiones medulares y otras lesiones graves causadas por conductores imprudentes.<\/p>\n<p>Si has resultado herido en un accidente de coche en Miami que puede haber sido causado por una imprudencia al volante, te conviene ponerte en contacto con un abogado local de lesiones personales. Un abogado de lesiones personales en Miami puede investigar tu caso, buscar una indemnizaci\u00f3n justa e iniciar una demanda legal contra el conductor que conduc\u00eda de forma temeraria. Seg\u00fan la legislaci\u00f3n de Florida, los conductores tienen la obligaci\u00f3n de conducir sus veh\u00edculos de forma segura y responsable. Los conductores que se dejan llevar por la furia al volante infringen claramente esta norma. Como v\u00edctima de un accidente automovil\u00edstico, puedes tener derecho a buscar una indemnizaci\u00f3n para pagar los ingresos perdidos, la atenci\u00f3n m\u00e9dica y otros gastos derivados de las lesiones. <a href=\"index.html\">El Grupo Legal Flaxman<\/a> lleva 25 a\u00f1os ayudando a v\u00edctimas de lesiones personales y de accidentes automovil\u00edsticos en todo Florida del Sur. Pueden organizarte una consulta gratuita y sin compromiso para que puedas hablar de tu caso con un abogado antes de tomar cualquier decisi\u00f3n sobre qu\u00e9 hacer.<\/p>\n<p><strong class=\"heading4\"> Qu\u00e9 hacer si has tenido un accidente de coche en Miami <\/strong><\/p>\n<p>Si has tenido un accidente de coche en Miami, tus dos primeras prioridades ser\u00e1n prestar asistencia a cualquier herido en el lugar del accidente y salvaguardar tus derechos y opciones. Ofrece ayuda a quien la necesite, pero ten especial cuidado con quien parezca haber sufrido una lesi\u00f3n grave en la cabeza o en la m\u00e9dula espinal. Ambas lesiones pueden agravarse si se mueve a las v\u00edctimas. Llama al 911 y sigue las instrucciones del operador para mantener a salvo a las v\u00edctimas hasta que llegue la ayuda de emergencia.<\/p>\n<p>Una vez que te hayas ocupado de las necesidades m\u00e9dicas de urgencia, querr\u00e1s pensar en tu futuro. En muchos casos, una de las primeras llamadas que haces tras sufrir un accidente de coche en Miami debe ser a un abogado local de lesiones personales. Los casos de accidente de coche pueden ser complejos y a menudo se necesita un abogado experto en lesiones personales para salvaguardar tus derechos y tu futuro.<\/p>\n<p><strong class=\"heading4\"> \u00bfPor qu\u00e9 hablar con un abogado de lesiones personales en Miami? <\/strong><\/p>\n<p>Si has resultado herido en un accidente de coche en Miami, puede ser necesario investigar m\u00e1s a fondo. Un abogado local puede iniciar una investigaci\u00f3n sobre tu accidente para obtener las respuestas que necesitas. Es importante que no firmes nada antes de hablar con ning\u00fan abogado, ya que querr\u00e1s asesoramiento jur\u00eddico antes de aceptar cualquier oferta de indemnizaci\u00f3n. Si firmas documentos antes de obtener asesoramiento jur\u00eddico, puedes acabar renunciando a tus derechos.<\/p>\n<p>Si usted ha resultado lesionado en un accidente de tr\u00e1fico en Miami, <a href=\"contacta con nosotros.html\">contacte<\/a> al Grupo Legal Flaxman para programar una consulta gratuita sobre accidentes y hablar sobre su caso. El equipo jur\u00eddico del Grupo Legal Flaxman ha recuperado m\u00e1s de $25 millones de d\u00f3lares a favor de v\u00edctimas de lesiones personales y de accidentes automovil\u00edsticos en todo Florida del Sur. El equipo legal lucha agresivamente a favor de las v\u00edctimas y ha llevado muchos casos a la corte, mientras que otros se han resuelto extrajudicialmente. El equipo jur\u00eddico del Grupo Legal Flaxman tambi\u00e9n puede negociar con las aseguradoras en su nombre. Llame hoy mismo para averiguar lo que el Grupo Legal Flaxman puede hacer por usted.<\/p>\n<\/div>\n<div class=\"subpageslist\"><\/div>\n<\/div>\n","protected":false},"excerpt":{"rendered":"<p>Sin honorarios a menos que ganemos. Llama al 866-352-9626 para una &#8230; <\/p>\n","protected":false},"author":3,"featured_media":0,"parent":0,"menu_order":0,"comment_status":"closed","ping_status":"closed","template":"template-practice-areas.php","meta":{"footnotes":""},"class_list":["post-21724","page","type-page","status-publish","hentry"],"featured_image_src":null,"featured_image_src_square":null,"_links":{"self":[{"href":"https:\/\/flaxmanlaw.com\/es\/wp-json\/wp\/v2\/pages\/21724","targetHints":{"allow":["GET"]}}],"collection":[{"href":"https:\/\/flaxmanlaw.com\/es\/wp-json\/wp\/v2\/pages"}],"about":[{"href":"https:\/\/flaxmanlaw.com\/es\/wp-json\/wp\/v2\/types\/page"}],"author":[{"embeddable":true,"href":"https:\/\/flaxmanlaw.com\/es\/wp-json\/wp\/v2\/users\/3"}],"replies":[{"embeddable":true,"href":"https:\/\/flaxmanlaw.com\/es\/wp-json\/wp\/v2\/comments?post=21724"}],"version-history":[{"count":0,"href":"https:\/\/flaxmanlaw.com\/es\/wp-json\/wp\/v2\/pages\/21724\/revisions"}],"wp:attachment":[{"href":"https:\/\/flaxmanlaw.com\/es\/wp-json\/wp\/v2\/media?parent=21724"}],"curies":[{"name":"wp","href":"https:\/\/api.w.org\/{rel}","templated":true}]}}