{"id":21726,"date":"2024-11-18T12:45:24","date_gmt":"2024-11-18T12:45:24","guid":{"rendered":"https:\/\/flaxmanlaw.wpenginepowered.com\/salida-de-la-carretera-hollywood-florida-abogados-de-accidentes-automovilisticos-grupo-legal-flaxman\/"},"modified":"2024-11-18T12:45:24","modified_gmt":"2024-11-18T12:45:24","slug":"salida-de-la-carretera-hollywood-florida-abogados-de-accidentes-automovilisticos-grupo-legal-flaxman","status":"publish","type":"page","link":"https:\/\/flaxmanlaw.com\/es\/salida-de-la-carretera-hollywood-florida-abogados-de-accidentes-automovilisticos-grupo-legal-flaxman\/","title":{"rendered":"Salida de la Carretera | Hollywood, Florida Abogados de Accidentes Automovil\u00edsticos Grupo Legal Flaxman"},"content":{"rendered":"<div class=\"bodytext\">\n<h2>Salida de la carretera<\/h1><\/h2>\n<div class=\"description\">\n<p>Las carreteras de Hollywood y del resto del sur de Florida est\u00e1n dise\u00f1adas para ofrecer una superficie segura para la conducci\u00f3n, por lo que salirse de la calzada o ser empujado fuera de ella en una colisi\u00f3n puede ser una de las situaciones m\u00e1s peligrosas para los automovilistas. Uno de los tipos m\u00e1s aterradores de accidentes de tr\u00e1fico que se producen implica que un veh\u00edculo se salga totalmente de la carretera. Los accidentes por salida de la calzada ocurren cuando un coche se sale de control y cruza una l\u00ednea central o cualquier marca vial, lo que lleva al veh\u00edculo a salirse de la calzada. Este tipo de accidente puede hacer que un coche caiga en una zanja, un campo u otra zona fuera de la carretera.   <\/p>\n<p>Si has sufrido un accidente de tr\u00e1fico en Hollywood o en cualquier lugar de Florida del Sur, hay lugares a los que puedes acudir. Por ejemplo, siempre puedes acudir al despacho del Grupo Legal Flaxman para recibir asesor\u00eda y representaci\u00f3n legal. En el Grupo Legal Flaxman, nuestro equipo legal desea genuinamente ayudar, y es por ello que ofrecemos una consulta sin compromiso y sin costo a cualquier persona que haya resultado lesionada. Cont\u00e1ctanos hoy mismo para revisar tu situaci\u00f3n con nuestro equipo legal y averiguar si tienes una demanda.   <\/p>\n<p><strong class=\"heading4\">Causas de los accidentes por salida de carril y carretera<\/strong><\/p>\n<p>Seg\u00fan la Administraci\u00f3n Federal de Carreteras, los accidentes por salida de la v\u00eda son muy frecuentes, y muy mortales. La agencia informa de que en 2011 se produjeron 15.307 colisiones mortales de autom\u00f3viles en todo Estados Unidos en las que se produjo una salida de la v\u00eda. Estos accidentes causaron 16.948 muertes y representaron m\u00e1s de la mitad de todos los accidentes mortales en Estados Unidos.  <\/p>\n<p>Hay muchas cosas que pueden provocar colisiones en carretera y salidas de carril, entre ellas:<\/p>\n<ul>\n<li>Exceso de velocidad<\/li>\n<li>Conducci\u00f3n fatigada<\/li>\n<li>Conducci\u00f3n distra\u00edda<\/li>\n<li>Conducir bebido o en estado de embriaguez<\/li>\n<li>Malas condiciones de la carretera o del tiempo<\/li>\n<li>Girar bruscamente<\/li>\n<li>Fallo mec\u00e1nico<\/li>\n<\/ul>\n<p><strong class=\"heading4\">\u00bfPor qu\u00e9 son tan peligrosos los accidentes de tr\u00e1fico y de salida de carril?<\/strong><\/p>\n<p>Hay muchos peligros presentes en los accidentes de salida de la carretera, entre ellos:<\/p>\n<ul>\n<li>El coche puede volcar hacia delante y caer en una zanja, causando lesiones m\u00e1s graves<\/li>\n<li>El coche puede entrar en una masa de agua si el accidente ocurre sobre un puente, lo que puede suponer un peligro de ahogamiento<\/li>\n<li>Las zonas todoterreno pueden tener sus propios peligros y el coche puede no estar dise\u00f1ado para afrontarlos<\/li>\n<li>Debido al cambio de firme, existe riesgo de vuelco<\/li>\n<li>El coche puede chocar contra una barrera, como un guardarra\u00edl, al salirse de la carretera, lo que puede causar da\u00f1os adicionales<\/li>\n<\/ul>\n<p>Los accidentes por salida de la v\u00eda pueden ser colisiones de un solo veh\u00edculo o de varios. Dado que este tipo de colisiones implican una fuerza suficiente para empujar un coche fuera de la carretera, las lesiones sufridas pueden ser m\u00e1s graves debido a la gravedad de las colisiones. Tambi\u00e9n conocidas como colisiones por salida de la calzada, este tipo de colisiones pueden provocar lesiones permanentes, como lesiones medulares o craneales, o incluso mortales.  <\/p>\n<p>Si has resultado lesionado despu\u00e9s de que tu auto se sali\u00f3 del camino, contacta al Grupo Legal Flaxman para recibir asesor\u00eda legal. Siempre puede contactar a nuestra firma legal al 866-352-9626 o v\u00eda correo electr\u00f3nico para programar una revisi\u00f3n gratuita de su caso y hablar sobre su situaci\u00f3n. Nuestro equipo jur\u00eddico representa a demandantes en los Condados de Miami-Dade, Palm Beach, South Miami Heights, Broward, y \u00e1reas circundantes desde nuestras oficinas en Hollywood, Homestead, y Miami. S\u00f3lo tienes que <a href=\"contacta con nosotros.html\">ponerte en contacto con<\/a> nuestro bufete para solicitar una consulta gratuita.   <\/p>\n<\/p><\/div>\n<div class=\"subpageslist\">\n<ul> <\/ul>\n<\/p><\/div>\n<\/p><\/div>\n","protected":false},"excerpt":{"rendered":"<p>Sin honorarios a menos que ganemos. Llama al 866-352-9626 para una &#8230; <\/p>\n","protected":false},"author":3,"featured_media":0,"parent":0,"menu_order":0,"comment_status":"closed","ping_status":"closed","template":"template-practice-areas.php","meta":{"footnotes":""},"class_list":["post-21726","page","type-page","status-publish","hentry"],"featured_image_src":null,"featured_image_src_square":null,"_links":{"self":[{"href":"https:\/\/flaxmanlaw.com\/es\/wp-json\/wp\/v2\/pages\/21726","targetHints":{"allow":["GET"]}}],"collection":[{"href":"https:\/\/flaxmanlaw.com\/es\/wp-json\/wp\/v2\/pages"}],"about":[{"href":"https:\/\/flaxmanlaw.com\/es\/wp-json\/wp\/v2\/types\/page"}],"author":[{"embeddable":true,"href":"https:\/\/flaxmanlaw.com\/es\/wp-json\/wp\/v2\/users\/3"}],"replies":[{"embeddable":true,"href":"https:\/\/flaxmanlaw.com\/es\/wp-json\/wp\/v2\/comments?post=21726"}],"version-history":[{"count":0,"href":"https:\/\/flaxmanlaw.com\/es\/wp-json\/wp\/v2\/pages\/21726\/revisions"}],"wp:attachment":[{"href":"https:\/\/flaxmanlaw.com\/es\/wp-json\/wp\/v2\/media?parent=21726"}],"curies":[{"name":"wp","href":"https:\/\/api.w.org\/{rel}","templated":true}]}}