{"id":21727,"date":"2024-11-18T12:45:24","date_gmt":"2024-11-18T12:45:24","guid":{"rendered":"https:\/\/flaxmanlaw.wpenginepowered.com\/las-lesiones-por-movimientos-repetitivos-son-lesiones-laborales-comunes-en-florida\/"},"modified":"2025-12-04T03:59:45","modified_gmt":"2025-12-04T03:59:45","slug":"las-lesiones-por-movimientos-repetitivos-son-lesiones-laborales-comunes-en-florida","status":"publish","type":"page","link":"https:\/\/flaxmanlaw.com\/es\/las-lesiones-por-movimientos-repetitivos-son-lesiones-laborales-comunes-en-florida\/","title":{"rendered":"Lesiones Repetitivas Laborales en FL"},"content":{"rendered":"<div class=\"bodytext\">\n<h2>Las lesiones por movimientos repetitivos son lesiones laborales comunes en Florida<\/h2>\n<div class=\"description\">\n<p>En el acelerado ambiente laboral de Florida, incluyendo comunidades como Hollywood, las lesiones por movimientos repetitivos son una preocupaci\u00f3n frecuente. Si usted ha sufrido una lesi\u00f3n de este tipo en el lugar de trabajo, contacte al Grupo Legal Flaxman para una consulta gratuita sobre accidentes con un abogado de compensaci\u00f3n al trabajador de Florida.<\/p>\n<p><strong class=\"heading4\">Comprensi\u00f3n de las lesiones por movimientos repetitivos en Hollywood, Florida<\/strong><\/p>\n<p>En Florida, donde los trabajadores aportan lo mejor de s\u00ed mismos a todas las industrias, las lesiones por movimientos repetitivos se han convertido en un peligro habitual en el lugar de trabajo. Estas lesiones se producen por la repetici\u00f3n de movimientos espec\u00edficos a lo largo del tiempo, lo que provoca tensiones y da\u00f1os en m\u00fasculos, tendones y nervios. Estas lesiones pueden producirse en cualquier entorno laboral, desde trabajos en f\u00e1bricas hasta funciones de oficina.<\/p>\n<p><strong class=\"heading4\">Lesiones comunes por movimientos repetitivos en Florida<\/strong><\/p>\n<p>Cada industria puede poner a los empleados en riesgo de sufrir diferentes lesiones por movimientos repetitivos, pero los diagn\u00f3sticos m\u00e1s comunes incluyen:<\/p>\n<ul>\n<li><strong>T\u00fanel car<\/strong> piano Com\u00fan entre los trabajadores de oficina, la mecanograf\u00eda repetitiva y el uso del ordenador pueden provocar el s\u00edndrome del t\u00fanel carpiano, causando dolor, entumecimiento y debilidad en la mano y la mu\u00f1eca.<\/li>\n<li>Los trabajadores de profesiones f\u00edsicamente exigentes, como la construcci\u00f3n y la fabricaci\u00f3n, son propensos a la tendinitis debido a las acciones repetitivas que inflaman los tendones.<\/li>\n<li>Los movimientos repetitivos pueden causar inflamaci\u00f3n en las bursas, peque\u00f1os sacos llenos de l\u00edquido que amortiguan los huesos, lo que provoca molestias considerables.<\/li>\n<li><strong>Lesiones del manguito rotador. <\/strong>Los movimientos por encima de la cabeza pueden provocar lesiones del manguito de los rotadores, que afectan a trabajadores de diversos campos, como la construcci\u00f3n y el atletismo.<\/li>\n<li><strong>Dedo en gatillo.<\/strong> Com\u00fan entre quienes agarran objetos o utilizan herramientas repetidamente, esta lesi\u00f3n hace que el dedo se bloquee o se enganche al doblarlo.<\/li>\n<\/ul>\n<p><strong class=\"heading4\">Por qu\u00e9 necesitas un abogado con experiencia en Indemnizaci\u00f3n Laboral en Hollywood<\/strong><\/p>\n<p>Tratar una lesi\u00f3n por movimientos repetitivos puede ser un reto, ya que el desarrollo gradual de los s\u00edntomas puede dificultar la determinaci\u00f3n de la causa exacta. Puede ser dif\u00edcil demostrar que tu lesi\u00f3n fue causada por las obligaciones laborales, lo que a su vez dificulta la obtenci\u00f3n de la <a href=\"indemnizacion-trabajadores.html\">indemnizaci\u00f3n laboral<\/a> a la que puedes tener derecho.<\/p>\n<p>Buscar la representaci\u00f3n legal de un abogado experto en compensaci\u00f3n al trabajador en Hollywood o en tu comunidad de Florida es crucial para proteger tus derechos y buscar una compensaci\u00f3n justa por tu sufrimiento. En el Grupo Legal Flaxman, nuestros abogados tienen un profundo conocimiento de las leyes de compensaci\u00f3n al trabajador de Florida y est\u00e1n dedicados a hacer una diferencia en las vidas de quienes han resultado lesionados.<\/p>\n<p>Ya que las lesiones por movimientos repetitivos son dif\u00edciles de probar, el Grupo Legal Flaxman trabaja estrechamente con expertos m\u00e9dicos, testigos expertos, y otros profesionales que pueden ayudar. El abogado Charles Flaxman tambi\u00e9n pas\u00f3 diez a\u00f1os trabajando para compa\u00f1\u00edas de seguros antes de dedicarse a ayudar a quienes han sufrido lesiones, as\u00ed que entiende exactamente c\u00f3mo trabajan las compa\u00f1\u00edas de seguros para minimizar las demandas leg\u00edtimas. Utiliza este conocimiento para ayudarte a buscar una indemnizaci\u00f3n justa superando estas t\u00e1cticas de las aseguradoras.<\/p>\n<p>Si sospechas que puedes estar sufriendo una lesi\u00f3n por movimientos repetitivos en Hollywood o en cualquier otro lugar de Florida, act\u00faa con prontitud. El estatuto de limitaciones de Florida establece l\u00edmites de tiempo espec\u00edficos para presentar una demanda de compensaci\u00f3n al trabajador. Contactar al Grupo Legal Flaxman tan pronto como sea posible despu\u00e9s de tu lesi\u00f3n o diagn\u00f3stico incrementa tus posibilidades de obtener la compensaci\u00f3n que mereces.<\/p>\n<p>Contacte hoy mismo al Grupo Legal Flaxman para una consulta confidencial llamando a nuestras oficinas en Hollywood, Homestead, o Miami al 866-352-9626. Tambi\u00e9n puede <a href=\"contacta con nosotros.html\">contactarnos en l\u00ednea<\/a> o enviar un correo electr\u00f3nico al abogado de accidentes Charles Flaxman a <a href=\"mailto:cf******@********aw.com\" data-original-string=\"t\/9zOFNHFvZ28kQhfhDt6g==614OhejHMy042jDAPG8TLHnQDR7X1FsTKrA+6YvlMaARcs=\" title=\"This contact has been encoded by Anti-Spam by CleanTalk. Click to decode. To finish the decoding make sure that JavaScript is enabled in your browser.\"><span \n                data-original-string='b4ru0KkJSwBySsNmNdsh5A==614eHbAbjM6LuCheRmG3M5I1o8ent6WAbI\/reDpZIHlM0s='\n                class='apbct-email-encoder'\n                title='This contact has been encoded by Anti-Spam by CleanTalk. Click to decode. To finish the decoding make sure that JavaScript is enabled in your browser.'>cf<span class=\"apbct-blur\">******<\/span>@<span class=\"apbct-blur\">********<\/span>aw.com<\/span>.<\/a> Tu primera consulta es absolutamente gratuita y sin compromiso, para que puedas obtener los hechos antes de decidir qu\u00e9 hacer a continuaci\u00f3n sobre tus lesiones.<\/p>\n<\/div>\n<\/div>\n","protected":false},"excerpt":{"rendered":"<p>Sin honorarios a menos que ganemos. Llama al 866-352-9626 para una &#8230; <\/p>\n","protected":false},"author":3,"featured_media":0,"parent":0,"menu_order":0,"comment_status":"closed","ping_status":"closed","template":"template-practice-areas.php","meta":{"footnotes":""},"class_list":["post-21727","page","type-page","status-publish","hentry"],"featured_image_src":null,"featured_image_src_square":null,"_links":{"self":[{"href":"https:\/\/flaxmanlaw.com\/es\/wp-json\/wp\/v2\/pages\/21727","targetHints":{"allow":["GET"]}}],"collection":[{"href":"https:\/\/flaxmanlaw.com\/es\/wp-json\/wp\/v2\/pages"}],"about":[{"href":"https:\/\/flaxmanlaw.com\/es\/wp-json\/wp\/v2\/types\/page"}],"author":[{"embeddable":true,"href":"https:\/\/flaxmanlaw.com\/es\/wp-json\/wp\/v2\/users\/3"}],"replies":[{"embeddable":true,"href":"https:\/\/flaxmanlaw.com\/es\/wp-json\/wp\/v2\/comments?post=21727"}],"version-history":[{"count":0,"href":"https:\/\/flaxmanlaw.com\/es\/wp-json\/wp\/v2\/pages\/21727\/revisions"}],"wp:attachment":[{"href":"https:\/\/flaxmanlaw.com\/es\/wp-json\/wp\/v2\/media?parent=21727"}],"curies":[{"name":"wp","href":"https:\/\/api.w.org\/{rel}","templated":true}]}}