{"id":21728,"date":"2024-11-18T12:45:24","date_gmt":"2024-11-18T12:45:24","guid":{"rendered":"https:\/\/flaxmanlaw.wpenginepowered.com\/violaciones-del-derecho-de-paso-abogados-de-accidentes-de-moto-en-hollywood-florida\/"},"modified":"2025-12-04T04:00:06","modified_gmt":"2025-12-04T04:00:06","slug":"violaciones-del-derecho-de-paso-abogados-de-accidentes-de-moto-en-hollywood-florida","status":"publish","type":"page","link":"https:\/\/flaxmanlaw.com\/es\/violaciones-del-derecho-de-paso-abogados-de-accidentes-de-moto-en-hollywood-florida\/","title":{"rendered":"Violaciones del Derecho de Paso"},"content":{"rendered":"<div class=\"bodytext\">\n<h2>Infracciones del derecho de paso<\/h2>\n<div class=\"description\">\n<p>Cuando los conductores no ceden el paso, no s\u00f3lo son groseros, sino que su imprudencia puede provocar lesiones graves e incluso muertes. Los accidentes de moto en Miami y en toda Florida en los que se infringe el derecho de paso ocurren en cruces y a lo largo de carreteras muy transitadas, como las autopistas. A menudo, los resultados son devastadores. Estos accidentes pueden causar lesiones graves en la cabeza, lesiones medulares, factores y otras lesiones catastr\u00f3ficas.<\/p>\n<p>Las v\u00edctimas y los supervivientes de accidentes de moto en Miami y en todo el sur de Florida no suelen ser conscientes de que tienen derechos que les protegen tras su accidente. La legislaci\u00f3n de Florida tiene una serie de estipulaciones que garantizan que las v\u00edctimas que han sufrido lesiones en accidentes de tr\u00e1fico en Miami o en cualquier lugar de Florida puedan recurrir a la ley. Si tu accidente fue causado por la negligencia o imprudencia de alguien, por ejemplo, puedes emprender acciones legales para obtener una indemnizaci\u00f3n. Puedes obtener una indemnizaci\u00f3n para pagar los gastos m\u00e9dicos, el dolor y el sufrimiento, los da\u00f1os materiales, el lucro cesante y otros gastos relacionados con tu accidente. Si has perdido a un ser querido en un accidente de moto, es posible que puedas presentar una demanda por homicidio culposo en Miami para obtener una indemnizaci\u00f3n por el dolor y el sufrimiento, los gastos funerarios, los gastos m\u00e9dicos finales, la posible p\u00e9rdida de ingresos, la p\u00e9rdida de compa\u00f1\u00eda y otros gastos. Aunque a veces es dif\u00edcil pensar en el dinero tras la devastaci\u00f3n de un accidente de tr\u00e1fico, es importante pensar en el futuro de tu familia. Ser capaz de asegurar recursos econ\u00f3micos para tu familia puede convertirse en una forma importante de garantizar que dispones del dinero necesario para recuperarte lo mejor posible. Disponer de recursos econ\u00f3micos garantiza que tendr\u00e1s dinero para pagar la atenci\u00f3n m\u00e9dica y otros gastos necesarios, de modo que puedas centrarte plenamente en curarte. Si deseas m\u00e1s informaci\u00f3n, ponte en contacto con el Grupo Legal Flaxman en cualquier momento para saber m\u00e1s.<\/p>\n<p><strong class=\"heading4\">Lesiones derivadas de infracciones de la preferencia de paso y accidentes de moto<\/strong><\/p>\n<p>Los accidentes de moto pueden provocar una serie de lesiones devastadoras, entre ellas:<\/p>\n<ol start=\"1\" type=\"1\">\n<li style=\"list-style-type: none;\">\n<ol start=\"1\" type=\"1\">\n<li><strong><a href=\"accidente frontal.html\">Lesiones en la cabeza<\/a><\/strong>. Las estad\u00edsticas muestran que las lesiones en la cabeza son la principal causa de muerte en accidentes de moto en Miami y en toda Florida.<\/li>\n<\/ol>\n<\/li>\n<\/ol>\n<p>&nbsp;<\/p>\n<ol start=\"1\" type=\"1\">\n<li style=\"list-style-type: none;\">\n<ol start=\"1\" type=\"1\">\n<li><strong><a href=\"lesiones de la columna vertebral.html\">Traumatismo medular<\/a><\/strong>. En un accidente de moto, el motorista puede salir despedido de su veh\u00edculo y el impacto puede causar graves lesiones medulares.<\/li>\n<\/ol>\n<\/li>\n<\/ol>\n<p>&nbsp;<\/p>\n<ol start=\"1\" type=\"1\">\n<li style=\"list-style-type: none;\">\n<ol start=\"1\" type=\"1\">\n<li><strong><a href=\"lesiones-quemaduras.html\">Quemaduras<\/a><\/strong>. El dep\u00f3sito de combustible de las motocicletas est\u00e1 menos protegido que el de un turismo. En una colisi\u00f3n grave, el dep\u00f3sito de combustible puede sufrir da\u00f1os y tener fugas de gas, lo que puede provocar un incendio. Cada a\u00f1o, pacientes con quemaduras son trasladados a hospitales de Miami y Florida por este motivo.<\/li>\n<\/ol>\n<\/li>\n<\/ol>\n<p>&nbsp;<\/p>\n<ol start=\"1\" type=\"1\">\n<li style=\"list-style-type: none;\">\n<ol start=\"1\" type=\"1\">\n<li><strong>Amputaciones<\/strong>. Las lesiones en la parte inferior del cuerpo son frecuentes en los accidentes de moto. Un motorista puede quedar atrapado bajo el veh\u00edculo, causando graves da\u00f1os en las extremidades.<\/li>\n<\/ol>\n<\/li>\n<\/ol>\n<p>&nbsp;<\/p>\n<ol start=\"1\" type=\"1\">\n<li style=\"list-style-type: none;\">\n<ol start=\"1\" type=\"1\">\n<li><strong>Fracturas \u00f3seas<\/strong>. Las estad\u00edsticas muestran que las fracturas figuran entre las lesiones no mortales m\u00e1s frecuentes asociadas a los accidentes de tr\u00e1fico de motocicletas en Miami y Florida.<\/li>\n<\/ol>\n<\/li>\n<\/ol>\n<p>&nbsp;<\/p>\n<ol start=\"1\" type=\"1\">\n<li><strong>Lesiones de tejidos blandos<\/strong>. Cuando un motorista sale despedido de una motocicleta en una colisi\u00f3n, puede sufrir f\u00e1cilmente un latigazo cervical y lesiones similares.<\/li>\n<\/ol>\n<p><strong class=\"heading4\">Tratar las lesiones tras un accidente<\/strong><\/p>\n<p>Si usted est\u00e1 buscando un abogado de accidentes de motocicleta en Miami, <a href=\"contacta con nosotros.html\">contacte<\/a> al equipo jur\u00eddico del Grupo Legal Flaxman. El equipo jur\u00eddico del Grupo Legal Flaxman cuenta con m\u00e1s de 25 a\u00f1os de experiencia ayudando a v\u00edctimas de lesiones personales, v\u00edctimas de accidentes de motocicleta, y otras v\u00edctimas de accidentes de tr\u00e1fico en todo Florida del Sur. El equipo jur\u00eddico del Grupo Legal Flaxman tiene una oficina a largo plazo en Miami, as\u00ed como otras oficinas en todo Florida del Sur para servir mejor a los sobrevivientes. El equipo jur\u00eddico del Grupo Legal Flaxman ya ha recuperado m\u00e1s de $25 millones de d\u00f3lares a favor de miles de v\u00edctimas de lesiones personales en Miami y en todo Florida del Sur. El compasivo y atento equipo legal est\u00e1 siempre disponible para ayudarte si has resultado lesionado. De hecho, los tel\u00e9fonos del Grupo Legal Flaxman est\u00e1n atendidos las 24 horas del d\u00eda, los siete d\u00edas de la semana, para servirte mejor. Siempre puedes ponerte en contacto con el personal para concertar una consulta gratuita y sin compromiso para hablar sobre tu caso.<\/p>\n<\/div>\n<div class=\"subpageslist\"><\/div>\n<\/div>\n","protected":false},"excerpt":{"rendered":"<p>Sin honorarios a menos que ganemos. Llama al 866-352-9626 para una &#8230; <\/p>\n","protected":false},"author":3,"featured_media":0,"parent":0,"menu_order":0,"comment_status":"closed","ping_status":"closed","template":"template-practice-areas.php","meta":{"footnotes":""},"class_list":["post-21728","page","type-page","status-publish","hentry"],"featured_image_src":null,"featured_image_src_square":null,"_links":{"self":[{"href":"https:\/\/flaxmanlaw.com\/es\/wp-json\/wp\/v2\/pages\/21728","targetHints":{"allow":["GET"]}}],"collection":[{"href":"https:\/\/flaxmanlaw.com\/es\/wp-json\/wp\/v2\/pages"}],"about":[{"href":"https:\/\/flaxmanlaw.com\/es\/wp-json\/wp\/v2\/types\/page"}],"author":[{"embeddable":true,"href":"https:\/\/flaxmanlaw.com\/es\/wp-json\/wp\/v2\/users\/3"}],"replies":[{"embeddable":true,"href":"https:\/\/flaxmanlaw.com\/es\/wp-json\/wp\/v2\/comments?post=21728"}],"version-history":[{"count":0,"href":"https:\/\/flaxmanlaw.com\/es\/wp-json\/wp\/v2\/pages\/21728\/revisions"}],"wp:attachment":[{"href":"https:\/\/flaxmanlaw.com\/es\/wp-json\/wp\/v2\/media?parent=21728"}],"curies":[{"name":"wp","href":"https:\/\/api.w.org\/{rel}","templated":true}]}}