{"id":21729,"date":"2024-11-18T12:45:24","date_gmt":"2024-11-18T12:45:24","guid":{"rendered":"https:\/\/flaxmanlaw.wpenginepowered.com\/danos-a-la-propiedad-abogados-de-reclamaciones-de-seguros-en-miami-grupo-legal-flaxman\/"},"modified":"2025-05-06T09:56:09","modified_gmt":"2025-05-06T09:56:09","slug":"danos-a-la-propiedad-abogados-de-reclamaciones-de-seguros-en-miami-grupo-legal-flaxman","status":"publish","type":"page","link":"https:\/\/flaxmanlaw.com\/es\/danos-a-la-propiedad-abogados-de-reclamaciones-de-seguros-en-miami-grupo-legal-flaxman\/","title":{"rendered":"Da\u00f1os a la Propiedad en Miami"},"content":{"rendered":"<div class=\"bodytext\">\n<h2>Da\u00f1os materiales<\/h2>\n<div class=\"description\">\n<p><strong class=\"heading4\">Da\u00f1os materiales en Hollywood<\/strong><\/p>\n<p>En el sur de Florida, un abogado de da\u00f1os a la propiedad en Hollywood puede ser alguien a quien llamar cuando se producen da\u00f1os graves en tu vivienda. Los da\u00f1os a la propiedad pueden proceder de muchas fuentes, como termitas, tormentas tropicales, actos il\u00edcitos, etc. La propiedad de tu casa o negocio puede ser una de tus mayores inversiones, por lo que no es de extra\u00f1ar que probablemente hayas estado pagando primas de seguro de propiedad para asegurarte de que est\u00e1s cubierto.<\/p>\n<p>Pero, \u00bfqu\u00e9 sucede cuando tu casa se inunda o sufre da\u00f1os? Desgraciadamente, muchos propietarios de viviendas en Hollywood s\u00f3lo descubren despu\u00e9s de un incidente grave que no est\u00e1n tan protegidos como pensaban, por lo que muchos propietarios locales contactan con el Grupo Legal Flaxman para una consulta con un abogado de da\u00f1os a la propiedad en Hollywood inmediatamente despu\u00e9s de los da\u00f1os a su vivienda.<\/p>\n<p><strong class=\"heading4\">Tipos de da\u00f1os materiales<\/strong><\/p>\n<p>Puede que quieras ponerte en contacto con un abogado especializado en da\u00f1os a la propiedad en Hollywood para muchos tipos de situaciones:<\/p>\n<ul class=\"no-spacing-list\">\n<li><a href=\"da\u00f1os por moho.html\">Da\u00f1os por moho<\/a><\/li>\n<li><a href=\"da\u00f1os por viento y lluvia.html\">Da\u00f1os por viento y lluvia<\/a><\/li>\n<li>Da\u00f1os por tormentas<\/li>\n<li>Construcci\u00f3n defectuosa<\/li>\n<li>Da\u00f1os por humo e incendio<\/li>\n<li>Reclamaciones denegadas<\/li>\n<li>Da\u00f1os por hurac\u00e1n<\/li>\n<li>Da\u00f1os por inundaci\u00f3n<\/li>\n<li>Da\u00f1os por agua<\/li>\n<li>Da\u00f1os en el tejado<\/li>\n<li>Da\u00f1os por robo<\/li>\n<li>Da\u00f1os en el tejado<\/li>\n<li>Da\u00f1os en los cimientos<\/li>\n<li>Da\u00f1os en revestimientos y ventanas<\/li>\n<\/ul>\n<p><strong class=\"heading4\">Presentar una reclamaci\u00f3n al seguro tras da\u00f1os en tu vivienda<\/strong><\/p>\n<p>Si has sufrido inundaciones, viento o cualquier otro da\u00f1o, uno de tus primeros instintos puede ser llamar a tu aseguradora de hogar. Sin embargo, puede ser dif\u00edcil saber qu\u00e9 est\u00e1 cubierto y qu\u00e9 no. \u00bfRecibes una cantidad justa por tus da\u00f1os, algo que cubra todos los gastos de reparaci\u00f3n? \u00bfQu\u00e9 tienes que hacer para presentar una reclamaci\u00f3n? \u00bfCon qui\u00e9n debes hablar?<\/p>\n<p><strong class=\"heading4\">\u00bfQu\u00e9 ocurre despu\u00e9s de que mi propiedad en Hollywood sufra da\u00f1os?<\/strong><\/p>\n<p>Es importante que tengas una copia de tu p\u00f3liza de seguro y que la leas para asegurarte de que entiendes lo que est\u00e1 cubierto y lo que no. Tambi\u00e9n debes saber c\u00f3mo ponerte en contacto con tu aseguradora y cu\u00e1les son tus responsabilidades.<\/p>\n<p>Cuando eval\u00faes los da\u00f1os en tu casa, considera la posibilidad de hacer fotos y v\u00eddeos, para que, en caso de que la aseguradora tarde en acudir, tengas pruebas. Tambi\u00e9n es posible que tengas que retirar algunos objetos para garantizar la seguridad de tu casa. De nuevo, es importante que hagas fotos y v\u00eddeos antes de mover nada.<\/p>\n<p>Tendr\u00e1s que ponerte en contacto con tu aseguradora para iniciar el proceso de reclamaci\u00f3n. Sin embargo, tambi\u00e9n puedes ponerte en contacto con un abogado especializado en da\u00f1os a la propiedad que preste servicio a los residentes de Hollywood, para que te asesore sobre c\u00f3mo obtener una indemnizaci\u00f3n justa y te haga una evaluaci\u00f3n imparcial de cu\u00e1nto pueden costar tus da\u00f1os.<\/p>\n<p><strong class=\"heading4\">\u00bfQu\u00e9 puedo hacer si mi casa ha sufrido da\u00f1os?<\/strong><\/p>\n<p>Trabajar con un abogado especializado en da\u00f1os materiales puede ayudarte. Tu abogado puede determinar c\u00f3mo ser\u00edan unas reclamaciones justas por da\u00f1os como los tuyos y puede negociar con tu aseguradora para conseguir la cantidad correcta y justa que necesitas. Un abogado puede responder a tus preguntas y asegurarse de que se cumplen todos los requisitos de la aseguradora.<\/p>\n<p><strong class=\"heading4\">\u00bfCu\u00e1ndo debes llamar a un abogado de da\u00f1os materiales en Hollywood?<\/strong><\/p>\n<p>Si usted necesita hablar con un abogado de da\u00f1os a la propiedad, contacte al Grupo Legal Flaxman al 1-866-352-9626 (1-866-FLAXMAN) para una consulta gratuita sobre accidentes con un abogado de da\u00f1os a la propiedad que sirva a los residentes de Hollywood. Nuestro equipo ha trabajado con demandantes y reclamantes durante a\u00f1os en Hollywood y en todo Florida del Sur. Podemos trabajar contigo para negociar una reclamaci\u00f3n justa al seguro que te ayude a volver a la normalidad despu\u00e9s de que tu propiedad sufra da\u00f1os graves.<\/p>\n<\/div>\n<\/div>\n","protected":false},"excerpt":{"rendered":"<p>Sin honorarios a menos que ganemos. Llama al 866-352-9626 para una &#8230; <\/p>\n","protected":false},"author":3,"featured_media":0,"parent":0,"menu_order":0,"comment_status":"closed","ping_status":"closed","template":"template-practice-areas.php","meta":{"footnotes":""},"class_list":["post-21729","page","type-page","status-publish","hentry"],"featured_image_src":null,"featured_image_src_square":null,"_links":{"self":[{"href":"https:\/\/flaxmanlaw.com\/es\/wp-json\/wp\/v2\/pages\/21729","targetHints":{"allow":["GET"]}}],"collection":[{"href":"https:\/\/flaxmanlaw.com\/es\/wp-json\/wp\/v2\/pages"}],"about":[{"href":"https:\/\/flaxmanlaw.com\/es\/wp-json\/wp\/v2\/types\/page"}],"author":[{"embeddable":true,"href":"https:\/\/flaxmanlaw.com\/es\/wp-json\/wp\/v2\/users\/3"}],"replies":[{"embeddable":true,"href":"https:\/\/flaxmanlaw.com\/es\/wp-json\/wp\/v2\/comments?post=21729"}],"version-history":[{"count":0,"href":"https:\/\/flaxmanlaw.com\/es\/wp-json\/wp\/v2\/pages\/21729\/revisions"}],"wp:attachment":[{"href":"https:\/\/flaxmanlaw.com\/es\/wp-json\/wp\/v2\/media?parent=21729"}],"curies":[{"name":"wp","href":"https:\/\/api.w.org\/{rel}","templated":true}]}}