{"id":21731,"date":"2024-11-18T12:45:24","date_gmt":"2024-11-18T12:45:24","guid":{"rendered":"https:\/\/flaxmanlaw.wpenginepowered.com\/accidentes-de-vehiculos-de-recreo-hollywood-florida-abogados-de-lesiones-de-coche\/"},"modified":"2025-05-06T10:28:37","modified_gmt":"2025-05-06T10:28:37","slug":"accidentes-de-vehiculos-de-recreo-hollywood-florida-abogados-de-lesiones-de-coche","status":"publish","type":"page","link":"https:\/\/flaxmanlaw.com\/es\/accidentes-de-vehiculos-de-recreo-hollywood-florida-abogados-de-lesiones-de-coche\/","title":{"rendered":"Accidentes de veh\u00edculos de recreo"},"content":{"rendered":"<div class=\"bodytext\">\n<h2>Accidentes de veh\u00edculos de recreo<\/h2>\n<div class=\"description\">\n<p>En el sur de Florida y en Hollywood en concreto, los residentes y visitantes disfrutan de una serie de actividades recreativas durante todo el a\u00f1o. En muchos casos, la diversi\u00f3n puede implicar un veh\u00edculo recreativo. Los veh\u00edculos recreativos pueden incluir scooters, barcos, motocicletas, autocaravanas, furgonetas camper, remolques, pop-up, caravanas, autocaravanas, veh\u00edculos todo terreno (ATV) y otros veh\u00edculos destinados a la tierra y al agua. Estos veh\u00edculos pueden comprarse en Florida, traerse al estado o ser alquilados por los visitantes. La mayor\u00eda de los usuarios de veh\u00edculos recreativos simplemente se divierten al sol, pero para algunos los defectos mec\u00e1nicos o las colisiones provocan lesiones o incluso muertes.<\/p>\n<p>Si has resultado lesionado en una colisi\u00f3n de un veh\u00edculo recreativo, contacta con el Grupo Legal Flaxman. Los abogados de nuestra firma cuentan con m\u00e1s de 60 a\u00f1os de experiencia combinada identificando a los acusados correctos, as\u00ed como buscando una compensaci\u00f3n justa a favor de los demandantes. Contacta hoy mismo con nuestro despacho en Hollywood, Homestead, o Miami para una revisi\u00f3n gratuita de tu caso.<\/p>\n<p><strong class=\"heading4\">Autocaravanas y colisiones<\/strong><\/p>\n<p>Los veh\u00edculos de recreo (RV), autocaravanas y veh\u00edculos similares son muy populares en Florida. A los conductores les ofrecen la libertad de la carretera, y tanto los visitantes como los residentes de Hollywood conf\u00edan en este tipo de veh\u00edculos para explorar el estado e ir de acampada.<\/p>\n<p>El problema de estos veh\u00edculos es que combinan acampada y conducci\u00f3n; en algunos casos, esta combinaci\u00f3n puede resultar mortal. Si los conductores son negligentes, pueden provocar colisiones catastr\u00f3ficas, especialmente debido al tama\u00f1o de los veh\u00edculos. Cuando los conductores se distraen con lo que ocurre en la caravana, pueden provocar f\u00e1cilmente accidentes por alcance, por detr\u00e1s y en intersecciones.<\/p>\n<p>Las autocaravanas tambi\u00e9n pueden ser poco manejables y tener muchos \u00e1ngulos muertos, lo que puede dificultar las maniobras, la marcha atr\u00e1s y la conducci\u00f3n. Debido a las caracter\u00edsticas de dise\u00f1o y a la inexperiencia, los conductores pueden verse implicados en una colisi\u00f3n en carreteras y autopistas y en campings o aparcamientos. Se espera que los usuarios de autocaravanas tomen precauciones adicionales debido a los peligros de sus veh\u00edculos, y cuando no lo hacen pueden ser considerados responsables.<\/p>\n<p>Aunque se espera que los fabricantes de veh\u00edculos recreativos dise\u00f1en veh\u00edculos seguros para la venta, en algunos casos los defectos de fabricaci\u00f3n o dise\u00f1o llegan a la sala de exposici\u00f3n y a nuestras carreteras. Los veh\u00edculos recreativos mal dise\u00f1ados o defectuosos suponen un enorme peligro en las carreteras. Cuando un veh\u00edculo recreativo lleno no puede detenerse debido a unos frenos defectuosos o se sale de control por culpa de unos neum\u00e1ticos defectuosos, transe\u00fantes inocentes pueden resultar heridos o morir en el vuelco o choque resultante.<\/p>\n<p><strong class=\"heading4\">Veh\u00edculos recreativos acu\u00e1ticos<\/strong><\/p>\n<p>Adem\u00e1s de las autocaravanas y los veh\u00edculos recreativos destinados a la tierra, los veh\u00edculos recreativos acu\u00e1ticos, como las motos acu\u00e1ticas, las lanchas, los yates y otros veh\u00edculos, son muy populares en Hollywood y en el resto del sur de Florida. Debido a negligencias o defectos del producto, estos veh\u00edculos tambi\u00e9n pueden causar tragedias en el agua.<\/p>\n<p><strong class=\"heading4\">Todoterrenos<\/strong><\/p>\n<p>Los veh\u00edculos todo terreno (VTT) son una forma popular de ocio para quienes no quieren estar atados a la carretera. Desgraciadamente, debido a su dise\u00f1o pesado en la parte superior, estos veh\u00edculos pueden volcar y causar lesiones graves en la cabeza o aplastar a los pasajeros. Tr\u00e1gicamente, estos veh\u00edculos pueden ser manejados legalmente por menores y ni\u00f1os, que son los que tienen m\u00e1s probabilidades de sufrir lesiones graves en un accidente de quad. En los \u00faltimos a\u00f1os se han iniciado varias demandas por colisiones y vuelcos de ATV.<\/p>\n<p>\u00bfHa resultado usted o un miembro de su familia lesionado en un accidente de veh\u00edculo recreativo? <a href=\"contacta con nosotros.html\">Contacte de inmediato al Grupo Legal Flaxman<\/a> utilizando nuestro sitio web o llamando al 866-352-9626. A trav\u00e9s de nuestros despachos en Hollywood, Homestead, y Miami, nuestros abogados ofrecen asesor\u00eda y representaci\u00f3n legal a personas lesionadas en los Condados de Broward, Miami-Dade, Palm Beach, South Miami Heights, y en todo Florida del Sur. Llama hoy mismo a nuestro bufete para programar tu consulta gratuita sobre accidentes.<\/p>\n<\/div>\n<div class=\"subpageslist\"><\/div>\n<\/div>\n","protected":false},"excerpt":{"rendered":"<p>Sin honorarios a menos que ganemos. Llama al 866-352-9626 para una &#8230; <\/p>\n","protected":false},"author":3,"featured_media":0,"parent":0,"menu_order":0,"comment_status":"closed","ping_status":"closed","template":"template-practice-areas.php","meta":{"footnotes":""},"class_list":["post-21731","page","type-page","status-publish","hentry"],"featured_image_src":null,"featured_image_src_square":null,"_links":{"self":[{"href":"https:\/\/flaxmanlaw.com\/es\/wp-json\/wp\/v2\/pages\/21731","targetHints":{"allow":["GET"]}}],"collection":[{"href":"https:\/\/flaxmanlaw.com\/es\/wp-json\/wp\/v2\/pages"}],"about":[{"href":"https:\/\/flaxmanlaw.com\/es\/wp-json\/wp\/v2\/types\/page"}],"author":[{"embeddable":true,"href":"https:\/\/flaxmanlaw.com\/es\/wp-json\/wp\/v2\/users\/3"}],"replies":[{"embeddable":true,"href":"https:\/\/flaxmanlaw.com\/es\/wp-json\/wp\/v2\/comments?post=21731"}],"version-history":[{"count":0,"href":"https:\/\/flaxmanlaw.com\/es\/wp-json\/wp\/v2\/pages\/21731\/revisions"}],"wp:attachment":[{"href":"https:\/\/flaxmanlaw.com\/es\/wp-json\/wp\/v2\/media?parent=21731"}],"curies":[{"name":"wp","href":"https:\/\/api.w.org\/{rel}","templated":true}]}}