{"id":21733,"date":"2024-11-18T12:45:24","date_gmt":"2024-11-18T12:45:24","guid":{"rendered":"https:\/\/flaxmanlaw.wpenginepowered.com\/accidentes-por-alcance-abogados-de-lesiones-de-motocicleta-en-hollywood-florida\/"},"modified":"2025-12-04T04:07:12","modified_gmt":"2025-12-04T04:07:12","slug":"accidentes-por-alcance-abogados-de-lesiones-de-motocicleta-en-hollywood-florida","status":"publish","type":"page","link":"https:\/\/flaxmanlaw.com\/es\/accidentes-por-alcance-abogados-de-lesiones-de-motocicleta-en-hollywood-florida\/","title":{"rendered":"Accidentes por alcance"},"content":{"rendered":"<div class=\"bodytext\">\n<h2>Accidentes por alcance<\/h1><\/h2>\n<div class=\"description\">\n<p>Los accidentes de motocicleta por alcance se producen cuando un conductor que circula detr\u00e1s de un motociclista no se detiene y choca contra la motocicleta, empujando (desviando) a la motocicleta y a su conductor hacia delante. Como la diferencia de tama\u00f1o entre una motocicleta y un cami\u00f3n o un coche es tan grande, el motorista suele sufrir lesiones graves e incluso mortales en este tipo de accidente. En este tipo de <a href=\"accidentes-coche.html\">accidente<\/a>, el motorista suele ser empujado de su moto, lo que le causa traumatismos craneales, fracturas y otras lesiones graves. En algunos casos, el motorista puede quedar aplastado bajo el veh\u00edculo que le embiste. Lo verdaderamente tr\u00e1gico es que muchos accidentes de moto por alcance en Miami y en todo el sur de Florida se pueden evitar. Estos accidentes suelen ocurrir porque un motorista no prest\u00f3 atenci\u00f3n o estaba tan distra\u00eddo que no se detuvo a tiempo. En algunos casos, este tipo de accidentes se producen por <a href=\"accidentes por conducir ebrio.html\">conducir ebrio<\/a>, somnoliento o por otras causas evitables.<\/p>\n<p>Si has resultado herido en este tipo de <a href=\"preguntas frecuentes sobre colisiones de tr\u00e1fico.html\">accidente de tr\u00e1fico<\/a> en Miami o en cualquier lugar del sur de Florida, tienes derechos. En muchos casos, puedes tener una reclamaci\u00f3n legal si el automovilista que iba detr\u00e1s de tu coche fue negligente al detenerse para evitar atropellarte. Antes de tomar ninguna decisi\u00f3n sobre tu caso, querr\u00e1s hablar con un abogado para evaluar tus derechos y opciones. Si usted est\u00e1 buscando un abogado de lesiones personales en Miami o en cualquier parte de Florida del Sur, contacte al Grupo Legal Flaxman para programar una cita gratuita y sin compromiso para hablar sobre su caso con un abogado. El Grupo Legal Flaxman es una firma de servicios integrales con tres oficinas en el \u00e1rea de Florida del Sur. El equipo legal del Grupo Legal Flaxman ya ha recuperado exitosamente m\u00e1s de $25 millones de d\u00f3lares a favor de miles de clientes.<\/p>\n<p><strong class=\"heading4\">\u00bfQu\u00e9 puede hacer por ti un abogado tras un accidente de moto por alcance?<\/strong><\/p>\n<p>Despu\u00e9s de sufrir lesiones en un accidente de moto en Miami o en cualquier lugar de Florida, hay muchas cosas que un abogado de <a href=\"lesiones-personales.html\">lesiones<\/a> personales puede hacer por ti. Un abogado puede investigar el accidente, puede ayudarte a comprender tus derechos y puede ayudarte a entender los pasos que puedes dar para reclamar una indemnizaci\u00f3n en tu caso. Aunque decidas no presentar una demanda judicial, un abogado de lesiones personales puede revisar las ofertas de las aseguradoras y negociar con ellas en tu nombre. Un abogado tambi\u00e9n puede revisar la informaci\u00f3n del seguro y ayudarte a comprender lo que implica una reclamaci\u00f3n al seguro. Si decides interponer una demanda judicial, un abogado especializado en lesiones personales puede representarte, puede construir un caso s\u00f3lido en tu nombre y puede hacer justicia en tu nombre para aumentar tus posibilidades de obtener una indemnizaci\u00f3n justa por tus lesiones.<\/p>\n<p>\u00bfPor qu\u00e9 deber\u00edas llamar a un abogado de lesiones personales tras un accidente de moto en Miami? La respuesta es sencilla: un abogado puede actuar para proteger tus derechos tras un accidente. Las compa\u00f1\u00edas de seguros trabajan con equipos de abogados, pero la v\u00edctima lesionada a menudo no tiene a nadie que vele por sus intereses, a menos que cuente con un abogado. Obtener una consulta legal inicial con el Grupo Legal Flaxman no cuesta nada y no conlleva ninguna obligaci\u00f3n, as\u00ed que no arriesgas nada al menos discutiendo tus opciones con un abogado de lesiones personales. Si has resultado lesionado en un accidente de tr\u00e1fico, <a href=\"contacta con nosotros.html\">contacta<\/a> hoy mismo con el Grupo Legal Flaxman para averiguar m\u00e1s sobre tu derecho a una compensaci\u00f3n justa.<\/p>\n<\/div>\n<div class=\"subpageslist\"><\/div>\n<\/div>\n","protected":false},"excerpt":{"rendered":"<p>Sin honorarios a menos que ganemos. Llama al 866-352-9626 para una &#8230; <\/p>\n","protected":false},"author":3,"featured_media":0,"parent":0,"menu_order":0,"comment_status":"closed","ping_status":"closed","template":"template-practice-areas.php","meta":{"footnotes":""},"class_list":["post-21733","page","type-page","status-publish","hentry"],"featured_image_src":null,"featured_image_src_square":null,"_links":{"self":[{"href":"https:\/\/flaxmanlaw.com\/es\/wp-json\/wp\/v2\/pages\/21733","targetHints":{"allow":["GET"]}}],"collection":[{"href":"https:\/\/flaxmanlaw.com\/es\/wp-json\/wp\/v2\/pages"}],"about":[{"href":"https:\/\/flaxmanlaw.com\/es\/wp-json\/wp\/v2\/types\/page"}],"author":[{"embeddable":true,"href":"https:\/\/flaxmanlaw.com\/es\/wp-json\/wp\/v2\/users\/3"}],"replies":[{"embeddable":true,"href":"https:\/\/flaxmanlaw.com\/es\/wp-json\/wp\/v2\/comments?post=21733"}],"version-history":[{"count":0,"href":"https:\/\/flaxmanlaw.com\/es\/wp-json\/wp\/v2\/pages\/21733\/revisions"}],"wp:attachment":[{"href":"https:\/\/flaxmanlaw.com\/es\/wp-json\/wp\/v2\/media?parent=21733"}],"curies":[{"name":"wp","href":"https:\/\/api.w.org\/{rel}","templated":true}]}}