{"id":21735,"date":"2024-11-18T12:45:24","date_gmt":"2024-11-18T12:45:24","guid":{"rendered":"https:\/\/flaxmanlaw.wpenginepowered.com\/accidente-por-alcance-hollywood-florida-abogados-de-lesiones-automovilisticas-grupo-legal-flaxman\/"},"modified":"2025-12-04T03:55:13","modified_gmt":"2025-12-04T03:55:13","slug":"accidente-por-alcance-hollywood-florida-abogados-de-lesiones-automovilisticas-grupo-legal-flaxman","status":"publish","type":"page","link":"https:\/\/flaxmanlaw.com\/es\/accidente-por-alcance-hollywood-florida-abogados-de-lesiones-automovilisticas-grupo-legal-flaxman\/","title":{"rendered":"Accidente por Alcance en Hollywood"},"content":{"rendered":"<div class=\"bodytext\">\n<h2>Accidente por alcance<\/h2>\n<div class=\"description\">\n<p><strong class=\"heading4\"> Lesiones especiales t\u00edpicas de los accidentes por alcance <\/strong><\/p>\n<p>Los accidentes por alcance son bastante frecuentes, aunque muchos de ellos son inofensivos \u00abchoques de guardabarros\u00bb. De hecho, con los modernos parachoques actuales, los accidentes traseros leves no suelen causar da\u00f1os ni a los ocupantes ni a los veh\u00edculos. Sin embargo, cuando se produce un accidente grave por alcance, los resultados pueden ser desastrosos.<\/p>\n<p>La lesi\u00f3n t\u00edpica de un accidente por alcance, por supuesto, es el latigazo cervical. De hecho, en los programas de televisi\u00f3n, por ejemplo, casi se ha convertido en un t\u00f3pico c\u00f3mico que los estafadores sin escr\u00fapulos conviertan un peque\u00f1o accidente por alcance en un latigazo cervical. Y aunque hay estafadores que intentan timar a las compa\u00f1\u00edas de seguros preparando o aprovech\u00e1ndose de esas colisiones, para las personas que han sufrido realmente un accidente grave por alcance, las lesiones por latigazo cervical est\u00e1n lejos de ser superficiales o humor\u00edsticas.<\/p>\n<p>Cuando un veh\u00edculo es golpeado por detr\u00e1s, se acelera bruscamente hacia delante. Esto hace que el asiento empuje contra el cuerpo del ocupante y lo env\u00ede hacia delante. Debido a las articulaciones del cuello, la cabeza del ocupante no se mueve con el torso, sino que retrocede hasta que el cuello alcanza el l\u00edmite de su flexibilidad. En ese momento, la cabeza \u00abazota\u00bb repentinamente el cuello hacia delante. Este movimiento antinatural puede causar lesiones graves. Curiosamente, el latigazo cervical puede producirse incluso cuando el impacto contra el propio veh\u00edculo no parece grave. La gravedad del latigazo cervical depende totalmente del movimiento de la cabeza y el cuello con respecto al cuerpo, no de la fuerza con que se golpee el veh\u00edculo.<\/p>\n<p>Los s\u00edntomas del latigazo cervical -como dolor de cuello, dolor de hombros, espasmos, dolor de cabeza, hinchaz\u00f3n, rigidez o dolores punzantes en brazos y cuello- pueden aparecer inmediatamente despu\u00e9s de un accidente por alcance, o incluso horas despu\u00e9s. Por eso es tan importante que los conductores y pasajeros que hayan sido golpeados en accidentes por alcance acudan a un m\u00e9dico inmediatamente despu\u00e9s del accidente, aunque crean que se encuentran bien. Pero, por regla general, cuanto antes aparezcan los s\u00edntomas, m\u00e1s probable es que la lesi\u00f3n sea grave. En esos casos, las lesiones por latigazo cervical pueden causar mareos, dolor en los brazos o incluso debilidad o p\u00e9rdida de funci\u00f3n de las extremidades inferiores.<\/p>\n<p>Es menos probable que se produzcan lesiones graves por latigazo cervical en los veh\u00edculos de \u00faltimo modelo, debido a las normas de dise\u00f1o de los reposacabezas. Mucha gente piensa que los reposacabezas de los veh\u00edculos son elementos de confort, pero en realidad son reposacabezas, dise\u00f1ados espec\u00edficamente para desplazar la cabeza hacia delante con el torso en caso de colisi\u00f3n trasera, y para descargar el cuello de la tensi\u00f3n de los impactos traseros. Sin embargo, no todos los conductores y pasajeros ajustan sus reposacabezas de forma \u00f3ptima para cumplir esta funci\u00f3n protectora. Como en la mayor\u00eda de las cosas, los conductores concienciados pueden reducir en gran medida el riesgo de lesiones para s\u00ed mismos y para sus pasajeros simplemente prestando atenci\u00f3n a utilizar correctamente los dispositivos de seguridad de su autom\u00f3vil, incluidos los reposacabezas, los cinturones de seguridad y los retrovisores.<\/p>\n<p>Sin embargo, incluso el conductor m\u00e1s concienzudo puede no ser capaz de evitar todos los accidentes, particularmente de otros conductores que no son tan concienzudos o incluso imprudentes, como los conductores <a href=\"accidentes por conducir ebrio.html\">intoxicados<\/a>, y los conductores que, por cualquier raz\u00f3n, no est\u00e1n prestando suficiente atenci\u00f3n al tr\u00e1fico delante de ellos. Si usted o un ser querido ha sido v\u00edctima de un accidente por alcance en el \u00e1rea de Florida del Sur, el Grupo Legal Flaxman puede ayudarle. Obviamente, los accidentes por alcance pueden provocar muchos otros tipos de lesiones adem\u00e1s del latigazo cervical, como en cualquier <a href=\"accidentes-coche.html\">accidente automovil\u00edstico<\/a> grave, y, tristemente, muchos accidentes por alcance pueden provocar la muerte. Pero sea cual sea la lesi\u00f3n o el da\u00f1o, nuestro experimentado equipo de abogados puede ayudarte. Podemos ayudarte a cribar el confuso abanico de cuestiones relacionadas con el seguro, los problemas m\u00e9dicos y los problemas de ingresos que pueden derivarse de tu accidente, para averiguar qu\u00e9 recursos puedes tener a tu disposici\u00f3n.<\/p>\n<p>Con una simple <a href=\"contacta con nosotros.html\">llamada telef\u00f3nica gratuita<\/a>, el Grupo Legal Flaxman est\u00e1 preparado para ofrecerle una consulta inmediata sin costo y sin compromiso. Uno de nuestros abogados de accidentes por alcance en Florida del Sur puede reunirse con usted en su cuarto de hospital, en su casa, o en su oficina, o puede hablar con un abogado en cualquier momento por tel\u00e9fono. Responderemos a tus preguntas y te daremos la informaci\u00f3n que necesites para que puedas evaluar las opciones de que dispones y tomar una decisi\u00f3n con conocimiento de causa. Es m\u00e1s, si aceptamos representarte, no hay costes ocultos, y no pagar\u00e1s ni un c\u00e9ntimo a menos que ganemos tu caso u obtengamos un acuerdo extrajudicial para ti. En el \u00e1rea de Florida del Sur, llame al Grupo Legal Flaxman al 1 866 Flaxman. (1 866 352 9626).<\/p>\n<\/div>\n<div class=\"subpageslist\"><\/div>\n<\/div>\n","protected":false},"excerpt":{"rendered":"<p>Sin honorarios a menos que ganemos. Llama al 866-352-9626 para una &#8230; <\/p>\n","protected":false},"author":3,"featured_media":0,"parent":0,"menu_order":0,"comment_status":"closed","ping_status":"closed","template":"template-practice-areas.php","meta":{"footnotes":""},"class_list":["post-21735","page","type-page","status-publish","hentry"],"featured_image_src":null,"featured_image_src_square":null,"_links":{"self":[{"href":"https:\/\/flaxmanlaw.com\/es\/wp-json\/wp\/v2\/pages\/21735","targetHints":{"allow":["GET"]}}],"collection":[{"href":"https:\/\/flaxmanlaw.com\/es\/wp-json\/wp\/v2\/pages"}],"about":[{"href":"https:\/\/flaxmanlaw.com\/es\/wp-json\/wp\/v2\/types\/page"}],"author":[{"embeddable":true,"href":"https:\/\/flaxmanlaw.com\/es\/wp-json\/wp\/v2\/users\/3"}],"replies":[{"embeddable":true,"href":"https:\/\/flaxmanlaw.com\/es\/wp-json\/wp\/v2\/comments?post=21735"}],"version-history":[{"count":0,"href":"https:\/\/flaxmanlaw.com\/es\/wp-json\/wp\/v2\/pages\/21735\/revisions"}],"wp:attachment":[{"href":"https:\/\/flaxmanlaw.com\/es\/wp-json\/wp\/v2\/media?parent=21735"}],"curies":[{"name":"wp","href":"https:\/\/api.w.org\/{rel}","templated":true}]}}