{"id":21736,"date":"2024-11-18T12:45:24","date_gmt":"2024-11-18T12:45:24","guid":{"rendered":"https:\/\/flaxmanlaw.wpenginepowered.com\/responsabilidad-por-productos-defectuosos-hollywood-florida-abogados-de-productos-defectuosos\/"},"modified":"2025-12-04T03:51:26","modified_gmt":"2025-12-04T03:51:26","slug":"responsabilidad-por-productos-defectuosos-hollywood-florida-abogados-de-productos-defectuosos","status":"publish","type":"page","link":"https:\/\/flaxmanlaw.com\/es\/responsabilidad-por-productos-defectuosos-hollywood-florida-abogados-de-productos-defectuosos\/","title":{"rendered":"Responsabilidad por productos defectuosos"},"content":{"rendered":"<div class=\"bodytext\">\n<h2>Responsabilidad por productos defectuosos<\/h2>\n<div class=\"description\">\n<p>Tanto los fabricantes como los minoristas tienen la responsabilidad de garantizar que los productos que venden son seguros. A pesar de ello, los productos mal dise\u00f1ados, defectuosamente fabricados o mal etiquetados lesionan a miles de personas cada a\u00f1o. Cuando la negligencia o la desinformaci\u00f3n intencionada causan lesiones o incluso la muerte, los consumidores tienen derecho a buscar representaci\u00f3n legal. Existen leyes que te protegen como cliente de los productos defectuosos y, si ya has resultado lesionado, estas leyes pueden garantizar que dispongas del dinero necesario para pagar los gastos m\u00e9dicos, los da\u00f1os a la propiedad y otras p\u00e9rdidas derivadas de las lesiones. En el Grupo Legal Flaxman, nuestro equipo de experimentados abogados de Florida ha representado con \u00e9xito a muchos clientes en casos de responsabilidad por productos defectuosos y ha ayudado a estos clientes a recuperarse despu\u00e9s de sufrir lesiones o p\u00e9rdidas devastadoras.<\/p>\n<p>La responsabilidad por productos defectuosos puede cambiar vidas de muchas maneras. La maquinaria y las herramientas defectuosas pueden causar lesiones en el hogar y en el lugar de trabajo. Pueden provocar incendios el\u00e9ctricos o lesiones permanentes. Los medicamentos y f\u00e1rmacos, como Rezulin, Fen-Phen, Baycol, PPA, Vioxx, Celebrex, Bextra, Parlodel, Fenilpropanolamina, Oxycontin, Bromuro de Piridostigmina Aleve, Bendectin, DES, Talidomida, Accutane, Fentermina y otros medicamentos con y sin receta, pueden causar efectos secundarios debilitantes e incluso lesiones permanentes. El mal funcionamiento o los dispositivos m\u00e9dicos defectuosos pueden causar muertes o lesiones. Los alimentos que no han sido fabricados o almacenados correctamente pueden provocar intoxicaciones alimentarias u otras dolencias graves. Los productos del tabaco pueden provocar c\u00e1ncer y otras dolencias pulmonares. Las sustancias y productos qu\u00edmicos t\u00f3xicos, como los pesticidas, el amianto y el moho, pueden encontrarse en el hogar y en el lugar de trabajo y causar quemaduras o enfermedades de larga duraci\u00f3n. Las armas de fuego mal dise\u00f1adas o fabricadas pueden provocar accidentes o dispararse accidentalmente, matando a otras personas o causando lesiones graves.<\/p>\n<p><iframe src=\"https:\/\/www.youtube.com\/embed\/B-ha-_-de98?rel=0&amp;showinfo=0&amp;autohide=1&amp;modestbranding=1\" width=\"430\" height=\"242\" frameborder=\"0\" allowfullscreen=\"allowfullscreen\"><\/iframe><\/p>\n<p>Los autom\u00f3viles, camiones, motocicletas y otros veh\u00edculos, cuando est\u00e1n mal fabricados, pueden provocar colisiones o reducir las posibilidades de que los supervivientes sobrevivan a un accidente. Los accesorios de los autom\u00f3viles, como neum\u00e1ticos, cinturones de seguridad, airbags y sillas de seguridad para ni\u00f1os, cuando est\u00e1n mal fabricados, pueden causar lesiones o incluso provocar la muerte en caso de accidente. Los productos dom\u00e9sticos y los electrodom\u00e9sticos matan y lesionan a cientos de personas al a\u00f1o. Los productos defectuosos pueden provocar quemaduras, envenenamientos e incendios. Los juguetes y equipos recreativos da\u00f1an a muchos ni\u00f1os cada a\u00f1o. Algunos juguetes tienen bordes inseguros o piezas peque\u00f1as que pueden caerse o tragarse f\u00e1cilmente. Del mismo modo, la ropa mal hecha puede provocar problemas de piel, lesiones e incluso quemaduras, si no est\u00e1 adecuadamente dise\u00f1ada. Existen normas para que todos estos productos sean seguros, y cuando los fabricantes y los minoristas los venden sin las pruebas o el cuidado adecuados, pueden producirse lesiones.<\/p>\n<p>Si tienes una lesi\u00f3n causada por un producto, o si eres el superviviente de alguien que puede haber muerto por el uso o la exposici\u00f3n a un producto peligroso o defectuoso, es importante que conozcas tus derechos conforme a la ley. Abogados calificados de Florida pueden ayudar a garantizar que usted obtenga el tratamiento m\u00e9dico de calidad y la asistencia financiera a la que tiene derecho seg\u00fan la ley. <strong> <a href=\"contacta con nosotros.html\"> Contacte hoy mismo al Grupo Legal Flaxman en l\u00ednea <\/a> o al 866-352-9626 para programar una consulta GRATUITA y sin compromiso para hablar sobre sus opciones legales. <\/strong><\/p>\n<p><strong> <a href=\"accidentes-causados-por-defectos-de-fabricaci\u00f3n.html\"> Accidentes causados por defectos de fabricaci\u00f3n <\/a> <\/strong><\/p>\n<\/div>\n<div class=\"subpageslist\">\n<ul>\n<li><a href=\"fabricaci\u00f3n-defectuosa.html\">Fabricaci\u00f3n defectuosa<\/a><\/li>\n<li><a href=\"productos defectuosos-f\u00e1rmacos-medicamentos.html\">Productos defectuosos &#8211; F\u00e1rmacos\/Medicamentos<\/a><\/li>\n<li><a href=\"productos-juguetes-defectuosos.html\">Productos defectuosos &#8211; Juguetes<\/a><\/li>\n<li><a href=\"productos-defectuosos-veh\u00edculos-expandir-en-listas.html\">Productos defectuosos &#8211; Veh\u00edculos (Ampliar listas)<\/a><\/li>\n<li><a href=\"do-i-have-a-zantac-lawsuit-in-hollywood-or-south-florida.html\">\u00bfTengo una demanda por Zantac en Hollywood o en el sur de Florida?<\/a><\/li>\n<li><a href=\"producto-responsabilidad-demandas.html\">Reclamaciones por responsabilidad civil por productos defectuosos<\/a><\/li>\n<li><a href=\"producto-recall.html\">Retirada de productos<\/a><\/li>\n<\/ul>\n<\/div>\n<\/div>\n","protected":false},"excerpt":{"rendered":"<p>Sin honorarios a menos que ganemos. Llama al 866-352-9626 para una &#8230; <\/p>\n","protected":false},"author":3,"featured_media":0,"parent":0,"menu_order":0,"comment_status":"closed","ping_status":"closed","template":"template-practice-areas.php","meta":{"footnotes":""},"class_list":["post-21736","page","type-page","status-publish","hentry"],"featured_image_src":null,"featured_image_src_square":null,"_links":{"self":[{"href":"https:\/\/flaxmanlaw.com\/es\/wp-json\/wp\/v2\/pages\/21736","targetHints":{"allow":["GET"]}}],"collection":[{"href":"https:\/\/flaxmanlaw.com\/es\/wp-json\/wp\/v2\/pages"}],"about":[{"href":"https:\/\/flaxmanlaw.com\/es\/wp-json\/wp\/v2\/types\/page"}],"author":[{"embeddable":true,"href":"https:\/\/flaxmanlaw.com\/es\/wp-json\/wp\/v2\/users\/3"}],"replies":[{"embeddable":true,"href":"https:\/\/flaxmanlaw.com\/es\/wp-json\/wp\/v2\/comments?post=21736"}],"version-history":[{"count":0,"href":"https:\/\/flaxmanlaw.com\/es\/wp-json\/wp\/v2\/pages\/21736\/revisions"}],"wp:attachment":[{"href":"https:\/\/flaxmanlaw.com\/es\/wp-json\/wp\/v2\/media?parent=21736"}],"curies":[{"name":"wp","href":"https:\/\/api.w.org\/{rel}","templated":true}]}}