{"id":21737,"date":"2024-11-18T12:45:24","date_gmt":"2024-11-18T12:45:24","guid":{"rendered":"https:\/\/flaxmanlaw.wpenginepowered.com\/propietario-nsl-apartamentos-vacaciones-alquileres-etc-hollywood-florida-premises-liability-lawyers\/"},"modified":"2024-11-18T12:45:24","modified_gmt":"2024-11-18T12:45:24","slug":"propietario-nsl-apartamentos-vacaciones-alquileres-etc-hollywood-florida-premises-liability-lawyers","status":"publish","type":"page","link":"https:\/\/flaxmanlaw.com\/es\/propietario-nsl-apartamentos-vacaciones-alquileres-etc-hollywood-florida-premises-liability-lawyers\/","title":{"rendered":"Propietario NSL &#8211; Apartamentos, Vacaciones, Alquileres, etc | Hollywood, Florida Premises Liability Lawyers"},"content":{"rendered":"<div class=\"bodytext\">\n<h2>Propietario NSL &#8211; Apartamentos, vacaciones, alquileres, etc.<\/h1><\/h2>\n<div class=\"description\">\n<p>Si eres inquilino en un edificio de apartamentos o visitante en un crucero o en un hotel, el propietario que te alquila espacio a cambio de dinero tiene la obligaci\u00f3n de mantener la propiedad (y a ti) razonablemente seguros. Si el propietario conoce los riesgos pero no toma medidas para protegerte y, como consecuencia, resultas herido en un delito, puedes tener una reclamaci\u00f3n legal contra el propietario por gastos m\u00e9dicos, p\u00e9rdida de ingresos y otros gastos relacionados con tus lesiones. <\/p>\n<p>Si has sido v\u00edctima de un delito, puedes sufrir angustia econ\u00f3mica y trastornos emocionales. Es posible que tengas que hacerte cargo de gastos m\u00e9dicos y que pierdas ingresos por no poder reincorporarte inmediatamente al trabajo. Si resultas lesionado y si el delito fue causado por la negligencia de alguien, puedes tener derecho, seg\u00fan la ley de Florida, a solicitar una indemnizaci\u00f3n. El equipo jur\u00eddico <a href=\"index.html\">del Grupo Legal Flaxman<\/a> ha estado ayudando a v\u00edctimas de <a href=\"lesiones-personales.html\">lesiones personales<\/a> y de <a href=\"responsabilidad patrimonial.html\">responsabilidad de predios<\/a> en Miami y en todo Florida del Sur a obtener compensaci\u00f3n por sus lesiones. Si desea saber m\u00e1s sobre <a href=\"seguridad inadecuada.html\">demandas por seguridad inadecuada<\/a>, contacte hoy mismo al equipo jur\u00eddico del Grupo Legal Flaxman.    <\/p>\n<p><strong class=\"heading4\">Decidir si tienes una demanda por negligencia de seguridad en Miami o en el sur de Florida<\/strong><\/p>\n<p>Si has sido v\u00edctima de un delito en un hotel, edificio de apartamentos, casa de alquiler, crucero u otra propiedad, puedes tener una reclamaci\u00f3n legal si el delito se produjo por negligencia del propietario. Para determinar si tienes derecho a reclamar, puedes preguntarte <\/p>\n<ol start=\"1\" type=\"1\">\n<li>\u00bfHe sufrido da\u00f1os personales o perjuicios? Si has perdido ingresos, tienes facturas m\u00e9dicas o has perdido bienes como consecuencia del delito, puedes solicitar una indemnizaci\u00f3n por da\u00f1os y perjuicios. <\/li>\n<p><\/p>\n<li>\u00bfHab\u00eda informaci\u00f3n sobre un posible depredador en la zona? Si se inform\u00f3 de delitos en la zona o si el propietario deber\u00eda haber sabido razonablemente de la posible actividad delictiva en la zona pero no actu\u00f3 para mantener a salvo a los dem\u00e1s, puede ser negligente en algunas de tus lesiones. Si se produjeron actividades delictivas previas en la zona y el propietario no tom\u00f3 las medidas adecuadas en respuesta a esa actividad delictiva, puede que tengas un caso.  <\/li>\n<p><\/p>\n<li>\u00bfTom\u00f3 el propietario las medidas adecuadas para mantenerte a salvo? El propietario de un inmueble tiene la obligaci\u00f3n de mantener a los visitantes e inquilinos razonablemente a salvo de actividades delictivas y delitos previsibles. Si el propietario permiti\u00f3 que el inmueble estuviera en mal estado, permiti\u00f3 cerraduras inadecuadas, no asegur\u00f3 las entradas, no ten\u00eda c\u00e1maras de seguridad u otros dispositivos de seguridad, puede ser declarado negligente.  <\/li>\n<p><\/p>\n<li>\u00bfRevis\u00f3 el propietario a los trabajadores? En muchos casos, los delitos se cometen desde dentro. Si el propietario de un inmueble contrat\u00f3 a alguien que cometi\u00f3 un delito contra ti porque no investig\u00f3 adecuadamente a los empleadores, administradores de inmuebles, trabajadores de mantenimiento y dem\u00e1s personal, es posible que tengas una reclamaci\u00f3n legal.  <\/li>\n<\/ol>\n<p><strong class=\"heading4\">Protege tus derechos si tienes una reclamaci\u00f3n judicial<\/strong><\/p>\n<p>Si no est\u00e1s seguro de si tienes una reclamaci\u00f3n legal, ponte en contacto con un abogado de lesiones personales en Miami o en tu comunidad del sur de Florida para determinar si tienes un caso. Por lo general, un abogado de lesiones personales puede decirte si tienes un caso con bastante rapidez. Un abogado de lesiones personales tambi\u00e9n puede decirte cu\u00e1nto puede valer tu caso y la fuerza relativa del mismo.  <\/p>\n<p>Si usted cree que puede tener una demanda legal, <a href=\"contacta con nosotros.html\">contacte<\/a> a un abogado de lesiones personales en Miami poni\u00e9ndose en contacto con el equipo jur\u00eddico del Grupo Legal Flaxman. El equipo jur\u00eddico del Grupo Legal Flaxman se enorgullece de servir a toda el \u00e1rea de Florida del Sur con oficinas en Miami, Homestead, y Hollywood. El equipo jur\u00eddico del Grupo Legal Flaxman ya ha recuperado m\u00e1s de $25 millones de d\u00f3lares a favor de miles de demandantes por lesiones personales y responsabilidad de predios en Miami y en todo Florida del Sur. Para averiguar lo que el equipo jur\u00eddico del Grupo Legal Flaxman puede hacer por usted, contacte a la firma hoy mismo.   <\/p>\n<\/div>\n<div class=\"subpageslist\">\n<ul> <\/ul>\n<\/p><\/div>\n<\/p><\/div>\n","protected":false},"excerpt":{"rendered":"<p>Sin honorarios a menos que ganemos. Llama al 866-352-9626 para una &#8230; <\/p>\n","protected":false},"author":3,"featured_media":0,"parent":0,"menu_order":0,"comment_status":"closed","ping_status":"closed","template":"template-practice-areas.php","meta":{"footnotes":""},"class_list":["post-21737","page","type-page","status-publish","hentry"],"featured_image_src":null,"featured_image_src_square":null,"_links":{"self":[{"href":"https:\/\/flaxmanlaw.com\/es\/wp-json\/wp\/v2\/pages\/21737","targetHints":{"allow":["GET"]}}],"collection":[{"href":"https:\/\/flaxmanlaw.com\/es\/wp-json\/wp\/v2\/pages"}],"about":[{"href":"https:\/\/flaxmanlaw.com\/es\/wp-json\/wp\/v2\/types\/page"}],"author":[{"embeddable":true,"href":"https:\/\/flaxmanlaw.com\/es\/wp-json\/wp\/v2\/users\/3"}],"replies":[{"embeddable":true,"href":"https:\/\/flaxmanlaw.com\/es\/wp-json\/wp\/v2\/comments?post=21737"}],"version-history":[{"count":0,"href":"https:\/\/flaxmanlaw.com\/es\/wp-json\/wp\/v2\/pages\/21737\/revisions"}],"wp:attachment":[{"href":"https:\/\/flaxmanlaw.com\/es\/wp-json\/wp\/v2\/media?parent=21737"}],"curies":[{"name":"wp","href":"https:\/\/api.w.org\/{rel}","templated":true}]}}