{"id":21738,"date":"2024-11-18T12:45:24","date_gmt":"2024-11-18T12:45:24","guid":{"rendered":"https:\/\/flaxmanlaw.wpenginepowered.com\/retirada-de-productos-del-mercado-hollywood-florida-abogados-de-responsabilidad-por-productos-defectuosos\/"},"modified":"2025-12-04T04:09:15","modified_gmt":"2025-12-04T04:09:15","slug":"retirada-de-productos-del-mercado-hollywood-florida-abogados-de-responsabilidad-por-productos-defectuosos","status":"publish","type":"page","link":"https:\/\/flaxmanlaw.com\/es\/retirada-de-productos-del-mercado-hollywood-florida-abogados-de-responsabilidad-por-productos-defectuosos\/","title":{"rendered":"Retirada de Productos Defectuosos"},"content":{"rendered":"<div class=\"bodytext\">\n<h2>Retirada de productos<\/h2>\n<div class=\"description\">\n<p>La retirada de productos en Miami y en todo el pa\u00eds se produce cuando un fabricante o una agencia gubernamental recibe una serie de quejas sobre la seguridad de un producto. Cuando esto ocurre, el fabricante del producto puede retirar voluntariamente el art\u00edculo, o una agencia gubernamental puede emitir la retirada. En ambos casos, la empresa o la agencia gubernamental anunciar\u00e1 la acci\u00f3n de retirada y pedir\u00e1 a los clientes que hayan comprado el art\u00edculo que lo devuelvan para ser indemnizados. Las retiradas de productos suelen producirse cuando ya se han producido lesiones graves debido a un <a href=\"productos-responsabilidad.html\">producto defectuoso<\/a>. Si has sufrido lesiones debido a un producto que ha sido retirado o debido a un producto defectuoso que crees que deber\u00eda ser retirado, es posible que puedas solicitar una indemnizaci\u00f3n por tus lesiones. Esta indemnizaci\u00f3n puede ayudarte a pagar los gastos m\u00e9dicos, la p\u00e9rdida de ingresos, los da\u00f1os materiales y otros gastos asociados a tu lesi\u00f3n.<\/p>\n<p>Las reclamaciones por retirada de productos en Miami y en todo el sur de Florida pueden ser bastante complejas. Si el producto ya ha sido retirado del mercado, el fabricante del producto puede estar parcialmente protegido frente a nuevas acciones legales por el defecto. Si el producto a\u00fan no ha sido retirado, el fabricante puede ser objeto de una demanda colectiva o de numerosas demandas de clientes que han resultado lesionados por el producto. En cualquiera de los casos, un abogado de <a href=\"lesiones-personales.html\">lesiones personales<\/a> en Miami o en tu comunidad del Sur de Florida puede ayudarte a desenredar los entresijos legales de este tipo de casos. El equipo jur\u00eddico del Grupo Legal Flaxman ha trabajado en miles de casos de lesiones personales y retiro de productos en Miami y en todo Florida del Sur. Si tiene preguntas sobre sus lesiones o su caso, puede contactar al <a href=\"index.html\">Grupo Legal<\/a> Flaxman en cualquier momento para una evaluaci\u00f3n gratuita de su caso.<\/p>\n<p><strong class=\"heading4\">Determinar si tienes una reclamaci\u00f3n de responsabilidad por productos defectuosos<\/strong><\/p>\n<p>Puedes tener una reclamaci\u00f3n por responsabilidad civil por productos defectuosos en Miami o en el sur de Florida si sufres una lesi\u00f3n grave por un producto defectuoso debido a una negligencia. Puedes tener una reclamaci\u00f3n si tu lesi\u00f3n fue causada directamente por el producto defectuoso y la lesi\u00f3n provoc\u00f3 p\u00e9rdida de ingresos, gastos m\u00e9dicos, da\u00f1os materiales u otros costes.<\/p>\n<p>No tienes que ser la persona que compr\u00f3 el producto o incluso que lo utiliz\u00f3 directamente para presentar una reclamaci\u00f3n por responsabilidad civil por productos defectuosos. Por ejemplo, si un compa\u00f1ero de trabajo utiliz\u00f3 un peque\u00f1o calentador que te caus\u00f3 quemaduras, a\u00fan puedes tener una reclamaci\u00f3n legal contra el fabricante. Del mismo modo, si has tenido un <a href=\"accidentes-coche.html\">accidente de coche<\/a> en Miami o en cualquier otro lugar del sur de Florida y el accidente fue causado por un producto defectuoso en el coche del conductor culpable, a\u00fan puedes tener una reclamaci\u00f3n contra el fabricante.<\/p>\n<p><a href=\"producto-responsabilidad-demandas.html\">Las demandas por responsabilidad civil por productos defectuosos<\/a> en Miami y en todo el sur de Florida son bastante complicadas. Los fabricantes de los productos suelen ser grandes empresas con muchos recursos y equipos de abogados. Adem\u00e1s, para probar una demanda de responsabilidad por productos defectuosos se necesita un equipo de investigadores privados, expertos en reconstrucci\u00f3n de accidentes, peritos m\u00e9dicos, testigos expertos y otros profesionales que puedan demostrar que existe un defecto en un art\u00edculo de consumo y que ese defecto ha causado lesiones concretas. Trabajar con un abogado de lesiones personales en Miami o en tu comunidad del sur de Florida suele ser tu mejor opci\u00f3n.<\/p>\n<p>Si usted est\u00e1 buscando un abogado de lesiones personales en Miami o en Florida del Sur, <a href=\"contacta con nosotros.html\">contacte<\/a> al equipo jur\u00eddico del Grupo Legal Flaxman para recibir una evaluaci\u00f3n de su caso gratuita y sin compromiso. El equipo jur\u00eddico del Grupo Legal Flaxman ya ha recuperado m\u00e1s de $25 millones de d\u00f3lares a favor de miles de demandantes por lesiones personales y responsabilidad por productos defectuosos en todo Florida del Sur.<\/p>\n<\/div>\n<div class=\"subpageslist\"><\/div>\n<\/div>\n","protected":false},"excerpt":{"rendered":"<p>Sin honorarios a menos que ganemos. Llama al 866-352-9626 para una &#8230; <\/p>\n","protected":false},"author":3,"featured_media":0,"parent":0,"menu_order":0,"comment_status":"closed","ping_status":"closed","template":"template-practice-areas.php","meta":{"footnotes":""},"class_list":["post-21738","page","type-page","status-publish","hentry"],"featured_image_src":null,"featured_image_src_square":null,"_links":{"self":[{"href":"https:\/\/flaxmanlaw.com\/es\/wp-json\/wp\/v2\/pages\/21738","targetHints":{"allow":["GET"]}}],"collection":[{"href":"https:\/\/flaxmanlaw.com\/es\/wp-json\/wp\/v2\/pages"}],"about":[{"href":"https:\/\/flaxmanlaw.com\/es\/wp-json\/wp\/v2\/types\/page"}],"author":[{"embeddable":true,"href":"https:\/\/flaxmanlaw.com\/es\/wp-json\/wp\/v2\/users\/3"}],"replies":[{"embeddable":true,"href":"https:\/\/flaxmanlaw.com\/es\/wp-json\/wp\/v2\/comments?post=21738"}],"version-history":[{"count":0,"href":"https:\/\/flaxmanlaw.com\/es\/wp-json\/wp\/v2\/pages\/21738\/revisions"}],"wp:attachment":[{"href":"https:\/\/flaxmanlaw.com\/es\/wp-json\/wp\/v2\/media?parent=21738"}],"curies":[{"name":"wp","href":"https:\/\/api.w.org\/{rel}","templated":true}]}}