{"id":21739,"date":"2024-11-18T12:45:24","date_gmt":"2024-11-18T12:45:24","guid":{"rendered":"https:\/\/flaxmanlaw.wpenginepowered.com\/preguntas-frecuentes-sobre-responsabilidad-por-productos-defectuosos-abogados-de-accidentes-en-hollywood-grupo-legal-flaxman\/"},"modified":"2025-05-06T09:28:02","modified_gmt":"2025-05-06T09:28:02","slug":"preguntas-frecuentes-sobre-responsabilidad-por-productos-defectuosos-abogados-de-accidentes-en-hollywood-grupo-legal-flaxman","status":"publish","type":"page","link":"https:\/\/flaxmanlaw.com\/es\/preguntas-frecuentes-sobre-responsabilidad-por-productos-defectuosos-abogados-de-accidentes-en-hollywood-grupo-legal-flaxman\/","title":{"rendered":"Preguntas sobre Productos Defectuosos"},"content":{"rendered":"<div class=\"bodytext\">\n<h2>Preguntas frecuentes sobre responsabilidad por productos defectuosos<\/h2>\n<div class=\"description\">\n<p>Lo que hay debajo:<\/p>\n<ul id=\"top\" class=\"no-spacing-list\">\n<li><a href=\"product-liability-faqs.html#ReclamacionesDeLiabilidadDelProducto\">\u00bfQu\u00e9 son las reclamaciones por responsabilidad civil por productos defectuosos?<\/a><\/li>\n<li><a href=\"product-liability-faqs.html#TenerPLC\">\u00bfC\u00f3mo s\u00e9 si tengo una reclamaci\u00f3n por responsabilidad civil por productos defectuosos?<\/a><\/li>\n<li><a href=\"product-liability-faqs.html#PursuePLC\">\u00bfPor qu\u00e9 debo presentar una demanda por responsabilidad civil por productos defectuosos?<\/a><\/li>\n<li><a href=\"producto-responsabilidad-faqs.html#EncontrarAbogadoDemanda\">\u00bfC\u00f3mo puedo encontrar un abogado de lesiones personales que pueda ocuparse de mi demanda?<\/a><\/li>\n<li><a href=\"product-liability-faqs.html#ProductosLesionesCubiertasPLLC\">\u00bfQu\u00e9 tipo de productos y lesiones pueden estar cubiertos por una reclamaci\u00f3n legal de responsabilidad por productos defectuosos?<\/a><\/li>\n<\/ul>\n<p><strong id=\"ProductLiabiltyClaims\" class=\"heading4\">\u00bfQu\u00e9 son las reclamaciones por responsabilidad civil por productos defectuosos?<\/strong><\/p>\n<p>Las demandas de responsabilidad por productos defectuosos surgen cuando un producto defectuoso causa lesiones a un consumidor. Un consumidor puede presentar una reclamaci\u00f3n por responsabilidad civil por productos defectuosos si un producto es defectuoso debido a su dise\u00f1o, proceso de fabricaci\u00f3n o etiquetado, y ese defecto provoca directamente una lesi\u00f3n que cuesta al consumidor da\u00f1os y perjuicios en forma de p\u00e9rdida de ingresos, facturas m\u00e9dicas, da\u00f1os materiales u otros gastos.<\/p>\n<p><a href=\"producto-liabilidad-faqs.html#arriba\">Volver arriba<\/a><\/p>\n<p><strong id=\"HavePLC\" class=\"heading4\">\u00bfC\u00f3mo s\u00e9 si tengo una reclamaci\u00f3n por responsabilidad civil por productos defectuosos?<\/strong><\/p>\n<p>Si te has lesionado, a veces es dif\u00edcil saber si un producto es defectuoso y ha causado tu lesi\u00f3n. Si estabas utilizando un producto en el momento de la lesi\u00f3n y el producto puede haber contribuido a tu lesi\u00f3n, es una buena idea hablar con un abogado de lesiones personales para determinar si tienes derecho a reclamar. Un abogado de lesiones personales en Miami o en tu comunidad del sur de Florida puede decirte con bastante rapidez si tienes una reclamaci\u00f3n, puede ayudarte a comprender la solidez de tu reclamaci\u00f3n e incluso puede ayudarte a comprender los costes totales probables de tus lesiones y la posible indemnizaci\u00f3n a la que puedes optar.<\/p>\n<p><a href=\"producto-liabilidad-faqs.html#arriba\">Volver arriba<\/a><\/p>\n<p><strong id=\"PursuePLC\" class=\"heading4\">\u00bfPor qu\u00e9 debo presentar una demanda por responsabilidad civil por productos defectuosos?<\/strong><\/p>\n<p>Hay muchas razones para presentar una demanda por responsabilidad civil por productos defectuosos en Miami o en tu comunidad del sur de Florida. Si has sufrido lesiones personales en Miami o en tu comunidad del sur de Florida a causa de un producto defectuoso, es posible que hayas sufrido lesiones graves, como lesiones oculares, lesiones craneales, <a href=\"lesiones de la columna vertebral.html\">lesiones medulares<\/a>, <a href=\"lesiones-quemaduras.html\">quemaduras<\/a>, fracturas y otras lesiones graves. Adem\u00e1s de los gastos m\u00e9dicos de estas lesiones, tambi\u00e9n puedes perder ingresos o sufrir da\u00f1os materiales debido al producto defectuoso. Si no interpones una demanda por responsabilidad civil por productos defectuosos, es posible que tengas que pagar de tu bolsillo los costes de tus lesiones. Presentar una demanda judicial puede ayudarte a obtener una indemnizaci\u00f3n que te ayude a recibir la atenci\u00f3n m\u00e9dica adecuada y a aliviar parte de la angustia econ\u00f3mica que supone sufrir una lesi\u00f3n grave. Reclamar judicialmente tambi\u00e9n presiona a los fabricantes negligentes, a los minoristas y a otros que permiten la comercializaci\u00f3n de productos inseguros. Presentar una demanda judicial tambi\u00e9n puede obligar a las empresas a introducir importantes cambios de seguridad que pueden ayudar a prevenir futuras lesiones.<\/p>\n<p><a href=\"producto-liabilidad-faqs.html#arriba\">Volver arriba<\/a><\/p>\n<p><strong id=\"FindPIAttorneyClaim\" class=\"heading4\">\u00bfC\u00f3mo puedo encontrar un abogado de lesiones personales que pueda ocuparse de mi demanda?<\/strong><\/p>\n<p>Busca un abogado de lesiones personales en Miami o en tu comunidad del Sur de Florida que est\u00e9 familiarizado con las demandas por responsabilidad de producto. Charles Flaxman, del equipo jur\u00eddico <a href=\"index.html\">del Grupo Legal Flaxman<\/a>, por ejemplo, ha manejado miles de casos de lesiones <a href=\"lesiones-personales.html\">personales<\/a> y de <a href=\"productos-responsabilidad.html\">responsabilidad por productos<\/a> defectuosos a lo largo de sus 25 a\u00f1os como abogado de lesiones personales. Tambi\u00e9n ha trabajado como ajustador de seguros durante 10 a\u00f1os antes de convertirse en abogado de lesiones personales, as\u00ed que entiende el proceso de seguros desde ambos lados de la sala del tribunal. El equipo legal del Grupo Legal Flaxman ofrece consultas gratuitas y sin compromiso a todos los nuevos clientes, as\u00ed que no arriesgas nada al contactar a la firma legal y averiguar m\u00e1s sobre tus derechos.<\/p>\n<p><a href=\"producto-liabilidad-faqs.html#arriba\">Volver arriba<\/a><\/p>\n<p><strong id=\"ProductsInjuriesCoveredPLLC\" class=\"heading4\">\u00bfQu\u00e9 tipo de productos y lesiones pueden estar cubiertos por una reclamaci\u00f3n legal de responsabilidad por productos defectuosos?<\/strong><\/p>\n<p>Casi todos los productos y lesiones est\u00e1n cubiertos por una reclamaci\u00f3n de responsabilidad por productos defectuosos. Puedes presentar esta reclamaci\u00f3n si te has lesionado con un electrodom\u00e9stico, un coche, un producto de belleza, un dispositivo de seguridad, una herramienta el\u00e9ctrica o cualquier otro producto. Puedes presentar una reclamaci\u00f3n si has sufrido una lesi\u00f3n ocular, una quemadura, una lesi\u00f3n facial o cualquier otro tipo de lesi\u00f3n. Si tus lesiones fueron causadas por un producto defectuoso y esas lesiones te ocasionaron p\u00e9rdida de ingresos, gastos m\u00e9dicos u otros gastos, puedes ser elegible. <a href=\"contacta con nosotros.html\">Contacta<\/a> hoy mismo con el equipo legal del Grupo Legal Flaxman para saber m\u00e1s.<\/p>\n<p><a href=\"producto-liabilidad-faqs.html#arriba\">Volver arriba<\/a><\/p>\n<\/div>\n<\/div>\n","protected":false},"excerpt":{"rendered":"<p>Sin honorarios a menos que ganemos. Llama al 866-352-9626 para una &#8230; <\/p>\n","protected":false},"author":3,"featured_media":0,"parent":0,"menu_order":0,"comment_status":"closed","ping_status":"closed","template":"template-practice-areas.php","meta":{"footnotes":""},"class_list":["post-21739","page","type-page","status-publish","hentry"],"featured_image_src":null,"featured_image_src_square":null,"_links":{"self":[{"href":"https:\/\/flaxmanlaw.com\/es\/wp-json\/wp\/v2\/pages\/21739","targetHints":{"allow":["GET"]}}],"collection":[{"href":"https:\/\/flaxmanlaw.com\/es\/wp-json\/wp\/v2\/pages"}],"about":[{"href":"https:\/\/flaxmanlaw.com\/es\/wp-json\/wp\/v2\/types\/page"}],"author":[{"embeddable":true,"href":"https:\/\/flaxmanlaw.com\/es\/wp-json\/wp\/v2\/users\/3"}],"replies":[{"embeddable":true,"href":"https:\/\/flaxmanlaw.com\/es\/wp-json\/wp\/v2\/comments?post=21739"}],"version-history":[{"count":0,"href":"https:\/\/flaxmanlaw.com\/es\/wp-json\/wp\/v2\/pages\/21739\/revisions"}],"wp:attachment":[{"href":"https:\/\/flaxmanlaw.com\/es\/wp-json\/wp\/v2\/media?parent=21739"}],"curies":[{"name":"wp","href":"https:\/\/api.w.org\/{rel}","templated":true}]}}