{"id":21740,"date":"2024-11-18T12:45:24","date_gmt":"2024-11-18T12:45:24","guid":{"rendered":"https:\/\/flaxmanlaw.wpenginepowered.com\/quejas-previas-sobre-un-peligro-existente-abogados-de-tropiezos-y-caidas-de-hollywood-florida\/"},"modified":"2024-11-18T12:45:24","modified_gmt":"2024-11-18T12:45:24","slug":"quejas-previas-sobre-un-peligro-existente-abogados-de-tropiezos-y-caidas-de-hollywood-florida","status":"publish","type":"page","link":"https:\/\/flaxmanlaw.com\/es\/quejas-previas-sobre-un-peligro-existente-abogados-de-tropiezos-y-caidas-de-hollywood-florida\/","title":{"rendered":"Quejas previas sobre un peligro existente | Abogados de tropiezos y ca\u00eddas de Hollywood, Florida"},"content":{"rendered":"<div class=\"bodytext\">\n<h2>Quejas previas sobre un peligro existente<\/h1><\/h2>\n<div class=\"description\">\n<p>En Hollywood y en todo el sur de Florida, los casos de tropiezos y ca\u00eddas figuran entre los tipos m\u00e1s comunes de demandas por lesiones personales. En muchos casos, este tipo de accidentes est\u00e1 causado por aceras u otras pasarelas mal mantenidas o desniveladas. Estos accidentes no s\u00f3lo son muy evitables, sino que para muchas personas lesionadas es mortificante enterarse de que un propietario conoc\u00eda un peligro debido a quejas anteriores, pero no actu\u00f3 a tiempo para evitar otra lesi\u00f3n.  <\/p>\n<p>Si usted ha resultado lesionado en un accidente de tropez\u00f3n y ca\u00edda, cont\u00e1ctenos en el Grupo Legal Flaxman para programar hoy mismo una evaluaci\u00f3n gratuita de su caso. Podemos ayudarle a determinar si un propietario sab\u00eda o deber\u00eda haber sabido de un peligro existente y podemos ayudarle con el proceso de reclamaci\u00f3n. Ya sea que su demanda por tropez\u00f3n y ca\u00edda se derive de un accidente en una intersecci\u00f3n, accidente en una banqueta, accidente en una rampa de estacionamiento, ca\u00edda de escaleras, ca\u00edda de escaleras el\u00e9ctricas\/elevadores, u otro tipo de accidente, nuestros abogados est\u00e1n listos para ofrecerle asesor\u00eda y representaci\u00f3n legal.  <\/p>\n<p><strong class=\"heading4\">\u00bfEra evitable tu lesi\u00f3n?<\/strong><\/p>\n<p>Puede ser angustioso tropezar y caerse en una escalera, bordillo, acera u otra zona peatonal, sobre todo si sufres una fractura \u00f3sea, un esguince, un traumatismo craneal, una lesi\u00f3n medular u otra lesi\u00f3n grave. Sin embargo, puede ser a\u00fan m\u00e1s molesto e incluso indignante enterarse de que un propietario conoc\u00eda la existencia de una acera irregular u otro peligro y que, de hecho, se le inform\u00f3 del problema pero no tom\u00f3 medidas. <\/p>\n<p><strong class=\"heading4\">Por desgracia, ocurre con demasiada frecuencia<\/strong><\/p>\n<p>Hay muchas razones por las que los propietarios no act\u00faan cuando alguien les informa de un obst\u00e1culo, una superficie irregular u otro peligro de tropiezo:<\/p>\n<ul>\n<li>Los propietarios pueden asumir que el ayuntamiento se encargar\u00e1 de ello<\/li>\n<li>Los propietarios pueden no tener un buen sistema para recoger y responder a las quejas<\/li>\n<li>Puede que los propietarios no quieran gastarse el dinero en reparaciones o carteles<\/li>\n<li>Los propietarios pueden encargar a alguien que arregle el problema, pero pueden no hacer un seguimiento para asegurarse de que se hace<\/li>\n<\/ul>\n<p>No hay excusa para no tener cuidado de mantener a salvo a los visitantes. De hecho, la legislaci\u00f3n de Florida impone a los propietarios de viviendas y empresas la responsabilidad de tomar medidas razonables para evitar lesiones en su propiedad. Cuando un propietario incumple esta obligaci\u00f3n, puede ser considerado responsable si su negligencia provoca lesiones.  <\/p>\n<p>Los accidentes por tropiezo y ca\u00edda pueden ser complejos debido a las leyes de Hollywood y Florida que afectan a estas demandas por lesiones personales. Si te has lesionado, quieres que alguien proteja tus derechos y persiga agresivamente la m\u00e1xima recuperaci\u00f3n para ti. Un abogado local experto y con experiencia en lesiones personales puede prestar atenci\u00f3n a los muchos factores que pueden afectar a tus derechos a una indemnizaci\u00f3n y puede ocuparse de todos los detalles de tu reclamaci\u00f3n con pericia para que tus intereses queden protegidos.  <\/p>\n<p><strong class=\"heading4\">Recurrir a los tribunales en busca de justicia<\/strong><\/p>\n<p>Si usted ha resultado lesionado en un accidente de tropez\u00f3n y ca\u00edda, contacte a los abogados <a href=\"contacta con nosotros.html\">del Grupo Legal Flaxman<\/a>. Le ofrecemos una evaluaci\u00f3n de su caso gratuita y sin compromiso. Nuestra firma de servicios integrales tambi\u00e9n puede manejar casos en base a honorarios de contingencia, lo que significa que usted s\u00f3lo tendr\u00e1 que pagar los honorarios del abogado si recuperamos dinero a su favor. Puedes ponerte en contacto con nuestras oficinas de Hollywood, Homestead y Miami con un solo n\u00famero, llamando al 866-352-9626 para concertar tu consulta gratuita sobre accidentes.   <\/p>\n<\/p><\/div>\n<div class=\"subpageslist\">\n<ul> <\/ul>\n<\/p><\/div>\n<\/p><\/div>\n","protected":false},"excerpt":{"rendered":"<p>Sin honorarios a menos que ganemos. Llama al 866-352-9626 para una &#8230; <\/p>\n","protected":false},"author":3,"featured_media":0,"parent":0,"menu_order":0,"comment_status":"closed","ping_status":"closed","template":"template-practice-areas.php","meta":{"footnotes":""},"class_list":["post-21740","page","type-page","status-publish","hentry"],"featured_image_src":null,"featured_image_src_square":null,"_links":{"self":[{"href":"https:\/\/flaxmanlaw.com\/es\/wp-json\/wp\/v2\/pages\/21740","targetHints":{"allow":["GET"]}}],"collection":[{"href":"https:\/\/flaxmanlaw.com\/es\/wp-json\/wp\/v2\/pages"}],"about":[{"href":"https:\/\/flaxmanlaw.com\/es\/wp-json\/wp\/v2\/types\/page"}],"author":[{"embeddable":true,"href":"https:\/\/flaxmanlaw.com\/es\/wp-json\/wp\/v2\/users\/3"}],"replies":[{"embeddable":true,"href":"https:\/\/flaxmanlaw.com\/es\/wp-json\/wp\/v2\/comments?post=21740"}],"version-history":[{"count":0,"href":"https:\/\/flaxmanlaw.com\/es\/wp-json\/wp\/v2\/pages\/21740\/revisions"}],"wp:attachment":[{"href":"https:\/\/flaxmanlaw.com\/es\/wp-json\/wp\/v2\/media?parent=21740"}],"curies":[{"name":"wp","href":"https:\/\/api.w.org\/{rel}","templated":true}]}}