{"id":21742,"date":"2024-11-18T12:45:24","date_gmt":"2024-11-18T12:45:24","guid":{"rendered":"https:\/\/flaxmanlaw.wpenginepowered.com\/error-de-prescripcion-abogados-de-negligencia-medica-en-hollywood-florida\/"},"modified":"2024-11-18T12:45:24","modified_gmt":"2024-11-18T12:45:24","slug":"error-de-prescripcion-abogados-de-negligencia-medica-en-hollywood-florida","status":"publish","type":"page","link":"https:\/\/flaxmanlaw.com\/es\/error-de-prescripcion-abogados-de-negligencia-medica-en-hollywood-florida\/","title":{"rendered":"Error de prescripci\u00f3n | Abogados de negligencia m\u00e9dica en Hollywood, Florida"},"content":{"rendered":"<div class=\"bodytext\">\n<h2>Error de prescripci\u00f3n<\/h1><\/h2>\n<div class=\"description\">\n<p>Los errores de prescripci\u00f3n y los errores de farmacia en Miami y en todo el sur de Florida causan lesiones graves cada a\u00f1o. Este tipo de errores puede dar lugar a sobredosis, infradosificaci\u00f3n, reacciones al\u00e9rgicas graves e interacciones medicamentosas. En algunos casos, los pacientes se enfrentan a estancias hospitalarias prolongadas o acaban sufriendo lesiones mortales por tomar la medicaci\u00f3n incorrecta.  <\/p>\n<p>Los errores de prescripci\u00f3n son un problema grave porque hay muchas leyes y normas federales en torno a la correcta comercializaci\u00f3n, comprobaci\u00f3n y dispensaci\u00f3n de los medicamentos recetados. Los farmac\u00e9uticos y los m\u00e9dicos deben cumplir una serie de directrices y buenas pr\u00e1cticas para garantizar la seguridad de los pacientes cuando toman medicamentos que se considera que tienen efectos secundarios graves. Cuando los m\u00e9dicos y farmac\u00e9uticos no act\u00faan con precauci\u00f3n y su imprudencia provoca lesiones a los pacientes, \u00e9stos pueden recurrir a la ley. En algunos casos, pueden presentar una demanda por negligencia m\u00e9dica en Miami o en su comunidad, u otro tipo de demanda legal, para obtener una indemnizaci\u00f3n por los gastos m\u00e9dicos, la p\u00e9rdida de ingresos y otros gastos. Para saber m\u00e1s, siempre puedes contactar al equipo legal del Grupo Legal Flaxman para una evaluaci\u00f3n gratuita de tu caso.    <\/p>\n<p><strong class=\"heading4\">\u00bfQu\u00e9 son los errores de prescripci\u00f3n?<\/strong><\/p>\n<p>Los errores de prescripci\u00f3n pueden incluir:<\/p>\n<ul>\n<li>medicamentos defectuosos<\/li>\n<li>dosificaci\u00f3n incorrecta<\/li>\n<li>medicamentos equivocados<\/li>\n<li>reacciones al\u00e9rgicas<\/li>\n<li>falta de seguimiento del historial del paciente<\/li>\n<li>errores farmac\u00e9uticos<\/li>\n<li>recetas ilegibles<\/li>\n<li>tratamientos farmacol\u00f3gicos incorrectos<\/li>\n<li>uso incorrecto o negligente de medicamentos fuera de lo indicado<\/li>\n<\/ul>\n<p>En muchos casos, los errores de prescripci\u00f3n pueden deberse a negligencia, falta de comprobaciones adecuadas o mala comunicaci\u00f3n. Por ejemplo, cuando los farmac\u00e9uticos leen mal una receta o cuando un m\u00e9dico rellena inadvertidamente una receta de forma incorrecta, pueden producirse lesiones. Tanto m\u00e9dicos como farmac\u00e9uticos tienen la obligaci\u00f3n de facilitar la informaci\u00f3n correcta sobre la receta. Se espera que los m\u00e9dicos comprueben dos veces las alergias de los pacientes, las posibles interacciones entre medicamentos, las dosis correctas y los medicamentos correctos prescritos para un tratamiento. Los farmac\u00e9uticos, sin embargo, tienen la obligaci\u00f3n de comprobar cualquier receta poco clara y verificar cualquier posible error en las recetas. Tambi\u00e9n los fabricantes de medicamentos tienen la obligaci\u00f3n de comprobar sus productos y delinear cuidadosamente las posibles reacciones al\u00e9rgicas e interacciones medicamentosas.     <\/p>\n<p><strong class=\"heading4\">\u00bfEs tu caso una demanda por negligencia m\u00e9dica o responsabilidad por productos defectuosos en Miami o en tu comunidad?<\/strong><\/p>\n<p>Los casos de errores de prescripci\u00f3n pueden implicar a m\u00faltiples partes responsables, entre ellas:<\/p>\n<ul>\n<li>la farmacia<\/li>\n<li>el fabricante del medicamento<\/li>\n<li>el m\u00e9dico<\/li>\n<li>el hospital o centro m\u00e9dico donde se hizo la prescripci\u00f3n<\/li>\n<\/ul>\n<p>Algunas situaciones son demandas por negligencia m\u00e9dica porque el fabricante tiene la culpa. El fabricante del medicamento puede no haber probado cuidadosamente su producto o no haber explicado claramente los riesgos de utilizarlo. En algunos casos, el m\u00e9dico puede ser considerado parcialmente responsable si no redact\u00f3 claramente la receta, no comprob\u00f3 la informaci\u00f3n del paciente o no confirm\u00f3 que el medicamento era el correcto para el tratamiento en cuesti\u00f3n. Los m\u00e9dicos y los hospitales tambi\u00e9n pueden ser considerados responsables si un f\u00e1rmaco provoca una interacci\u00f3n grave tras ser utilizado de forma no indicada. En los casos en que se utiliza un f\u00e1rmaco experimental, los m\u00e9dicos tienen una mayor obligaci\u00f3n de obtener el consentimiento informado del paciente, y si no lo hacen pueden ser considerados parcialmente responsables de las lesiones resultantes. Las farmacias pueden ser consideradas responsables si dispensan medicamentos equivocados o cometen otros errores al dispensarlos.     <\/p>\n<p>Si usted ha resultado lesionado por un error farmac\u00e9utico o de medicamento en Miami o en su comunidad, siempre puede <a href=\"contacta con nosotros.html\">contactar al<\/a> equipo jur\u00eddico <a href=\"contacta con nosotros.html\">del Grupo Legal Flaxman<\/a> para recibir una consulta gratuita sobre accidentes. Tu caso puede valer m\u00e1s de lo que crees y puedes tener derecho a una indemnizaci\u00f3n. El Grupo Legal Flaxman puede ayudar a eliminar las conjeturas de su situaci\u00f3n y puede ayudarle a explicar sus opciones legales.  <\/p>\n<\/div>\n<div class=\"subpageslist\">\n<ul> <\/ul>\n<\/p><\/div>\n<\/p><\/div>\n","protected":false},"excerpt":{"rendered":"<p>Sin honorarios a menos que ganemos. Llama al 866-352-9626 para una &#8230; <\/p>\n","protected":false},"author":3,"featured_media":0,"parent":0,"menu_order":0,"comment_status":"closed","ping_status":"closed","template":"template-practice-areas.php","meta":{"footnotes":""},"class_list":["post-21742","page","type-page","status-publish","hentry"],"featured_image_src":null,"featured_image_src_square":null,"_links":{"self":[{"href":"https:\/\/flaxmanlaw.com\/es\/wp-json\/wp\/v2\/pages\/21742","targetHints":{"allow":["GET"]}}],"collection":[{"href":"https:\/\/flaxmanlaw.com\/es\/wp-json\/wp\/v2\/pages"}],"about":[{"href":"https:\/\/flaxmanlaw.com\/es\/wp-json\/wp\/v2\/types\/page"}],"author":[{"embeddable":true,"href":"https:\/\/flaxmanlaw.com\/es\/wp-json\/wp\/v2\/users\/3"}],"replies":[{"embeddable":true,"href":"https:\/\/flaxmanlaw.com\/es\/wp-json\/wp\/v2\/comments?post=21742"}],"version-history":[{"count":0,"href":"https:\/\/flaxmanlaw.com\/es\/wp-json\/wp\/v2\/pages\/21742\/revisions"}],"wp:attachment":[{"href":"https:\/\/flaxmanlaw.com\/es\/wp-json\/wp\/v2\/media?parent=21742"}],"curies":[{"name":"wp","href":"https:\/\/api.w.org\/{rel}","templated":true}]}}