{"id":21744,"date":"2024-11-18T12:45:24","date_gmt":"2024-11-18T12:45:24","guid":{"rendered":"https:\/\/flaxmanlaw.wpenginepowered.com\/abogados-de-resbalon-y-caida-en-hollywood-florida-grupo-legal-flaxman\/"},"modified":"2025-05-28T13:16:41","modified_gmt":"2025-05-28T13:16:41","slug":"abogados-de-resbalon-y-caida-en-hollywood-florida-grupo-legal-flaxman","status":"publish","type":"page","link":"https:\/\/flaxmanlaw.com\/es\/abogados-de-resbalon-y-caida-en-hollywood-florida-grupo-legal-flaxman\/","title":{"rendered":"Abogados de Resbal\u00f3n y Ca\u00edda en Hollywood, Florida Grupo Legal Flaxman"},"content":{"rendered":"<div class=\"bodytext\">\n<h2>Responsabilidad de los locales<\/h1><\/h2>\n<div class=\"description\">\n<p><img decoding=\"async\" class=\"size-full wp-image-37280 aligncenter\" title=\"inside-center-1280x676-e-67441962ab433\" src=\"https:\/\/flaxmanlaw.com\/wp-content\/uploads\/2025\/05\/inside-center-1280x676-e-67441962ab433.jpg\" alt=\"inside-center-1280x676-e-67441962ab433\" width=\"1280\" height=\"676\" srcset=\"https:\/\/flaxmanlaw.com\/wp-content\/uploads\/2025\/05\/inside-center-1280x676-e-67441962ab433.jpg 1280w, https:\/\/flaxmanlaw.com\/wp-content\/uploads\/2025\/05\/inside-center-1280x676-e-67441962ab433-300x158.jpg 300w, https:\/\/flaxmanlaw.com\/wp-content\/uploads\/2025\/05\/inside-center-1280x676-e-67441962ab433-1024x541.jpg 1024w, https:\/\/flaxmanlaw.com\/wp-content\/uploads\/2025\/05\/inside-center-1280x676-e-67441962ab433-768x406.jpg 768w, https:\/\/flaxmanlaw.com\/wp-content\/uploads\/2025\/05\/inside-center-1280x676-e-67441962ab433-600x317.jpg 600w\" sizes=\"(max-width: 1280px) 100vw, 1280px\" \/><br \/>\nLos propietarios no s\u00f3lo disfrutan del placer y la estabilidad econ\u00f3mica de poseer bienes inmuebles, sino que tambi\u00e9n tienen obligaciones. Los propietarios tienen la obligaci\u00f3n de tomar medidas razonables para evitar da\u00f1os a los visitantes e inquilinos de su propiedad. Esto puede significar despejar obst\u00e1culos para que no se produzcan accidentes por resbalones y ca\u00eddas, puede significar mantener a las mascotas aseguradas para que no se produzcan mordeduras de perro, o puede significar cuidar una propiedad para que nadie est\u00e9 expuesto a sustancias t\u00f3xicas o peligrosas como el plomo o el moho. Cuando el propietario de un inmueble es negligente y una persona resulta herida en \u00e9l, puede ser considerado legalmente responsable del accidente. Si has sufrido una lesi\u00f3n en la propiedad de alguien, puedes tener derecho a ayuda legal para cubrir los gastos de tus facturas m\u00e9dicas, lucro cesante, desfiguraci\u00f3n, angustia emocional o cualquier incapacidad f\u00edsica permanente que hayas sufrido. Llama a los calificados abogados de Florida del Grupo Legal Flaxman para conocer tus opciones legales.<\/p>\n<p>Si tienes una reclamaci\u00f3n por responsabilidad de las instalaciones, es importante que busques la ayuda de un abogado cualificado. En Florida, tu abogado debe demostrar que el propietario cre\u00f3 condiciones inseguras o no mantuvo la propiedad adecuadamente. Esto requiere experiencia y un buen ojo investigador. Es posible que tu abogado tambi\u00e9n tenga que demostrar que el propietario conoc\u00eda los peligros de la propiedad y no tom\u00f3 medidas para evitar un accidente. Dependiendo del caso, un abogado puede tener que demostrar que el propietario cre\u00f3 condiciones inseguras que pod\u00edan atraer a los ni\u00f1os o que actu\u00f3 con negligencia.<\/p>\n<p>En el Grupo Legal Flaxman, hemos sido capaces de obtener resultados reales para los sobrevivientes de accidentes que involucran demandas por responsabilidad de predios. Recientemente, pudimos ganar un acuerdo de 3.8 millones de d\u00f3lares a favor de una familia cuyo hijo de 4 a\u00f1os casi se ahoga. El ni\u00f1o pudo entrar al \u00e1rea de una alberca sin supervisi\u00f3n debido a una puerta defectuosa. El experimentado equipo del Grupo Legal Flaxman pudo demostrar que el propietario sab\u00eda que la verja estaba rota y hab\u00eda sido advertido repetidamente de ello. A pesar de ello, no la arregl\u00f3, lo que provoc\u00f3 las lesiones del ni\u00f1o.<\/p>\n<p>En los casos de responsabilidad de los locales, es importante obtener ayuda para que puedas conseguir la asistencia a la que tienes derecho seg\u00fan la ley. Podemos ayudarte a obtener asistencia para que puedas pagar las facturas m\u00e9dicas, la p\u00e9rdida de ingresos y otros gastos en que incurras a causa del accidente. No debes pagar la negligencia de otra persona con una lesi\u00f3n o accidente doloroso: ll\u00e1manos para proteger tu futuro y proteger a otros de la misma negligencia. <strong>Si has sufrido una lesi\u00f3n por la negligencia de un propietario, ll\u00e1manos al 866-352-9626 o <a href=\"contacta con nosotros.html\">ponte en contacto con nosotros por Internet<\/a> para una consulta gratuita y sin compromiso. <\/strong> Podemos ayudarte a comprender todas tus opciones legales para que puedas tomar una decisi\u00f3n informada sobre lo que quieres hacer a continuaci\u00f3n.<\/p>\n<p>&nbsp;<\/p>\n<\/div>\n<div class=\"subpageslist\">\n<ul>\n<li><a href=\"lesiones y ahogamientos en piscinas.html\">Lesiones y ahogamientos en piscinas<\/a><\/li>\n<li><a href=\"ni\u00f1os-en-propiedad.html\">Ni\u00f1os en la propiedad<\/a><\/li>\n<li><a href=\"comparativa-falla.html\">Fallo comparativo<\/a><\/li>\n<li><a href=\"condiciones-propiedad-defectuosa.html\">Condiciones defectuosas de la propiedad<\/a><\/li>\n<li><a href=\"mantenimiento inadecuado.html\">Mantenimiento inadecuado<\/a><\/li>\n<li><a href=\"naturaleza-de-actividades.html\">Naturaleza de las actividades<\/a><\/li>\n<li><a href=\"allanamiento de morada.html\">Allanamiento de morada<\/a><\/li>\n<li><a href=\"estado-del-visitante.html\">Estado de Visitante<\/a><\/li>\n<li><a href=\"accidentes por resbalones y ca\u00eddas.html\">Accidentes por resbalones y ca\u00eddas<\/a><\/li>\n<li><a href=\"viaje-ca\u00edda.html\">Tropiezo y ca\u00edda<\/a><\/li>\n<\/ul>\n<\/div>\n<\/div>\n","protected":false},"excerpt":{"rendered":"<p>Sin honorarios a menos que ganemos. Llama al 866-352-9626 para una &#8230; <\/p>\n","protected":false},"author":3,"featured_media":0,"parent":0,"menu_order":0,"comment_status":"closed","ping_status":"closed","template":"template-practice-areas.php","meta":{"footnotes":""},"class_list":["post-21744","page","type-page","status-publish","hentry"],"featured_image_src":null,"featured_image_src_square":null,"_links":{"self":[{"href":"https:\/\/flaxmanlaw.com\/es\/wp-json\/wp\/v2\/pages\/21744","targetHints":{"allow":["GET"]}}],"collection":[{"href":"https:\/\/flaxmanlaw.com\/es\/wp-json\/wp\/v2\/pages"}],"about":[{"href":"https:\/\/flaxmanlaw.com\/es\/wp-json\/wp\/v2\/types\/page"}],"author":[{"embeddable":true,"href":"https:\/\/flaxmanlaw.com\/es\/wp-json\/wp\/v2\/users\/3"}],"replies":[{"embeddable":true,"href":"https:\/\/flaxmanlaw.com\/es\/wp-json\/wp\/v2\/comments?post=21744"}],"version-history":[{"count":0,"href":"https:\/\/flaxmanlaw.com\/es\/wp-json\/wp\/v2\/pages\/21744\/revisions"}],"wp:attachment":[{"href":"https:\/\/flaxmanlaw.com\/es\/wp-json\/wp\/v2\/media?parent=21744"}],"curies":[{"name":"wp","href":"https:\/\/api.w.org\/{rel}","templated":true}]}}