{"id":21746,"date":"2024-11-18T12:45:24","date_gmt":"2024-11-18T12:45:24","guid":{"rendered":"https:\/\/flaxmanlaw.wpenginepowered.com\/preguntas-frecuentes-sobre-responsabilidad-de-predios-abogados-de-resbalones-y-caidas-en-miami-grupo-legal-flaxman\/"},"modified":"2025-12-04T03:55:36","modified_gmt":"2025-12-04T03:55:36","slug":"preguntas-frecuentes-sobre-responsabilidad-de-predios-abogados-de-resbalones-y-caidas-en-miami-grupo-legal-flaxman","status":"publish","type":"page","link":"https:\/\/flaxmanlaw.com\/es\/preguntas-frecuentes-sobre-responsabilidad-de-predios-abogados-de-resbalones-y-caidas-en-miami-grupo-legal-flaxman\/","title":{"rendered":"Preguntas sobre Responsabilidad de Predios"},"content":{"rendered":"<div class=\"bodytext\">\n<h2>Preguntas frecuentes sobre la responsabilidad de los locales<\/h2>\n<div class=\"description\">\n<p>Los propietarios tienen la obligaci\u00f3n de mantener a salvo a los visitantes de su propiedad. Cuando no lo hacen, las consecuencias pueden ser significativas. El equipo jur\u00eddico del Grupo Legal Flaxman ha trabajado en muchos casos de responsabilidad de predios en todo el Sur de Florida. En un caso, aseguramos un veredicto de $500,000 despu\u00e9s de que un ni\u00f1o se cay\u00f3 en la propiedad de una escuela y sufri\u00f3 una lesi\u00f3n en la cabeza. En otro caso, aseguramos un arreglo de $3.8 millones cuando un ni\u00f1o sufri\u00f3 lesiones cerebrales despu\u00e9s de tener acceso a un \u00e1rea de alberca no asegurada.<\/p>\n<p>Conocemos las reclamaciones por responsabilidad de las instalaciones en Florida. A trav\u00e9s de nuestras oficinas de Miami, Homestead y Hollywood, conocemos a muchas personas de toda condici\u00f3n que se preguntan si pueden tener una reclamaci\u00f3n por responsabilidad de las instalaciones. Hemos reunido las preguntas que m\u00e1s nos hacen en estas FAQ para ayudarte. Si usted ha resultado lesionado y le gustar\u00eda hablar con nosotros directamente, <strong>llame al Grupo Legal Flaxman al 866-352-9626 o <a href=\"contacta con nosotros.html\">cont\u00e1ctenos en l\u00ednea<\/a> para programar una consulta gratuita y sin compromiso de su caso<\/strong>.<\/p>\n<ul id=\"top-list\" class=\"no-spacing-list\">\n<li><a href=\"locales-responsabilidad-faqs.html#casos\">\u00bfQu\u00e9 son los casos de responsabilidad del establecimiento?<\/a><\/li>\n<li><a href=\"local-liability-faqs.html#causas\">\u00bfCu\u00e1les son las causas m\u00e1s comunes de las demandas por responsabilidad de los locales en Florida?<\/a><\/li>\n<li><a href=\"local-liability-faqs.html#experiencia\">\u00bfPor qu\u00e9 necesito un abogado con experiencia?<\/a><\/li>\n<li><a href=\"locales-responsabilidad-faqs.html#recuperaci\u00f3n\">\u00bfPor qu\u00e9 puedo solicitar la recuperaci\u00f3n econ\u00f3mica?<\/a><\/li>\n<li><a href=\"locales-responsabilidad-faqs.html#pasos\">\u00bfCu\u00e1les deben ser mis primeros pasos?<\/a><\/li>\n<\/ul>\n<div>\n<div>\n<p><strong id=\"cases\" class=\"heading4\">\u00bfQu\u00e9 son los casos de responsabilidad del establecimiento?<\/strong><\/p>\n<div>\n<div>\n<p>Los propietarios tienen la obligaci\u00f3n de asegurarse de que los visitantes de su propiedad est\u00e9n razonablemente seguros. Cuando no lo hacen y alguien resulta herido, el propietario puede ser considerado responsable. Casi todos los propietarios pueden ser demandados por responsabilidad civil de las instalaciones, incluidos comercios, lugares de trabajo, obras de construcci\u00f3n, propietarios de viviendas, asociaciones de propietarios, etc.<\/p>\n<p>Los casos de responsabilidad de los locales dependen del hecho de que los distintos visitantes tienen distintos niveles de protecci\u00f3n. Todos los visitantes tienen cierto grado de protecci\u00f3n porque los propietarios tienen un deber de cuidado hacia ellos:<\/p>\n<ul>\n<li><strong>Invitados p\u00fablicos e invitados de negocios.<\/strong> Los visitantes autorizados, como los clientes que visitan un restaurante o una tienda, los miembros del p\u00fablico que visitan un parque, los alumnos de su colegio y otras personas a las que se ha invitado a entrar en un local o que son bienvenidas en \u00e9l, tienen el mayor deber de diligencia y se espera que el propietario tome precauciones para mantener a salvo a estas personas. Puede que tenga que instalar una iluminaci\u00f3n adecuada, limpiar los derrames con prontitud, contratar a polic\u00edas fuera de servicio como guardias de seguridad o tomar otras medidas apropiadas para mantener a salvo a estos visitantes.<\/li>\n<li><strong>Licenciatarios.<\/strong> Los licenciatarios invitados son invitados. Pueden ser un amigo al que invitas a tu casa, por ejemplo. Los licenciatarios invitados tienen el mismo deber que los invitados p\u00fablicos y comerciales. Los licenciatarios no invitados no tienen invitaci\u00f3n, pero no son intrusos. Por ejemplo, un vendedor a domicilio es un concesionario no invitado. En este caso, el propietario tiene la obligaci\u00f3n de no lesionar intencionadamente al concesionario no invitado.<\/li>\n<li><strong>Intrusos.<\/strong> Las personas que entran en una propiedad sin autorizaci\u00f3n, como los intrusos, siguen teniendo un deber de diligencia. Sin embargo, se les debe la forma m\u00e1s baja de cuidado. En estos casos, se espera que el propietario simplemente no utilice trampas u otros peligros para disuadir a los intrusos. Sin embargo, si los intrusos son ni\u00f1os, se les debe un cuidado adicional. Si un propietario sabe que es probable que los ni\u00f1os se sientan atra\u00eddos por su propiedad -por una piscina, por ejemplo, o por maquinaria pesada-, se espera que tenga un cuidado especial para mantener a salvo a los ni\u00f1os que entren sin autorizaci\u00f3n, porque \u00e9stos pueden no entender que entrar sin autorizaci\u00f3n puede ser inseguro.<\/li>\n<\/ul>\n<\/div>\n<\/div>\n<p><a href=\"local-liability-faqs.html#top-list\">Volver arriba<\/a><\/p>\n<\/div>\n<hr \/>\n<div>\n<p><strong id=\"causes\" class=\"heading4\">\u00bfCu\u00e1les son las causas m\u00e1s comunes de las demandas por responsabilidad de los locales en Florida?<\/strong><\/p>\n<div>\n<div>\n<p>Hay muchos casos en los que se pueden presentar demandas por responsabilidad de los locales. Las m\u00e1s comunes, con diferencia, se refieren a resbalones y <a href=\"viaje-ca\u00edda-preguntas.html\">ca\u00eddas<\/a> o <a href=\"viaje-ca\u00edda-preguntas.html\">tropiezos y ca\u00eddas<\/a> en tiendas, cruceros, hoteles y otros espacios p\u00fablicos. Sin embargo, otras causas comunes pueden ser:<\/p>\n<ul class=\"no-spacing-list\">\n<li>Productos que caen sobre los clientes en las tiendas<\/li>\n<li>Agresiones o robos a visitantes en lugares p\u00fablicos por falta de seguridad<\/li>\n<li><a href=\"lesiones y ahogamientos en piscinas.html\">Lesiones y ahogamientos<\/a> causados por piscinas no aseguradas<\/li>\n<\/ul>\n<p><strong class=\"heading4\"> \u00bfQu\u00e9 tipo de lesiones suelen producirse en los casos de responsabilidad por da\u00f1os causados en establecimientos? <\/strong><\/p>\n<p>Los casos de responsabilidad de los locales pueden implicar cualquier cosa, desde resbalones y ca\u00eddas hasta agresiones, por lo que los tipos de lesiones pueden variar. Pueden incluir:<\/p>\n<ul class=\"no-spacing-list\">\n<li>Lesiones en la cabeza<\/li>\n<li>Lesiones de m\u00e9dula espinal y espalda<\/li>\n<li>huesos rotos<\/li>\n<li>Distensiones, esguinces y latigazos cervicales u otras lesiones de tejidos blandos<\/li>\n<li>Fallecidos<\/li>\n<li>Contusiones y abrasiones<\/li>\n<li>Amputaciones<\/li>\n<li>Lesiones faciales<\/li>\n<li>Lesiones internas<\/li>\n<\/ul>\n<\/div>\n<\/div>\n<p><a href=\"local-liability-faqs.html#top-list\">Volver arriba<\/a><\/p>\n<\/div>\n<hr \/>\n<div>\n<p><strong id=\"experience\" class=\"heading4\">\u00bfPor qu\u00e9 necesito un abogado con experiencia?<\/strong><\/p>\n<div>\n<div>\n<p>Muchas personas que han sufrido lesiones en locales p\u00fablicos se encuentran con que los propietarios y sus compa\u00f1\u00edas de seguros defienden agresivamente las reclamaciones por responsabilidad civil de los locales. En los casos de grandes cadenas hoteleras, grandes empresas y almacenes, franquicias y otras grandes corporaciones, estas empresas suelen contar con equipos enteros de abogados, recursos considerables y poderosas compa\u00f1\u00edas de seguros que no se detendr\u00e1n ante nada para defender a sus clientes. No es raro que desaparezcan cintas de seguridad, o incluso que se acuse a las empresas de manipular pruebas para limpiar sus nombres.<\/p>\n<p>Los abogados experimentados que conocen estas t\u00e1cticas saben c\u00f3mo construir un caso s\u00f3lido. Un abogado con experiencia tambi\u00e9n entiende c\u00f3mo funciona el sistema judicial y sabe lo que vale una demanda concreta. Trabajar\u00e1 duro para asegurarse de que obtienes una indemnizaci\u00f3n justa o la mejor oportunidad posible de obtener una indemnizaci\u00f3n justa.<\/p>\n<p>Sin un abogado, a veces los perjudicados renuncian a sus derechos porque las compa\u00f1\u00edas de seguros o las empresas les presionan para que lo hagan. Tambi\u00e9n es posible que les hagan una oferta a la baja que no llega a cubrir los costes m\u00e9dicos y otros gastos. Un abogado puede ayudarte a evitar esos errores y ocuparse de muchos de los detalles de la presentaci\u00f3n de la demanda. El trabajo de un abogado es buscar una indemnizaci\u00f3n justa para ti y ocuparse de tu reclamaci\u00f3n, para que puedas centrarte en tu salud y bienestar.<\/p>\n<\/div>\n<\/div>\n<p><a href=\"local-liability-faqs.html#top-list\">Volver arriba<\/a><\/p>\n<\/div>\n<hr \/>\n<div>\n<p><strong id=\"recovery\" class=\"heading4\">\u00bfPor qu\u00e9 puedo solicitar la recuperaci\u00f3n econ\u00f3mica?<\/strong><\/p>\n<div>\n<div>\n<p>Si has sufrido lesiones por la negligencia de un propietario, puedes solicitar una recuperaci\u00f3n econ\u00f3mica o una indemnizaci\u00f3n por:<\/p>\n<p>Atenci\u00f3n m\u00e9dica de urgencia, tratamiento continuado, rehabilitaci\u00f3n, medicamentos y otras facturas m\u00e9dicas<\/p>\n<ul class=\"no-spacing-list\">\n<li>Cualquier factura m\u00e9dica prevista en el futuro.<\/li>\n<li>Salarios perdidos, si no has podido trabajar a causa de tu lesi\u00f3n.<\/li>\n<li>Cualquier gasto m\u00e9dico futuro previsto.<\/li>\n<li>Da\u00f1os materiales causados por tu accidente, como da\u00f1os a tu tel\u00e9fono u otros efectos personales.<\/li>\n<li>Costes accesorios, como el coste asociado a hacer tu casa m\u00e1s accesible para adaptarla a tu lesi\u00f3n.<\/li>\n<li>Dolor y sufrimiento.<\/li>\n<\/ul>\n<p>La cantidad que puedas recuperar depender\u00e1 en parte de tu lesi\u00f3n y de cu\u00e1nto afecte a tu vida y cu\u00e1nto te cueste en facturas m\u00e9dicas y salarios perdidos. Tambi\u00e9n se tendr\u00e1 en cuenta la imprudencia de la empresa o de la parte responsable. Si la empresa fue muy imprudente con tu seguridad, un jurado puede concederte m\u00e1s. Tambi\u00e9n influye la eficacia con que tu abogado pueda probar tu caso y tus p\u00e9rdidas. Para saber cu\u00e1nto puede valer tu caso, te conviene consultar a un abogado especializado en responsabilidad civil de los locales que pueda evaluar adecuadamente tu caso.<\/p>\n<\/div>\n<\/div>\n<p><a href=\"local-liability-faqs.html#top-list\">Volver arriba<\/a><\/p>\n<\/div>\n<hr \/>\n<div>\n<p><strong id=\"steps\" class=\"heading4\">\u00bfCu\u00e1les deben ser mis primeros pasos?<\/strong><\/p>\n<div>\n<div>\n<p>Si te has lesionado en la propiedad de alguien, informa de la lesi\u00f3n o del incidente al administrador o al propietario. Intenta conseguir una copia del informe del incidente, si puedes. Si es posible, haz fotos de los alrededores y de la zona donde te lesionaste. Consigue informaci\u00f3n de contacto de los testigos, si es posible. Consigue toda la documentaci\u00f3n que puedas. Incluso puedes anotar todo lo que recuerdes sobre lo que viste o experimentaste justo antes de lesionarte.<\/p>\n<p>Tambi\u00e9n es importante recibir atenci\u00f3n m\u00e9dica. Si tu lesi\u00f3n es potencialmente grave, llama a los servicios de urgencias. Si no est\u00e1s seguro de si est\u00e1s lesionado o de si tus lesiones son menos graves, acude de todos modos a un m\u00e9dico de inmediato. Esto ayudar\u00e1 a establecer la causa de la lesi\u00f3n y garantizar\u00e1 que recibas la atenci\u00f3n m\u00e9dica adecuada de inmediato. Un tratamiento r\u00e1pido puede ayudarte a curarte m\u00e1s eficazmente de tu lesi\u00f3n.<\/p>\n<p>Una tercera cosa que querr\u00e1s hacer es ponerte en contacto con un abogado especializado en responsabilidad civil de locales en Miami, Hollywood o tu comunidad de Florida. Un abogado puede ayudarte a evaluar cualquier oferta que recibas del seguro, puede ayudarte a tratar con cualquiera que pueda ponerse en contacto contigo en relaci\u00f3n con la lesi\u00f3n, y puede ayudarte a reclamar una indemnizaci\u00f3n si eso es lo que decides hacer. Incluso si decides no presentar una demanda, puede ser valioso hablar con un abogado. Los costes de tu lesi\u00f3n pueden ser mucho mayores de lo que esperas, y hablar con un abogado y tomar una decisi\u00f3n con conocimiento de causa puede garantizar que no pagues estos costes totalmente de tu bolsillo.<\/p>\n<\/div>\n<\/div>\n<p><a href=\"local-liability-faqs.html#top-list\">Volver arriba<\/a><\/p>\n<\/div>\n<hr \/>\n<\/div>\n<p><strong class=\"heading4\"> \u00bfM\u00e1s preguntas? <\/strong><\/p>\n<p>Si has resultado lesionado en alg\u00fan espacio p\u00fablico, comercial, o has sufrido alguna lesi\u00f3n y te preguntas si puedes tener una demanda, el Grupo Legal Flaxman es un equipo legal que lucha del lado de quienes han resultado lesionados. Si has resultado lesionado y tienes preguntas, <strong>ll\u00e1manos al 866-352-9626 o <a href=\"contacta con nosotros.html\">cont\u00e1ctanos en l\u00ednea<\/a> para programar una evaluaci\u00f3n gratuita de tu caso<\/strong>.<\/p>\n<\/div>\n<\/div>\n","protected":false},"excerpt":{"rendered":"<p>Sin honorarios a menos que ganemos. Llama al 866-352-9626 para una &#8230; <\/p>\n","protected":false},"author":3,"featured_media":0,"parent":0,"menu_order":0,"comment_status":"closed","ping_status":"closed","template":"template-practice-areas.php","meta":{"footnotes":""},"class_list":["post-21746","page","type-page","status-publish","hentry"],"featured_image_src":null,"featured_image_src_square":null,"_links":{"self":[{"href":"https:\/\/flaxmanlaw.com\/es\/wp-json\/wp\/v2\/pages\/21746","targetHints":{"allow":["GET"]}}],"collection":[{"href":"https:\/\/flaxmanlaw.com\/es\/wp-json\/wp\/v2\/pages"}],"about":[{"href":"https:\/\/flaxmanlaw.com\/es\/wp-json\/wp\/v2\/types\/page"}],"author":[{"embeddable":true,"href":"https:\/\/flaxmanlaw.com\/es\/wp-json\/wp\/v2\/users\/3"}],"replies":[{"embeddable":true,"href":"https:\/\/flaxmanlaw.com\/es\/wp-json\/wp\/v2\/comments?post=21746"}],"version-history":[{"count":0,"href":"https:\/\/flaxmanlaw.com\/es\/wp-json\/wp\/v2\/pages\/21746\/revisions"}],"wp:attachment":[{"href":"https:\/\/flaxmanlaw.com\/es\/wp-json\/wp\/v2\/media?parent=21746"}],"curies":[{"name":"wp","href":"https:\/\/api.w.org\/{rel}","templated":true}]}}