{"id":21747,"date":"2024-11-18T12:45:24","date_gmt":"2024-11-18T12:45:24","guid":{"rendered":"https:\/\/flaxmanlaw.wpenginepowered.com\/quejas-previas-sobre-un-peligro-existente-hollywood-florida-abogados-de-responsabilidad-de-premisas\/"},"modified":"2024-11-18T12:45:24","modified_gmt":"2024-11-18T12:45:24","slug":"quejas-previas-sobre-un-peligro-existente-hollywood-florida-abogados-de-responsabilidad-de-premisas","status":"publish","type":"page","link":"https:\/\/flaxmanlaw.com\/es\/quejas-previas-sobre-un-peligro-existente-hollywood-florida-abogados-de-responsabilidad-de-premisas\/","title":{"rendered":"Quejas previas sobre un peligro existente | Hollywood, Florida Abogados de Responsabilidad de Premisas"},"content":{"rendered":"<div class=\"bodytext\">\n<h2>Quejas previas sobre un peligro existente<\/h1><\/h2>\n<div class=\"description\">\n<p>Una de las cosas m\u00e1s frustrantes de los accidentes por resbal\u00f3n y ca\u00edda es que a menudo son evitables. De hecho, los propietarios u otras partes potencialmente responsables en Hollywood y otras comunidades a menudo no s\u00f3lo conocen un peligro existente, sino que han recibido quejas previas sobre un problema existente y no han tomado medidas para evitar un accidente por tropiezo y ca\u00edda u otra lesi\u00f3n. <\/p>\n<p>Si usted ha sufrido alguna lesi\u00f3n por resbal\u00f3n y ca\u00edda en Hollywood o en Florida del Sur, una de las cosas que querr\u00e1 preguntar es si el due\u00f1o de la propiedad sab\u00eda o deber\u00eda haber sabido de alg\u00fan peligro (como agua derramada) que provoc\u00f3 sus lesiones. Si tienes \u00e9stas u otras preguntas, no dudes en contactar al Grupo Legal Flaxman para averiguar m\u00e1s sobre tus lesiones y para iniciar una investigaci\u00f3n sobre el due\u00f1o de la propiedad y otras partes potencialmente responsables en tu caso. Tu consulta inicial con nuestro bufete es sin compromiso y gratuita.  <\/p>\n<p><strong class=\"heading4\">\u00bfSe podr\u00eda haber evitado tu lesi\u00f3n por resbal\u00f3n y ca\u00edda?<\/strong><\/p>\n<p>Hay muchos casos en los que el propietario ignora quejas anteriores. Por ejemplo, un ayuntamiento puede recibir m\u00faltiples quejas sobre aceras irregulares, pero no se pone en contacto con los contratistas para arreglar el problema. Alguien que resbala y se cae en la acera en cuesti\u00f3n y se lesiona puede no darse cuenta de que ha habido m\u00faltiples quejas sobre el problema y puede no darse cuenta de que el ayuntamiento tuvo mucho tiempo y aviso para arreglar el problema.  <\/p>\n<p>Por supuesto, las partes responsables no suelen anunciar que han sido negligentes, y el demandante que ha sufrido lesiones puede no darse cuenta de que ha habido denuncias anteriores. \u00c9ste es uno de los motivos por los que es tan importante consultar a un abogado especializado en lesiones personales. Un abogado puede investigar al propietario y a otras posibles partes responsables para determinar si el propietario deber\u00eda haber sabido o sab\u00eda de hecho que exist\u00eda un problema, pero no actu\u00f3.  <\/p>\n<p><strong class=\"heading4\">\u00bfC\u00f3mo puedes determinar si hubo denuncias previas?<\/strong><\/p>\n<p>Si el propietario de un inmueble no respondi\u00f3 adecuadamente a quejas anteriores sobre condiciones peligrosas y resbalaste y te ca\u00edste en la propiedad, puedes tener una reclamaci\u00f3n s\u00f3lida, siempre que puedas demostrar que el propietario sab\u00eda o deber\u00eda haber sabido que exist\u00eda un peligro. Un abogado especializado en lesiones personales puede iniciar una investigaci\u00f3n sobre el accidente y utilizar varias t\u00e9cnicas para encontrar casos de reclamaciones anteriores. Por ejemplo, un abogado puede  <\/p>\n<ul>\n<li>Contrata a un investigador para que investigue los antecedentes del propietario<\/li>\n<li>Cita cualquier registro que pueda mostrar reclamaciones anteriores<\/li>\n<li>Entrevista a testigos, antiguos visitantes y empleados para determinar si alguno de ellos present\u00f3 quejas<\/li>\n<\/ul>\n<p>Aunque no haya habido denuncias previas, el propietario puede ser considerado responsable de tus lesiones si deber\u00eda haber sabido que exist\u00eda un peligro. Por ejemplo, si un fregadero goteaba y pod\u00eda haber provocado un derrame en un restaurante, el propietario deber\u00eda haber sabido que pod\u00eda ser un peligro y estaba obligado a poner una se\u00f1al o arreglar el problema. <\/p>\n<p>La mayor\u00eda de los propietarios de Hollywood y alrededores son responsables y cuidan bien sus propiedades. Sin embargo, si usted ha resultado lesionado en un accidente de resbal\u00f3n y ca\u00edda en la propiedad de alguien que fue negligente, usted tiene derecho a solicitar una indemnizaci\u00f3n por gastos m\u00e9dicos, p\u00e9rdida de ingresos, dolor y sufrimiento, y m\u00e1s. Para obtener m\u00e1s detalles, contacta al Grupo Legal Flaxman. Nuestra firma de servicios integrales cuenta con abogados que tienen m\u00e1s de seis d\u00e9cadas de experiencia ayudando a demandantes en los Condados de Broward, Miami-Dade, Palm Beach, South Miami Heights, y comunidades circunvecinas. Ponte en contacto con nuestro <a href=\"contacta con nosotros.html\">personal hoy mismo<\/a> para concertar una revisi\u00f3n gratuita y sin compromiso de tu caso, para que puedas hablar de tus lesiones y tu situaci\u00f3n con nuestro <a href=\"contacta con nosotros.html\">equipo jur\u00eddico<\/a>.    <\/p>\n<\/div>\n<div class=\"subpageslist\">\n<ul> <\/ul>\n<\/p><\/div>\n<\/p><\/div>\n","protected":false},"excerpt":{"rendered":"<p>Sin honorarios a menos que ganemos. Llama al 866-352-9626 para una &#8230; <\/p>\n","protected":false},"author":3,"featured_media":0,"parent":0,"menu_order":0,"comment_status":"closed","ping_status":"closed","template":"template-practice-areas.php","meta":{"footnotes":""},"class_list":["post-21747","page","type-page","status-publish","hentry"],"featured_image_src":null,"featured_image_src_square":null,"_links":{"self":[{"href":"https:\/\/flaxmanlaw.com\/es\/wp-json\/wp\/v2\/pages\/21747","targetHints":{"allow":["GET"]}}],"collection":[{"href":"https:\/\/flaxmanlaw.com\/es\/wp-json\/wp\/v2\/pages"}],"about":[{"href":"https:\/\/flaxmanlaw.com\/es\/wp-json\/wp\/v2\/types\/page"}],"author":[{"embeddable":true,"href":"https:\/\/flaxmanlaw.com\/es\/wp-json\/wp\/v2\/users\/3"}],"replies":[{"embeddable":true,"href":"https:\/\/flaxmanlaw.com\/es\/wp-json\/wp\/v2\/comments?post=21747"}],"version-history":[{"count":0,"href":"https:\/\/flaxmanlaw.com\/es\/wp-json\/wp\/v2\/pages\/21747\/revisions"}],"wp:attachment":[{"href":"https:\/\/flaxmanlaw.com\/es\/wp-json\/wp\/v2\/media?parent=21747"}],"curies":[{"name":"wp","href":"https:\/\/api.w.org\/{rel}","templated":true}]}}