{"id":21748,"date":"2024-11-18T12:45:24","date_gmt":"2024-11-18T12:45:24","guid":{"rendered":"https:\/\/flaxmanlaw.wpenginepowered.com\/accidentes-en-baches-hollywood-florida-abogados-de-lesiones-automovilisticas-grupo-legal-flaxman\/"},"modified":"2025-05-06T10:30:12","modified_gmt":"2025-05-06T10:30:12","slug":"accidentes-en-baches-hollywood-florida-abogados-de-lesiones-automovilisticas-grupo-legal-flaxman","status":"publish","type":"page","link":"https:\/\/flaxmanlaw.com\/es\/accidentes-en-baches-hollywood-florida-abogados-de-lesiones-automovilisticas-grupo-legal-flaxman\/","title":{"rendered":"Accidentes en baches"},"content":{"rendered":"<div class=\"bodytext\">\n<h2>Accidentes en baches<\/h2>\n<div class=\"description\">\n<p>Los baches son una de las principales causas de accidentes de tr\u00e1fico en Miami. Los baches se crean en las carreteras cuando la capa superior de asfalto se desgasta de la superficie de la carretera, dejando al descubierto el hormig\u00f3n que hay debajo. Los baches, si no se rellenan, pueden crecer y expandirse, ensanch\u00e1ndose y alcanzando profundidades de hasta 25 cm. Los baches crean superficies irregulares en la carretera que pueden causar accidentes de tr\u00e1fico. Todos los a\u00f1os hay heridos graves por chocar inesperadamente contra zonas da\u00f1adas de la carretera, como los baches. Los baches tambi\u00e9n pueden causar graves da\u00f1os a tu coche. De hecho, conducir hacia un agujero profundo en la calzada puede tener el mismo impacto en tu coche que un accidente de tr\u00e1fico a baja velocidad. Los baches tambi\u00e9n pueden da\u00f1ar la suspensi\u00f3n y los amortiguadores de tu coche.<\/p>\n<p><strong class=\"heading4\"> Consultar con un abogado tras un accidente de tr\u00e1fico en Miami <\/strong><\/p>\n<p>Si has sufrido lesiones en un accidente de coche en Miami y crees que el estado de las carreteras provoc\u00f3 el accidente, tendr\u00e1s que consultar a un abogado de lesiones personales de la zona de Miami para discutir tus opciones. Seg\u00fan la ley de Florida, tienes derecho a buscar una demanda legal si las condiciones de la carretera han causado tu accidente y tus lesiones. El equipo jur\u00eddico <a href=\"index.html\">del Grupo Legal Flaxman<\/a> ha pasado los \u00faltimos 25 a\u00f1os representando a v\u00edctimas de lesiones personales y accidentes automovil\u00edsticos en todo Florida del Sur. Han recuperado m\u00e1s de $25 millones de d\u00f3lares a favor de las v\u00edctimas y contin\u00faan buscando justicia a favor de quienes han resultado lesionados en accidentes automovil\u00edsticos y otros accidentes causados por negligencia.<\/p>\n<p><strong class=\"heading4\"> Presentar una Demanda Tras un Accidente de Coche en Miami <\/strong><\/p>\n<p>Si t\u00fa o un ser querido hab\u00e9is resultado heridos en un accidente de cami\u00f3n en Miami o en cualquier lugar del sur de Florida y tu accidente fue causado por negligencia o imprudencia, tienes derecho legal a reclamar una indemnizaci\u00f3n a las partes responsables. Puedes presentar una demanda ante un tribunal civil y, en muchos casos, puedes hacer que un abogado especializado en lesiones personales negocie con las compa\u00f1\u00edas de seguros un acuerdo justo. En muchos casos, las v\u00edctimas de lesiones personales en Miami descubren que obtienen una indemnizaci\u00f3n m\u00e1s r\u00e1pida, as\u00ed como una compensaci\u00f3n justa por sus lesiones, trabajando con un abogado de lesiones personales. Trabajar con un abogado puede ser especialmente importante si tu accidente fue causado por un bache. En estos casos, generalmente tendr\u00e1s que demostrar que la ciudad fue responsable del mal mantenimiento de la calzada que provoc\u00f3 el accidente y las lesiones. Para demandar a una administraci\u00f3n local suele ser necesario un abogado con experiencia.<\/p>\n<p>El equipo jur\u00eddico del Grupo Legal Flaxman representa y trabaja con v\u00edctimas de accidentes de tr\u00e1fico en Miami y en todo Florida del Sur, as\u00ed como con v\u00edctimas de lesiones personales en toda el \u00e1rea de Florida del Sur. <a href=\"contacta con nosotros.html\">Contacta con<\/a> el bufete a trav\u00e9s de este sitio web o llamando a su n\u00famero de tel\u00e9fono, disponible las 24 horas del d\u00eda, los siete d\u00edas de la semana, para concertar una consulta gratuita y sin compromiso. El personal jur\u00eddico del Grupo Legal Flaxman tiene d\u00e9cadas de experiencia, as\u00ed como acceso a recursos que pueden ayudarte a sanar y pueden ayudar a construir un caso s\u00f3lido en tu nombre. Llama hoy mismo al profesional y amable personal para saber m\u00e1s sobre tus opciones.<\/p>\n<\/div>\n<div class=\"subpageslist\"><\/div>\n<\/div>\n","protected":false},"excerpt":{"rendered":"<p>Sin honorarios a menos que ganemos. Llama al 866-352-9626 para una &#8230; <\/p>\n","protected":false},"author":3,"featured_media":0,"parent":0,"menu_order":0,"comment_status":"closed","ping_status":"closed","template":"template-practice-areas.php","meta":{"footnotes":""},"class_list":["post-21748","page","type-page","status-publish","hentry"],"featured_image_src":null,"featured_image_src_square":null,"_links":{"self":[{"href":"https:\/\/flaxmanlaw.com\/es\/wp-json\/wp\/v2\/pages\/21748","targetHints":{"allow":["GET"]}}],"collection":[{"href":"https:\/\/flaxmanlaw.com\/es\/wp-json\/wp\/v2\/pages"}],"about":[{"href":"https:\/\/flaxmanlaw.com\/es\/wp-json\/wp\/v2\/types\/page"}],"author":[{"embeddable":true,"href":"https:\/\/flaxmanlaw.com\/es\/wp-json\/wp\/v2\/users\/3"}],"replies":[{"embeddable":true,"href":"https:\/\/flaxmanlaw.com\/es\/wp-json\/wp\/v2\/comments?post=21748"}],"version-history":[{"count":0,"href":"https:\/\/flaxmanlaw.com\/es\/wp-json\/wp\/v2\/pages\/21748\/revisions"}],"wp:attachment":[{"href":"https:\/\/flaxmanlaw.com\/es\/wp-json\/wp\/v2\/media?parent=21748"}],"curies":[{"name":"wp","href":"https:\/\/api.w.org\/{rel}","templated":true}]}}