{"id":21749,"date":"2024-11-18T12:45:26","date_gmt":"2024-11-18T12:45:26","guid":{"rendered":"https:\/\/flaxmanlaw.wpenginepowered.com\/amputaciones-en-south-miami-abogados-de-lesiones-personales-en-el-condado-de-miami-dade\/"},"modified":"2024-11-18T12:45:26","modified_gmt":"2024-11-18T12:45:26","slug":"amputaciones-en-south-miami-abogados-de-lesiones-personales-en-el-condado-de-miami-dade","status":"publish","type":"page","link":"https:\/\/flaxmanlaw.com\/es\/amputaciones-en-south-miami-abogados-de-lesiones-personales-en-el-condado-de-miami-dade\/","title":{"rendered":"Amputaciones en South Miami | Abogados de lesiones personales en el condado de Miami-Dade"},"content":{"rendered":"<div class=\"bodytext\">\n<h2>Amputaciones en South Miami<\/h1><\/h2>\n<div class=\"description\">\n<p>Las secuelas de un accidente de coche en South Miami, un accidente de cami\u00f3n u otro tipo de accidente pueden durar a\u00f1os. Una de las lesiones m\u00e1s dram\u00e1ticas derivadas de este tipo de accidentes suele ser la desfiguraci\u00f3n o la amputaci\u00f3n. Perder un miembro puede afectar permanentemente a tu vida. Puede dificultarte conseguir un trabajo, participar en tus aficiones habituales o incluso cuidar de tu familia.   <\/p>\n<p>Como abogados de lesiones personales en Miami Sur, en el Grupo Legal Flaxman comprendemos lo devastador que puede ser un accidente grave y una amputaci\u00f3n. Esto se debe a que hemos trabajado de cerca con clientes que han sufrido lesiones catastr\u00f3ficas, incluyendo amputaciones, y hemos visto sus valientes luchas para superar sus lesiones y poder llevar una vida plena. Charles Flaxman y el resto de los abogados del Grupo Legal Flaxman han dedicado sus vidas a ayudar a las v\u00edctimas de lesiones personales a obtener la recuperaci\u00f3n que merecen. Trabajamos con una estrecha red de expertos m\u00e9dicos, peritos y otros profesionales que pueden construir un caso s\u00f3lido en tu nombre. Si podemos serle de ayuda, por favor no dude en contactarnos para una revisi\u00f3n gratuita de su caso.    <\/p>\n<p><strong class=\"heading4\">Tipos de amputaciones en South Miami y otras ciudades de Florida<\/strong><\/p>\n<p>Las amputaciones pueden implicar:<\/p>\n<ul>\n<li>Una pierna entera<\/li>\n<li>Parte de la pierna<\/li>\n<li>Un pie<\/li>\n<li>Parte del pie<\/li>\n<li>Dedos de los pies o de las manos<\/li>\n<li>Hemipelvectom\u00eda<\/li>\n<li>El brazo<\/li>\n<li>La mano<\/li>\n<li>El antebrazo<\/li>\n<\/ul>\n<p>Sea cual sea el tipo de amputaci\u00f3n que hayas tenido que sufrir, todas ellas conllevan la p\u00e9rdida de alguna funci\u00f3n motora, dolor y sufrimiento, as\u00ed como costosos tratamientos m\u00e9dicos. En la mayor\u00eda de los casos, necesitar\u00e1s cuidados de seguimiento, rehabilitaci\u00f3n y toda una vida de gastos y cuidados m\u00e9dicos adicionales. <\/p>\n<p><strong class=\"heading4\">\u00bfCrees que tienes un caso de lesiones personales?<\/strong><\/p>\n<p>A\u00fan si no est\u00e1s seguro de si necesitas un abogado de lesiones personales en Miami del Sur o en tu comunidad, contacta al Grupo Legal Flaxman para una consulta gratuita sobre lesiones personales. Nuestros abogados pueden revisar su caso y pueden aconsejarle sobre sus opciones para que pueda tomar la decisi\u00f3n correcta para usted y su familia. Puede que no te des cuenta de que puedes tener derecho al dinero del seguro o de que tienes una reclamaci\u00f3n legal. En algunos casos, puedes tener la posibilidad de negociar con las aseguradoras un acuerdo m\u00e1s justo.   <\/p>\n<p>Nuestros abogados pueden ayudarte a entender lo que puedes esperar en t\u00e9rminos de costos relacionados con tus lesiones y pueden ayudarte a entender cu\u00e1les son los pasos para buscar la compensaci\u00f3n que mereces. No hay ninguna obligaci\u00f3n asociada con la consulta gratuita de su caso, pero si usted decide trabajar con el Grupo Legal Flaxman, nuestro equipo de lesiones personales har\u00e1 todo lo posible para proporcionarle la m\u00e1s fuerte defensa y representaci\u00f3n legal que podamos. <\/p>\n<p>En el <a href=\"contacta con nosotros.html\">Grupo Legal Flaxman<\/a>, representamos a clientes en base a honorarios de contingencia. Esto significa que usted no tiene que pagar honorarios legales ni costos adicionales a menos que recuperemos dinero a trav\u00e9s de una victoria en la corte o de un acuerdo a su favor. Para saber m\u00e1s sobre su demanda por amputaci\u00f3n y lo que el Grupo Legal Flaxman puede hacer por usted, contacte hoy mismo al Grupo Legal Flaxman para programar una consulta gratuita por accidente.  <\/p>\n<\/p><\/div>\n<\/p><\/div>\n","protected":false},"excerpt":{"rendered":"<p>Sin honorarios a menos que ganemos. Llama al 866-352-9626 para una &#8230; <\/p>\n","protected":false},"author":3,"featured_media":0,"parent":0,"menu_order":0,"comment_status":"closed","ping_status":"closed","template":"template-practice-areas.php","meta":{"footnotes":""},"class_list":["post-21749","page","type-page","status-publish","hentry"],"featured_image_src":null,"featured_image_src_square":null,"_links":{"self":[{"href":"https:\/\/flaxmanlaw.com\/es\/wp-json\/wp\/v2\/pages\/21749","targetHints":{"allow":["GET"]}}],"collection":[{"href":"https:\/\/flaxmanlaw.com\/es\/wp-json\/wp\/v2\/pages"}],"about":[{"href":"https:\/\/flaxmanlaw.com\/es\/wp-json\/wp\/v2\/types\/page"}],"author":[{"embeddable":true,"href":"https:\/\/flaxmanlaw.com\/es\/wp-json\/wp\/v2\/users\/3"}],"replies":[{"embeddable":true,"href":"https:\/\/flaxmanlaw.com\/es\/wp-json\/wp\/v2\/comments?post=21749"}],"version-history":[{"count":0,"href":"https:\/\/flaxmanlaw.com\/es\/wp-json\/wp\/v2\/pages\/21749\/revisions"}],"wp:attachment":[{"href":"https:\/\/flaxmanlaw.com\/es\/wp-json\/wp\/v2\/media?parent=21749"}],"curies":[{"name":"wp","href":"https:\/\/api.w.org\/{rel}","templated":true}]}}