{"id":21750,"date":"2024-11-18T12:45:24","date_gmt":"2024-11-18T12:45:24","guid":{"rendered":"https:\/\/flaxmanlaw.wpenginepowered.com\/saneamiento-deficiente-abogados-de-negligencia-medica-en-hollywood-florida\/"},"modified":"2024-11-18T12:45:24","modified_gmt":"2024-11-18T12:45:24","slug":"saneamiento-deficiente-abogados-de-negligencia-medica-en-hollywood-florida","status":"publish","type":"page","link":"https:\/\/flaxmanlaw.com\/es\/saneamiento-deficiente-abogados-de-negligencia-medica-en-hollywood-florida\/","title":{"rendered":"Saneamiento deficiente | Abogados de negligencia m\u00e9dica en Hollywood, Florida"},"content":{"rendered":"<div class=\"bodytext\">\n<h2>Saneamiento deficiente<\/h1><\/h2>\n<div class=\"description\">\n<p>Las salas de urgencias de los hospitales son lugares muy concurridos, y esto significa que en los servicios de urgencias suele haber mucho material biopeligroso. Las enfermeras pueden estar tomando muestras de sangre o procesando jeringuillas. Los pacientes pueden estar enfermos o sangrando. En todas estas situaciones, una higiene y saneamiento adecuados son vitales. Una higiene deficiente suele provocar infecciones y otras complicaciones graves.    <\/p>\n<p>Por desgracia, aunque es un hecho ampliamente conocido que lavarse las manos y practicar otras buenas t\u00e9cnicas de higiene es vital, en algunos casos el personal m\u00e9dico es negligente a la hora de proporcionar un entorno limpio y seguro. Si has sufrido una infecci\u00f3n u otra complicaci\u00f3n grave debido a una higiene deficiente en un hospital o centro m\u00e9dico, es posible que tengas derecho a reclamar una indemnizaci\u00f3n por lesiones personales. La indemnizaci\u00f3n de tu demanda puede ayudarte a pagar los salarios perdidos, los gastos m\u00e9dicos y otros gastos relacionados con tu lesi\u00f3n. Si quieres saber si tienes una demanda, ponte en contacto con el Grupo Legal Flaxman para concertar una consulta gratuita sobre accidentes y hablar de tu situaci\u00f3n con un abogado de lesiones personales.   <\/p>\n<p><strong class=\"heading4\">Ejemplos de Negligencia en Miami y Florida<\/strong><\/p>\n<p>Hay muchos tipos de pr\u00e1cticas higi\u00e9nicas deficientes que pueden encontrarse en hospitales y salas de urgencias:<\/p>\n<ul>\n<li>el personal m\u00e9dico no se lava las manos antes de atender a un nuevo paciente<\/li>\n<li>eliminaci\u00f3n incorrecta de materiales biopeligrosos, jeringuillas, sangre, tejidos y otras materias<\/li>\n<li>higienizaci\u00f3n incorrecta de los equipos de diagn\u00f3stico e imagen compartidos<\/li>\n<li>reutilizaci\u00f3n de productos sanitarios que no deben reutilizarse<\/li>\n<li>cestos de basura o trituradores desbordados<\/li>\n<li>s\u00e1banas y almohadas sin cambiar en camas de hospital<\/li>\n<li>chinches u otras infestaciones<\/li>\n<li>vendajes, ap\u00f3sitos sin cambios<\/li>\n<li>brotes de superbacterias y otras enfermedades transmisibles &#8211; y respuestas incorrectas a estos brotes<\/li>\n<li>lavabos y orinales sucios<\/li>\n<li>falta de desinfectantes o zonas para lavarse las manos<\/li>\n<\/ul>\n<p>Cualquiera de estos ejemplos puede provocar lesiones graves. Por ejemplo, cuando el equipo de diagn\u00f3stico por imagen no se desinfecta, o se desinfecta incorrectamente, los pacientes que utilizan el equipo de diagn\u00f3stico por imagen despu\u00e9s de una persona enferma pueden contraer una enfermedad. En los hospitales suelen aparecer superbacterias y cepas de enfermedades resistentes a los antibi\u00f3ticos, y en muchos casos estos brotes y enfermedades se deben a una higiene deficiente en los hospitales.  <\/p>\n<p><strong class=\"heading4\">C\u00f3mo se produce la falta de higiene en los hospitales de Miami y alrededores<\/strong><\/p>\n<p>La falta de higiene y saneamiento puede deberse a varias razones:<\/p>\n<ul>\n<li>falta de personal, especialmente de limpieza<\/li>\n<li>escasa formaci\u00f3n del personal en t\u00e9cnicas de higienizaci\u00f3n adecuadas<\/li>\n<li>negligencia o imprudencia al compartir equipos o sustituir dispositivos<\/li>\n<li>distracci\u00f3n durante el trabajo<\/li>\n<li>falta de pol\u00edticas hospitalarias para una correcta higienizaci\u00f3n<\/li>\n<li>falta de concienciaci\u00f3n sobre las t\u00e9cnicas actuales para un saneamiento adecuado<\/li>\n<\/ul>\n<p>No importa por qu\u00e9 ocurra, sufrir una lesi\u00f3n por una higiene deficiente es devastador. Las superbacterias pueden matar f\u00e1cilmente a un paciente ya enfermo, mientras que las infecciones pueden prolongar una lesi\u00f3n o causar graves complicaciones. Si te has lesionado por negligencia del personal m\u00e9dico, tienes opciones. Ponte en contacto con un abogado de lesiones personales de Miami o de tu comunidad para hablar sobre la presentaci\u00f3n de una reclamaci\u00f3n legal. Seg\u00fan tu situaci\u00f3n, puedes presentar una demanda por homicidio culposo en Miami o en tu comunidad, una demanda por negligencia m\u00e9dica u otro tipo de demanda por lesiones personales.    <\/p>\n<p>El equipo jur\u00eddico del Grupo Legal Flaxman ha visto de primera mano lo devastadora que puede ser la negligencia m\u00e9dica. Si has resultado lesionado y est\u00e1s buscando un abogado de negligencia m\u00e9dica que te ayude a revisar tu caso y tu situaci\u00f3n, <a href=\"contacta con nosotros.html\">contacta<\/a> hoy mismo <a href=\"contacta con nosotros.html\">al Grupo Legal Flaxman<\/a> para una consulta gratuita sobre accidentes y hablar sobre tu situaci\u00f3n. <\/p>\n<\/div>\n<div class=\"subpageslist\">\n<ul> <\/ul>\n<\/p><\/div>\n<\/p><\/div>\n","protected":false},"excerpt":{"rendered":"<p>Sin honorarios a menos que ganemos. Llama al 866-352-9626 para una &#8230; <\/p>\n","protected":false},"author":3,"featured_media":0,"parent":0,"menu_order":0,"comment_status":"closed","ping_status":"closed","template":"template-practice-areas.php","meta":{"footnotes":""},"class_list":["post-21750","page","type-page","status-publish","hentry"],"featured_image_src":null,"featured_image_src_square":null,"_links":{"self":[{"href":"https:\/\/flaxmanlaw.com\/es\/wp-json\/wp\/v2\/pages\/21750","targetHints":{"allow":["GET"]}}],"collection":[{"href":"https:\/\/flaxmanlaw.com\/es\/wp-json\/wp\/v2\/pages"}],"about":[{"href":"https:\/\/flaxmanlaw.com\/es\/wp-json\/wp\/v2\/types\/page"}],"author":[{"embeddable":true,"href":"https:\/\/flaxmanlaw.com\/es\/wp-json\/wp\/v2\/users\/3"}],"replies":[{"embeddable":true,"href":"https:\/\/flaxmanlaw.com\/es\/wp-json\/wp\/v2\/comments?post=21750"}],"version-history":[{"count":0,"href":"https:\/\/flaxmanlaw.com\/es\/wp-json\/wp\/v2\/pages\/21750\/revisions"}],"wp:attachment":[{"href":"https:\/\/flaxmanlaw.com\/es\/wp-json\/wp\/v2\/media?parent=21750"}],"curies":[{"name":"wp","href":"https:\/\/api.w.org\/{rel}","templated":true}]}}