{"id":21752,"date":"2024-11-18T12:45:24","date_gmt":"2024-11-18T12:45:24","guid":{"rendered":"https:\/\/flaxmanlaw.wpenginepowered.com\/mala-higiene-en-residencias-de-ancianos-abogados-de-abusos-en-residencias-de-ancianos-de-hollywood-florida\/"},"modified":"2024-11-18T12:45:24","modified_gmt":"2024-11-18T12:45:24","slug":"mala-higiene-en-residencias-de-ancianos-abogados-de-abusos-en-residencias-de-ancianos-de-hollywood-florida","status":"publish","type":"page","link":"https:\/\/flaxmanlaw.com\/es\/mala-higiene-en-residencias-de-ancianos-abogados-de-abusos-en-residencias-de-ancianos-de-hollywood-florida\/","title":{"rendered":"Mala higiene en residencias de ancianos | Abogados de abusos en residencias de ancianos de Hollywood, Florida"},"content":{"rendered":"<div class=\"bodytext\">\n<h2>Mala higiene en las residencias de ancianos<\/h1><\/h2>\n<div class=\"description\">\n<p>Una higiene deficiente en las residencias de ancianos puede provocar brotes de enfermedades, contaminaci\u00f3n e incluso muertes. Una higiene deficiente puede implicar cualquier cosa, desde que el personal no se lave las manos, pasando por servicios de limpieza inadecuados, hasta la falta de atenci\u00f3n adecuada a la higiene de los residentes. Cuando la falta de higiene ha perjudicado a un familiar en una residencia de ancianos, es hora de ponerse en contacto con un abogado especializado en negligencia en residencias de ancianos que preste servicios en Hollywood o en tu comunidad. Este tipo de negligencia es totalmente evitable y no debe tolerarse.   <\/p>\n<p><strong class=\"heading4\">\u00bfPor qu\u00e9 se produce una higiene deficiente en las residencias de ancianos?<\/strong><\/p>\n<p>En muchos casos, los problemas de higiene se deben a la falta de personal. Cuando hay demasiado poco personal para atender a una residencia de ancianos y a sus residentes, se recortan gastos. Esto puede significar limpiar las superficies con menos frecuencia u ofrecer ba\u00f1os y limpiezas a los residentes con menos frecuencia.  <\/p>\n<p>En otros casos, la falta de atenci\u00f3n y formaci\u00f3n puede dar lugar a una higiene inadecuada. Cuando no se explica al personal c\u00f3mo limpiar adecuadamente las zonas comunes o cuando no se hace hincapi\u00e9 en el lavado de manos, el personal poco formado puede no darse cuenta de las medidas que debe tomar para la seguridad y la limpieza. Tambi\u00e9n hay personal que simplemente no tiene el cuidado adecuado, aunque tenga la formaci\u00f3n adecuada.  <\/p>\n<p>Los sistemas deficientes tambi\u00e9n pueden causar una higiene inadecuada. Por ejemplo, puede que el personal no tenga un sistema o una lista de comprobaci\u00f3n para limpiar las superficies de las habitaciones privadas o que no tenga un sistema para asegurarse de que se barren y limpian los suelos. <\/p>\n<p>Ponte en contacto con un abogado especializado en negligencia en <a href=\"negligencia en residencias de ancianos.html\">residencias de ancianos<\/a> de Hollywood si la falta de higiene te ha causado lesiones a ti o a un ser querido. Aunque hay muchas razones por las que se producen condiciones de falta de higiene, no hay excusa cuando la negligencia provoca lesiones. <\/p>\n<p><strong class=\"heading4\">Los peligros de una higiene deficiente en las residencias de ancianos<\/strong><\/p>\n<p>Una higiene inadecuada en las residencias de ancianos puede ser extremadamente peligrosa. Dado que los residentes ancianos pueden tener enfermedades preexistentes, pueden ser especialmente vulnerables a los g\u00e9rmenes y virus que se propagan debido a la falta de limpieza. Cuando un miembro del personal no se lava las manos al pasar de un paciente a otro, por ejemplo, puede propagar g\u00e9rmenes de un paciente a otro e incluso contribuir a un brote o a una infecci\u00f3n de heridas.  <\/p>\n<p>La falta de higiene en zonas comunes como lavabos, cocinas y en las habitaciones privadas de los residentes tambi\u00e9n puede ser un peligro en otros sentidos. Por ejemplo, unos suelos mal lavados pueden provocar accidentes por tropiezos o resbalones. Una higiene deficiente en la cocina puede provocar enfermedades transmitidas por los alimentos y problemas gastrointestinales.  <\/p>\n<p>Si tu ser querido ha sufrido lesiones en una residencia de ancianos, ponte en contacto con un abogado de Hollywood. En muchos casos, puede ser dif\u00edcil saber si una lesi\u00f3n fue causada por negligencia o no. Por ejemplo, una dolencia transmitida por los alimentos puede descartarse como un simple accidente. Una investigaci\u00f3n minuciosa por parte de un abogado puede revelar un cuidado negligente en la cocina.   <\/p>\n<p><strong class=\"heading4\">Qu\u00e9 hacer cuando la falta de higiene en residencias de ancianos provoca una lesi\u00f3n<\/strong><\/p>\n<p>Siempre que un ser querido sufra lesiones en una residencia de ancianos, querr\u00e1s insistir en que se lleve a cabo una investigaci\u00f3n exhaustiva. Querr\u00e1s respuestas. Si un familiar ha resultado herido en un entorno asistencial, tambi\u00e9n querr\u00e1s ponerte en contacto con un abogado. Un abogado puede ayudarte a explorar tus opciones legales y puede ayudarte a encontrar los recursos que necesitas para mantenerte plenamente a ti o a tu familiar.   <\/p>\n<p>Siempre puedes contactar al Grupo Legal Flaxman si deseas hablar con un abogado con d\u00e9cadas de experiencia. Nuestros abogados tienen m\u00e1s de sesenta a\u00f1os de experiencia combinada y estar\u00edan encantados de hablar contigo en nuestras oficinas de Homestead, Miami o Hollywood. Tambi\u00e9n podemos desplazarnos a tu domicilio, lugar de trabajo o habitaci\u00f3n de hospital si es necesario. <strong><a href=\"contacta con nosotros.html\">Ponte en contacto con nosotros en l\u00ednea<\/a> hoy mismo o llama al 866-352-9626.<\/strong>  <\/p>\n<\/p><\/div>\n<div class=\"subpageslist\">\n<ul> <\/ul>\n<\/p><\/div>\n<\/p><\/div>\n","protected":false},"excerpt":{"rendered":"<p>Sin honorarios a menos que ganemos. Llama al 866-352-9626 para una &#8230; <\/p>\n","protected":false},"author":3,"featured_media":0,"parent":0,"menu_order":0,"comment_status":"closed","ping_status":"closed","template":"template-practice-areas.php","meta":{"footnotes":""},"class_list":["post-21752","page","type-page","status-publish","hentry"],"featured_image_src":null,"featured_image_src_square":null,"_links":{"self":[{"href":"https:\/\/flaxmanlaw.com\/es\/wp-json\/wp\/v2\/pages\/21752","targetHints":{"allow":["GET"]}}],"collection":[{"href":"https:\/\/flaxmanlaw.com\/es\/wp-json\/wp\/v2\/pages"}],"about":[{"href":"https:\/\/flaxmanlaw.com\/es\/wp-json\/wp\/v2\/types\/page"}],"author":[{"embeddable":true,"href":"https:\/\/flaxmanlaw.com\/es\/wp-json\/wp\/v2\/users\/3"}],"replies":[{"embeddable":true,"href":"https:\/\/flaxmanlaw.com\/es\/wp-json\/wp\/v2\/comments?post=21752"}],"version-history":[{"count":0,"href":"https:\/\/flaxmanlaw.com\/es\/wp-json\/wp\/v2\/pages\/21752\/revisions"}],"wp:attachment":[{"href":"https:\/\/flaxmanlaw.com\/es\/wp-json\/wp\/v2\/media?parent=21752"}],"curies":[{"name":"wp","href":"https:\/\/api.w.org\/{rel}","templated":true}]}}