{"id":21753,"date":"2024-11-18T12:45:26","date_gmt":"2024-11-18T12:45:26","guid":{"rendered":"https:\/\/flaxmanlaw.wpenginepowered.com\/reclamaciones-por-humo-y-danos-abogados-de-reclamaciones-de-seguros-en-miami-grupo-legal-flaxman\/"},"modified":"2024-11-18T12:45:26","modified_gmt":"2024-11-18T12:45:26","slug":"reclamaciones-por-humo-y-danos-abogados-de-reclamaciones-de-seguros-en-miami-grupo-legal-flaxman","status":"publish","type":"page","link":"https:\/\/flaxmanlaw.com\/es\/reclamaciones-por-humo-y-danos-abogados-de-reclamaciones-de-seguros-en-miami-grupo-legal-flaxman\/","title":{"rendered":"Reclamaciones por Humo y Da\u00f1os | Abogados de Reclamaciones de Seguros en Miami Grupo Legal Flaxman"},"content":{"rendered":"<div class=\"bodytext\">\n<h2>Reclamaciones por humo y da\u00f1os<\/h1><\/h2>\n<div class=\"description\">\n<p>El Grupo Legal Flaxman trabaja con residentes que han perdido virtualmente toda su propiedad cuando deciden contactar a un abogado de demandas por da\u00f1os por humo e incendio en Hollywood, y nuestros abogados tambi\u00e9n trabajan con individuos que han perdido parcialmente su propiedad. En ambos tipos de casos, sobrevivir a un incendio es profundamente perturbador y puede repercutir en tu econom\u00eda y tranquilidad durante mucho tiempo. Si te encuentras en esta situaci\u00f3n, ponte en contacto con nosotros para una consulta gratuita sobre accidentes.  <\/p>\n<p><strong class=\"heading4\">Da\u00f1os por humo e incendio en Hollywood  <\/strong><\/p>\n<p>Un incendio en tu casa o negocio puede tener un impacto devastador en tu salud, econom\u00eda y bienes personales. Un incendio puede destruir directamente todo lo que encuentra a su paso, pero tambi\u00e9n puede causar da\u00f1os secundarios. Cuando el fuego alcanza materiales inflamables, puede provocar una explosi\u00f3n que cause ventanas reventadas, da\u00f1os en los cimientos o la estructura de tu casa, y mucho m\u00e1s. Los da\u00f1os por incendio pueden arruinar tus sistemas el\u00e9ctricos y todos los sistemas principales de tu casa. A la larga, puede consumir todo el edificio. Si hay alguien en la casa, puede causar quemaduras y cicatrices si hay contacto directo con las llamas.     <\/p>\n<p>Tambi\u00e9n el humo puede causar da\u00f1os devastadores a tu propiedad. Aunque un incendio est\u00e9 contenido y s\u00f3lo afecte a parte de una habitaci\u00f3n, el humo puede causar decoloraci\u00f3n y da\u00f1os en paredes y techos. Puede interferir con los aparatos electr\u00f3nicos, por lo que hay que sustituir los art\u00edculos afectados.  <\/p>\n<p>Incluso el proceso de apagar un incendio puede causar grandes da\u00f1os, sobre todo si los bomberos tienen que utilizar hachas para acceder a las zonas. Los productos qu\u00edmicos utilizados para apagar un incendio tambi\u00e9n pueden da\u00f1ar las superficies y los aparatos electr\u00f3nicos. <\/p>\n<p><strong class=\"heading4\">\u00bfCu\u00e1ndo debo llamar a un abogado de reclamaciones por da\u00f1os causados por humo e incendio en Hollywood?<\/strong><\/p>\n<p>Tras un incendio, puede que no haya forma de recuperar una propiedad que ha sido consumida por las llamas. Sin embargo, algunas opciones te permiten buscar dinero del seguro para cubrir los da\u00f1os causados por el fuego y el humo. Buscar una cantidad justa significa que puedes reponer los objetos que sean reemplazables y conseguir reparaciones o sustituciones de calidad para tu vivienda.  <\/p>\n<p>Es importante no subestimar los costes de los da\u00f1os por humo e incendio. Es probable que necesites inspectores para determinar si hay da\u00f1os en las estructuras subyacentes de tu casa, incluidos los da\u00f1os que no puedes ver. Es posible que tengas que sustituir ropa, joyas, aparatos electr\u00f3nicos, paneles de yeso, etc. Si tu casa necesita obras en los cimientos, reparaciones de fontaner\u00eda u otros trabajos, esto puede resultar caro porque tus sistemas, si son antiguos, pueden tener que actualizarse al mismo tiempo que se reparan. Puede que no sea posible reparar una parte da\u00f1ada de un sistema el\u00e9ctrico importante, por ejemplo, sin actualizar el cuadro el\u00e9ctrico.    <\/p>\n<p>Los da\u00f1os por humo e incendio pueden inutilizar tu casa durante alg\u00fan tiempo. Es posible que tengas que permanecer en un hotel o alojamiento durante un tiempo prolongado, lo que puede resultar costoso. <\/p>\n<p>Has pagado un seguro de hogar durante mucho tiempo, pero cuando llega el momento de reclamar, tu aseguradora querr\u00e1 resolver tu reclamaci\u00f3n de forma r\u00e1pida y econ\u00f3mica, lo que puede no cubrir todas las p\u00e9rdidas que has sufrido. Por esta raz\u00f3n, si has sufrido da\u00f1os por humo e incendio en tu casa, ponte en contacto con un abogado especializado en da\u00f1os a la propiedad en Hollywood. Un abogado trabajar\u00e1 por tus intereses para que no tengas que pagar de m\u00e1s con tus ahorros.  <\/p>\n<p><strong class=\"heading4\">Contacta con un abogado especializado en reclamaciones por da\u00f1os causados por humo e incendios en Hollywood<\/strong><\/p>\n<p><a href=\"contacta con nosotros.html\">Contacta con<\/a> el Grupo Legal Flaxman al 1-866-352-9626 (1-866-FLAXMAN) para una consulta gratuita sobre accidentes con un abogado de reclamaciones por da\u00f1os por humo e incendio en Hollywood si tu casa se ha visto afectada por un incendio.<\/p>\n<\/div>\n<div class=\"subpageslist\">\n<ul> <\/ul>\n<\/p><\/div>\n<\/p><\/div>\n","protected":false},"excerpt":{"rendered":"<p>Sin honorarios a menos que ganemos. Llama al 866-352-9626 para una &#8230; <\/p>\n","protected":false},"author":3,"featured_media":0,"parent":0,"menu_order":0,"comment_status":"closed","ping_status":"closed","template":"template-practice-areas.php","meta":{"footnotes":""},"class_list":["post-21753","page","type-page","status-publish","hentry"],"featured_image_src":null,"featured_image_src_square":null,"_links":{"self":[{"href":"https:\/\/flaxmanlaw.com\/es\/wp-json\/wp\/v2\/pages\/21753","targetHints":{"allow":["GET"]}}],"collection":[{"href":"https:\/\/flaxmanlaw.com\/es\/wp-json\/wp\/v2\/pages"}],"about":[{"href":"https:\/\/flaxmanlaw.com\/es\/wp-json\/wp\/v2\/types\/page"}],"author":[{"embeddable":true,"href":"https:\/\/flaxmanlaw.com\/es\/wp-json\/wp\/v2\/users\/3"}],"replies":[{"embeddable":true,"href":"https:\/\/flaxmanlaw.com\/es\/wp-json\/wp\/v2\/comments?post=21753"}],"version-history":[{"count":0,"href":"https:\/\/flaxmanlaw.com\/es\/wp-json\/wp\/v2\/pages\/21753\/revisions"}],"wp:attachment":[{"href":"https:\/\/flaxmanlaw.com\/es\/wp-json\/wp\/v2\/media?parent=21753"}],"curies":[{"name":"wp","href":"https:\/\/api.w.org\/{rel}","templated":true}]}}