{"id":21754,"date":"2024-11-18T12:45:24","date_gmt":"2024-11-18T12:45:24","guid":{"rendered":"https:\/\/flaxmanlaw.wpenginepowered.com\/preguntas-frecuentes-sobre-lesiones-en-piscinas-y-casi-ahogamientos-abogados-de-lesiones-personales-de-fort-lauderdale\/"},"modified":"2025-05-06T09:34:27","modified_gmt":"2025-05-06T09:34:27","slug":"preguntas-frecuentes-sobre-lesiones-en-piscinas-y-casi-ahogamientos-abogados-de-lesiones-personales-de-fort-lauderdale","status":"publish","type":"page","link":"https:\/\/flaxmanlaw.com\/es\/preguntas-frecuentes-sobre-lesiones-en-piscinas-y-casi-ahogamientos-abogados-de-lesiones-personales-de-fort-lauderdale\/","title":{"rendered":"Preguntas sobre Lesiones en Piscinas"},"content":{"rendered":"<div class=\"bodytext\">\n<h2>Preguntas frecuentes sobre lesiones en piscinas y casi ahogamientos<\/h2>\n<div class=\"description\">\n<p>Los incidentes de lesiones en alberca y de casi ahogamiento en Florida son comunes, gracias a las muchas v\u00edas de agua y albercas disponibles en muchos hogares y en muchas comunidades. En el Grupo Legal Flaxman, servimos a individuos lesionados desde nuestras oficinas en Miami, Homestead, y Hollywood. Hemos tenido la oportunidad de hablar con muchas personas que han perdido a un ser querido en un accidente relacionado con el agua o que han sufrido lesiones en una piscina. Hemos combinado las preguntas que m\u00e1s o\u00edmos para ayudarte a obtener algunas respuestas.<\/p>\n<p>Si usted ha resultado lesionado en un accidente de alberca en cualquier parte de Florida del Sur o ha perdido a un ser querido debido a un ahogamiento en alberca, tambi\u00e9n puede contactarnos directamente. S\u00f3lo <strong>llame al Grupo Legal Flaxman al 866-352-9626 o <a href=\"contacta con nosotros.html\">cont\u00e1ctenos en l\u00ednea<\/a> para programar una consulta gratuita y sin compromiso<\/strong>. Es una oportunidad para hablar con un abogado de demandas por lesiones en alberca de Florida sobre tu caso espec\u00edfico.<\/p>\n<ul id=\"top-list\" class=\"no-spacing-list\">\n<li><a href=\"lesiones-en-piscina-y-casi-ahogamiento-faqs.html#casos\">\u00bfQu\u00e9 son los casos de ahogamiento y casi ahogamiento en piscina?<\/a><\/li>\n<li><a href=\"lesiones-en-piscina-y-casi-ahogamiento-faqs.html#causas\">\u00bfQu\u00e9 causa los ahogamientos y casi ahogamientos?<\/a><\/li>\n<li><a href=\"lesiones-en-piscina-y-casi-ahogamiento-faqs.html#riesgo\">\u00bfQui\u00e9n corre m\u00e1s riesgo?<\/a><\/li>\n<li><a href=\"preguntas frecuentes sobre lesiones en la piscina y ahogamientos inminentes#prevenir\">\u00bfC\u00f3mo podemos evitar los ahogamientos?<\/a><\/li>\n<li><a href=\"lesiones-en-piscina-y-casi-ahogamiento-faqs.html#responsable\">\u00bfQui\u00e9n es responsable?<\/a><\/li>\n<li><a href=\"lesiones-en-piscina-y-casi-ahogamiento-preguntas.html#buscar\">\u00bfCu\u00e1nto puedo pedir de indemnizaci\u00f3n?<\/a><\/li>\n<li><a href=\"lesiones-en-piscina-y-casi-ahogamiento-faqs.html#reclamar\">\u00bfTengo una reclamaci\u00f3n por piscina en Florida?<\/a><\/li>\n<\/ul>\n<div>\n<div>\n<p><strong id=\"cases\" class=\"heading4\">\u00bfQu\u00e9 son los casos de ahogamiento y casi ahogamiento en piscina?<\/strong><\/p>\n<div>\n<div>\n<p>Los ahogamientos en piscina se producen cuando alguien es incapaz de salir con seguridad de una piscina o masa de agua y se ahoga cuando se interrumpe su capacidad de respirar o sus pulmones se llenan de agua. En los casos de casi ahogamiento, la v\u00edctima se salva o es capaz de salvarse a s\u00ed misma. Sin embargo, si han estado sin ox\u00edgeno durante alg\u00fan tiempo, pueden sufrir lesiones debilitantes y de por vida.<\/p>\n<p>Otra lesi\u00f3n frecuente en las piscinas se produce con las zambullidas. Si alguien se zambulle de forma incorrecta o en aguas demasiado poco profundas, puede sufrir lesiones mortales o lesiones permanentes en la m\u00e9dula espinal y el cerebro. En algunos casos, las piscinas no se mantienen adecuadamente y una persona puede resbalar y golpearse la cabeza, cayendo al agua e incapaz de salir. En otros casos, el pelo u otra parte del cuerpo puede quedar atrapado en un desag\u00fce o en otra parte de la piscina, lo que puede provocar fracturas \u00f3seas u otras lesiones.<\/p>\n<\/div>\n<\/div>\n<p><a href=\"preguntas frecuentes sobre lesiones en piscinas y ahogamientos inminentes#top-list\">Volver arriba<\/a><\/p>\n<\/div>\n<hr \/>\n<div>\n<p><strong id=\"causes\" class=\"heading4\">\u00bfQu\u00e9 causa los ahogamientos y casi ahogamientos?<\/strong><\/p>\n<div>\n<div>\n<p>No siempre es culpa del nadador. Los ahogamientos y casi ahogamientos pueden ocurrir por varias razones:<\/p>\n<ul>\n<li>Las zonas de piscina y las v\u00edas de agua pueden estar incorrectamente aseguradas.<\/li>\n<li>La falta de socorristas y otras precauciones de seguridad pueden hacer que las piscinas y las zonas acu\u00e1ticas sean inseguras. Una se\u00f1alizaci\u00f3n inadecuada puede hacer que las zonas acu\u00e1ticas sean inseguras para los ba\u00f1istas.<\/li>\n<li>Una mala instrucci\u00f3n en nataci\u00f3n o la imprudencia de los nadadores tambi\u00e9n pueden contribuir a los ahogamientos y casi ahogamientos.<\/li>\n<li>Las piscinas pueden estar mal instaladas, mal mantenidas o tener defectos de dise\u00f1o.<\/li>\n<li>El alcohol puede aumentar el riesgo de ahogamiento.<\/li>\n<\/ul>\n<\/div>\n<\/div>\n<p><a href=\"preguntas frecuentes sobre lesiones en piscinas y ahogamientos inminentes#top-list\">Volver arriba<\/a><\/p>\n<\/div>\n<hr \/>\n<div>\n<p><strong id=\"risk\" class=\"heading4\">\u00bfQui\u00e9n corre m\u00e1s riesgo?<\/strong><\/p>\n<div>\n<div>\n<p>Por desgracia, <a href=\"lesiones a menores y ni\u00f1os.html\">los ni\u00f1os son los que m\u00e1s riesgo corren<\/a> de sufrir lesiones relacionadas con el agua en Florida. Los ni\u00f1os peque\u00f1os tienen menos probabilidades de tener una buena conciencia de la seguridad en el agua y pueden no tener conocimientos de nataci\u00f3n para nadar con seguridad. De hecho, los ni\u00f1os peque\u00f1os pueden ahogarse en s\u00f3lo unos cent\u00edmetros de agua, lo que significa que es necesaria una atenci\u00f3n y supervisi\u00f3n cuidadosas siempre que los ni\u00f1os est\u00e9n cerca del agua.<\/p>\n<p>Los ni\u00f1os tambi\u00e9n corren mayor riesgo porque se sienten atra\u00eddos por las piscinas y el agua. A veces, los ni\u00f1os pueden entrar en propiedades con piscinas y acabar ahog\u00e1ndose en ellas porque no hay nadie cerca para salvarlos.<\/p>\n<p>Aunque los ni\u00f1os son los m\u00e1s expuestos, cualquiera corre peligro cerca del agua. En Florida, sobre todo, nadar en cursos de agua naturales o en piscinas puede ser peligroso. Las corrientes, la fauna salvaje, los fen\u00f3menos meteorol\u00f3gicos inesperados y otras situaciones peligrosas pueden convertir r\u00e1pidamente un ba\u00f1o placentero en una situaci\u00f3n que ponga en peligro la vida.<\/p>\n<\/div>\n<\/div>\n<p><a href=\"preguntas frecuentes sobre lesiones en piscinas y ahogamientos inminentes#top-list\">Volver arriba<\/a><\/p>\n<\/div>\n<hr \/>\n<div>\n<p><strong id=\"prevent\" class=\"heading4\">\u00bfC\u00f3mo podemos evitar los ahogamientos?<\/strong><\/p>\n<div>\n<div>\n<p>Como sabemos que los ni\u00f1os son los que corren m\u00e1s riesgo, hay varias cosas que podemos hacer para ayudar a prevenir estas tragedias.<\/p>\n<ul>\n<li>Ense\u00f1a a tus hijos a nadar cuando son peque\u00f1os, para que tengan las habilidades de seguridad en el agua que necesitan.<\/li>\n<li>Asegura siempre adecuadamente la zona de la piscina, con una puerta de cierre autom\u00e1tico y una alarma de detecci\u00f3n de movimiento, para asegurarte de que los ni\u00f1os no entren en ella.<\/li>\n<li>Informa de las zonas de piscina inseguras cuando las veas.<\/li>\n<li>Nunca nades solo.<\/li>\n<li>Nunca nades si has bebido, has comido mucho, est\u00e1s f\u00edsicamente d\u00e9bil o enfermo, o eres incapaz de nadar con seguridad.<\/li>\n<li>No nades nunca en zonas designadas como inseguras para el ba\u00f1o.<\/li>\n<li>Comprueba las condiciones meteorol\u00f3gicas y el estado del agua antes de meterte en ella.<\/li>\n<li>Nunca te sumerjas en el agua hasta que no conozcas su profundidad y sepas c\u00f3mo ejecutar la inmersi\u00f3n con seguridad.<\/li>\n<\/ul>\n<\/div>\n<\/div>\n<p><a href=\"preguntas frecuentes sobre lesiones en piscinas y ahogamientos inminentes#top-list\">Volver arriba<\/a><\/p>\n<\/div>\n<hr \/>\n<div>\n<p><strong id=\"liable\" class=\"heading4\">\u00bfQui\u00e9n es responsable?<\/strong><\/p>\n<div>\n<div>\n<p>En una piscina p\u00fablica, playa p\u00fablica u otra zona vigilada, el propietario de la finca puede ser considerado responsable si alguien resulta herido. En otros casos, los propietarios pueden ser considerados responsables si no aseguran adecuadamente la zona de la piscina y alg\u00fan ni\u00f1o se adentra en ella y resulta herido. Los propietarios tambi\u00e9n pueden ser responsables si alg\u00fan visitante o invitado sufre una lesi\u00f3n en la piscina debido a la negligencia del propietario.<\/p>\n<p><a href=\"responsabilidad patrimonial.html\">Las demandas de responsabilidad civil<\/a> por lesiones en piscinas son bastante frecuentes, sobre todo cuando hay ni\u00f1os implicados. Los propietarios tienen el deber de cuidar a los ni\u00f1os que entran en su propiedad, incluso cuando los ni\u00f1os entran sin permiso.<\/p>\n<\/div>\n<\/div>\n<p><a href=\"preguntas frecuentes sobre lesiones en piscinas y ahogamientos inminentes#top-list\">Volver arriba<\/a><\/p>\n<\/div>\n<hr \/>\n<div>\n<p><strong id=\"seek\" class=\"heading4\">\u00bfCu\u00e1nto puedo pedir de indemnizaci\u00f3n?<\/strong><\/p>\n<div>\n<div>\n<p>Si presentas una demanda, puedes solicitar una indemnizaci\u00f3n por todas las p\u00e9rdidas relacionadas con tus lesiones. Esto significa que si has sufrido gastos m\u00e9dicos, has perdido salarios mientras cuidabas de tus lesiones o de las de tu hijo, o tienes gastos m\u00e9dicos o salarios perdidos previstos para el futuro, puedes solicitar una indemnizaci\u00f3n por todo ello. Tambi\u00e9n puedes pedir una indemnizaci\u00f3n por el dolor y el sufrimiento, que es una cantidad que un juez o un jurado puede determinar que es justa por la forma en que tu vida se ha visto alterada por una lesi\u00f3n grave.<\/p>\n<p>Puede ser dif\u00edcil determinar exactamente cu\u00e1nto vale tu caso por ti mismo. Puede que no tengas ninguna base de comparaci\u00f3n. Por eso es buena idea hablar con un abogado especializado en reclamaciones por lesiones en piscinas y ahogamientos en Florida o en tu comunidad. Un abogado experimentado ha tratado muchos de estos casos y conoce la gama de indemnizaciones posibles.<\/p>\n<\/div>\n<\/div>\n<p><a href=\"preguntas frecuentes sobre lesiones en piscinas y ahogamientos inminentes#top-list\">Volver arriba<\/a><\/p>\n<\/div>\n<hr \/>\n<div>\n<p><strong id=\"claim\" class=\"heading4\">\u00bfTengo una reclamaci\u00f3n por piscina en Florida?<\/strong><\/p>\n<div>\n<div>\n<p>La ley de Florida establece que tienes derecho a reclamar si has sufrido una lesi\u00f3n por negligencia de alguien y si tu lesi\u00f3n ha causado p\u00e9rdidas. Tienes hasta dos a\u00f1os para presentar una reclamaci\u00f3n, aunque lo mejor es presentarla enseguida, antes de que desaparezcan las pruebas o el incidente se desvanezca de la memoria de los testigos.<\/p>\n<p>No tienes que adivinar si tienes derecho a una indemnizaci\u00f3n. Puedes ponerte en contacto con nosotros en el Grupo Legal Flaxman para averiguar si puedes tener derecho a una indemnizaci\u00f3n. Nuestro equipo cuenta con m\u00e1s de 60 a\u00f1os de experiencia combinada y hemos manejado casos de ahogamiento y lesiones en albercas espec\u00edficamente. En un caso, pudimos asegurar un acuerdo de 3.8 millones de d\u00f3lares despu\u00e9s de que un ni\u00f1o de 3 a\u00f1os casi se ahogara en una alberca.<\/p>\n<\/div>\n<\/div>\n<p><a href=\"preguntas frecuentes sobre lesiones en piscinas y ahogamientos inminentes#top-list\">Volver arriba<\/a><\/p>\n<\/div>\n<hr \/>\n<\/div>\n<p>Para hablar con un abogado especializado en lesiones en piscinas en nuestras oficinas de Miami, Homestead o Hollywood, <strong>llama al Grupo Legal Flaxman al 866-352-9626 o <a href=\"contacta con nosotros.html\">cont\u00e1ctanos en l\u00ednea<\/a>. Tu primera consulta con nosotros es totalmente gratuita y sin compromiso. <\/strong> Es una oportunidad para que revises tu caso y obtengas algunas respuestas, de modo que puedas elegir con conocimiento de causa qu\u00e9 hacer a continuaci\u00f3n.<\/p>\n<\/div>\n<\/div>\n","protected":false},"excerpt":{"rendered":"<p>Sin honorarios a menos que ganemos. Llama al 866-352-9626 para una &#8230; <\/p>\n","protected":false},"author":3,"featured_media":0,"parent":0,"menu_order":0,"comment_status":"closed","ping_status":"closed","template":"template-practice-areas.php","meta":{"footnotes":""},"class_list":["post-21754","page","type-page","status-publish","hentry"],"featured_image_src":null,"featured_image_src_square":null,"_links":{"self":[{"href":"https:\/\/flaxmanlaw.com\/es\/wp-json\/wp\/v2\/pages\/21754","targetHints":{"allow":["GET"]}}],"collection":[{"href":"https:\/\/flaxmanlaw.com\/es\/wp-json\/wp\/v2\/pages"}],"about":[{"href":"https:\/\/flaxmanlaw.com\/es\/wp-json\/wp\/v2\/types\/page"}],"author":[{"embeddable":true,"href":"https:\/\/flaxmanlaw.com\/es\/wp-json\/wp\/v2\/users\/3"}],"replies":[{"embeddable":true,"href":"https:\/\/flaxmanlaw.com\/es\/wp-json\/wp\/v2\/comments?post=21754"}],"version-history":[{"count":0,"href":"https:\/\/flaxmanlaw.com\/es\/wp-json\/wp\/v2\/pages\/21754\/revisions"}],"wp:attachment":[{"href":"https:\/\/flaxmanlaw.com\/es\/wp-json\/wp\/v2\/media?parent=21754"}],"curies":[{"name":"wp","href":"https:\/\/api.w.org\/{rel}","templated":true}]}}