{"id":21755,"date":"2024-11-18T12:45:26","date_gmt":"2024-11-18T12:45:26","guid":{"rendered":"https:\/\/flaxmanlaw.wpenginepowered.com\/caidas-por-superficies-resbaladizas-hollywood-florida-abogados-de-responsabilidad-de-locales\/"},"modified":"2024-11-18T12:45:26","modified_gmt":"2024-11-18T12:45:26","slug":"caidas-por-superficies-resbaladizas-hollywood-florida-abogados-de-responsabilidad-de-locales","status":"publish","type":"page","link":"https:\/\/flaxmanlaw.com\/es\/caidas-por-superficies-resbaladizas-hollywood-florida-abogados-de-responsabilidad-de-locales\/","title":{"rendered":"Ca\u00eddas por superficies resbaladizas | Hollywood, Florida Abogados de Responsabilidad de Locales"},"content":{"rendered":"<div class=\"bodytext\">\n<h2>Ca\u00eddas en superficies resbaladizas<\/h1><\/h2>\n<div class=\"description\">\n<p>Las superficies resbaladizas pueden producirse pr\u00e1cticamente en cualquier sitio. El agua puede acumularse en las pasarelas de las tiendas o pueden caer botellas de aceite en un supermercado, provocando una zona de peligro resbaladiza. En algunos casos, las superficies resbaladizas pueden provocar lesiones y accidentes graves. Alguien que resbala y cae sobre una superficie resbaladiza puede sufrir una fractura de cadera, fracturas \u00f3seas o incluso un traumatismo craneal potencialmente mortal. Es crucial no tratar a la ligera los accidentes por resbalones y ca\u00eddas. Si te has ca\u00eddo sobre una superficie resbaladiza en Hollywood o en tu comunidad, busca ayuda m\u00e9dica para determinar si has sufrido una lesi\u00f3n.     <\/p>\n<p>Adem\u00e1s de buscar ayuda m\u00e9dica, tambi\u00e9n querr\u00e1s obtener asesoramiento jur\u00eddico sobre tu lesi\u00f3n. Si tus lesiones fueron causadas por una negligencia, puedes tener una demanda civil o por lesiones personales que te permita solicitar una indemnizaci\u00f3n por los gastos que puedas tener tras tus lesiones. Para conocer detalles sobre tus opciones, contacta con el bufete de abogados del Grupo Legal Flaxman para una revisi\u00f3n gratuita de tu caso. Los abogados del Grupo Legal Flaxman cuentan con m\u00e1s de sesenta a\u00f1os de experiencia combinada y tienen oficinas en Hollywood, Homestead y Miami para servir a la comunidad de Florida del Sur.   <\/p>\n<p><strong class=\"heading4\">Negligencia y ca\u00eddas en superficies resbaladizas<\/strong><\/p>\n<p>Aunque las superficies resbaladizas parecen ser puramente accidentales, en muchas situaciones hay un elemento de negligencia implicado si alguien resbala y cae sobre este tipo de superficie. Nadie puede impedir que llueva (especialmente en Hollywood y otras partes de Florida, donde la lluvia puede ser bastante habitual), por ejemplo, pero se espera que los propietarios de las tiendas cuiden sus entradas y suelos para garantizar que su pavimento no suponga un riesgo para los clientes en caso de inclemencias meteorol\u00f3gicas. Del mismo modo, alguien puede derramar accidentalmente sopa en un restaurante, pero se espera que el camarero y el gerente limpien el derrame antes de que los comensales tengan ocasi\u00f3n de resbalar y caerse.  <\/p>\n<p>Los propietarios de negocios, en especial, tienen el deber de cuidar de quienes frecuentan sus negocios. Cuando los empresarios y otros propietarios no act\u00faan para eliminar los peligros y, como consecuencia, los visitantes resultan heridos, las partes perjudicadas pueden presentar una reclamaci\u00f3n por responsabilidad de las instalaciones. <\/p>\n<p>Puede haber muchas formas de negligencia por parte de los propietarios en los accidentes por resbal\u00f3n y ca\u00edda. Pueden: <\/p>\n<ul>\n<li>No limpiar los vertidos en un supermercado, restaurante o en otro local<\/li>\n<li>No proporcionar una se\u00f1alizaci\u00f3n adecuada cuando los suelos se han limpiado y est\u00e1n resbaladizos<\/li>\n<li>Elegir superficies de suelo resbaladizas e inseguras<\/li>\n<li>No colocar pegatinas antideslizantes en superficies de suelo resbaladizas<\/li>\n<li>No mantener el suelo correctamente<\/li>\n<li>No proporcionar una iluminaci\u00f3n adecuada<\/li>\n<li>No se dan cuenta de las situaciones de mayor riesgo, como el tiempo lluvioso, o pueden no reaccionar adecuadamente ante estos peligros<\/li>\n<li>No advertir a los clientes de suelos resbaladizos u otros peligros de resbalones y ca\u00eddas<\/li>\n<\/ul>\n<p><strong class=\"heading4\">\u00bfTienes una demanda por responsabilidad civil de los locales?<\/strong><\/p>\n<p>Para determinar si tienes derecho a reclamar, es importante que consultes a un abogado de lesiones personales poco despu\u00e9s de sufrirlas. Un abogado con experiencia puede ayudarte a determinar tus opciones y decirte cu\u00e1nto puede valer un posible caso. Tambi\u00e9n puede iniciar una investigaci\u00f3n sobre tu lesi\u00f3n para construir un caso s\u00f3lido. Ponerte en contacto con un abogado poco despu\u00e9s de tu lesi\u00f3n puede aumentar las probabilidades de que a\u00fan haya pruebas disponibles.   <\/p>\n<p>El Grupo Legal Flaxman es una firma de abogados en Florida del Sur. Formamos parte de la comunidad de Hollywood y tambi\u00e9n tenemos oficinas en Miami y Homestead para servir mejor a nuestros clientes. Como firma legal de servicios integrales, contamos con una red de investigadores, consultores, asistentes legales, y otros profesionales para ayudar a proporcionar los servicios y la s\u00f3lida representaci\u00f3n que nuestros clientes demandan. Para averiguar lo que <a href=\"contacta con nosotros.html\">el Grupo Legal Flaxman<\/a> puede hacer en su caso, contacte a nuestra firma legal en cualquier momento para una consulta gratuita sobre accidentes.   <\/p>\n<\/p><\/div>\n<div class=\"subpageslist\">\n<ul> <\/ul>\n<\/p><\/div>\n<\/p><\/div>\n","protected":false},"excerpt":{"rendered":"<p>Sin honorarios a menos que ganemos. Llama al 866-352-9626 para una &#8230; <\/p>\n","protected":false},"author":3,"featured_media":0,"parent":0,"menu_order":0,"comment_status":"closed","ping_status":"closed","template":"template-practice-areas.php","meta":{"footnotes":""},"class_list":["post-21755","page","type-page","status-publish","hentry"],"featured_image_src":null,"featured_image_src_square":null,"_links":{"self":[{"href":"https:\/\/flaxmanlaw.com\/es\/wp-json\/wp\/v2\/pages\/21755","targetHints":{"allow":["GET"]}}],"collection":[{"href":"https:\/\/flaxmanlaw.com\/es\/wp-json\/wp\/v2\/pages"}],"about":[{"href":"https:\/\/flaxmanlaw.com\/es\/wp-json\/wp\/v2\/types\/page"}],"author":[{"embeddable":true,"href":"https:\/\/flaxmanlaw.com\/es\/wp-json\/wp\/v2\/users\/3"}],"replies":[{"embeddable":true,"href":"https:\/\/flaxmanlaw.com\/es\/wp-json\/wp\/v2\/comments?post=21755"}],"version-history":[{"count":0,"href":"https:\/\/flaxmanlaw.com\/es\/wp-json\/wp\/v2\/pages\/21755\/revisions"}],"wp:attachment":[{"href":"https:\/\/flaxmanlaw.com\/es\/wp-json\/wp\/v2\/media?parent=21755"}],"curies":[{"name":"wp","href":"https:\/\/api.w.org\/{rel}","templated":true}]}}