{"id":21756,"date":"2024-11-18T12:45:24","date_gmt":"2024-11-18T12:45:24","guid":{"rendered":"https:\/\/flaxmanlaw.wpenginepowered.com\/lesiones-y-ahogamientos-en-piscinas-abogados-de-accidentes-en-hollywood-florida\/"},"modified":"2025-08-26T02:55:14","modified_gmt":"2025-08-26T02:55:14","slug":"lesiones-y-ahogamientos-en-piscinas-abogados-de-accidentes-en-hollywood-florida","status":"publish","type":"page","link":"https:\/\/flaxmanlaw.com\/es\/lesiones-y-ahogamientos-en-piscinas-abogados-de-accidentes-en-hollywood-florida\/","title":{"rendered":"Lesiones y Ahogamientos en Piscinas"},"content":{"rendered":"<div class=\"bodytext\">\n<h2>Lesiones y ahogamientos en piscinas<\/h2>\n<div class=\"description\">\n<p>Cada a\u00f1o, unos 250 ni\u00f1os menores de cinco a\u00f1os se ahogan en piscinas. Muchos m\u00e1s resultan gravemente heridos. Debido a su clima c\u00e1lido, Florida es una zona muy popular para las piscinas residenciales y muchas casas de Hollywood, Miami, Homestead y los alrededores del sur de Florida tienen una piscina en su patio trasero. En 2007, el Departamento de Salud de Florida y la Comisi\u00f3n para la Seguridad de los Productos de Consumo (CPSC) informaron de que Florida tiene la tasa de mortalidad por ahogamiento m\u00e1s alta del pa\u00eds entre los ni\u00f1os de uno a cuatro a\u00f1os. Esto hace que el riesgo de lesiones y ahogamientos relacionados con las piscinas sea una cuesti\u00f3n especialmente importante para los residentes de esta zona.<\/p>\n<p>Aunque las piscinas ofrecen diversi\u00f3n y son una buena forma de fomentar el ejercicio, tambi\u00e9n plantean muchos peligros. Para los ni\u00f1os, los accidentes por ahogamiento son el mayor riesgo asociado a las piscinas. Un ni\u00f1o peque\u00f1o puede perder el conocimiento bajo el agua en s\u00f3lo dos minutos y pueden producirse lesiones cerebrales en cuatro o seis minutos. Los ni\u00f1os pueden ahogarse en apenas unos cent\u00edmetros de agua, por lo que incluso las piscinas hinchables poco profundas suponen un grave peligro de ahogamiento. La mayor\u00eda de los accidentes por ahogamiento ocurren muy repentinamente. Incluso si se consigue poner a salvo a la v\u00edctima, pueden producirse da\u00f1os cerebrales a largo plazo si el cerebro ha estado privado de ox\u00edgeno durante alg\u00fan tiempo.<\/p>\n<p>Por ley, todo propietario de una piscina est\u00e1 obligado a cumplir ciertas normas de seguridad. Los propietarios de piscinas, por ejemplo, deben asegurarse de que la piscina est\u00e9 protegida contra el uso no autorizado mediante una puerta, valla y cerradura que funcionen. Tambi\u00e9n se espera de los propietarios que supervisen adecuadamente la piscina cuando est\u00e9 en uso. El mantenimiento adecuado de las tapas de los desag\u00fces, las cubiertas de la piscina, las se\u00f1ales de advertencia y el equipo de salvamento tambi\u00e9n pueden ser necesarios para demostrar que el propietario de una piscina ha actuado con la debida precauci\u00f3n para proteger a los visitantes de su propiedad de lesiones y accidentes en la piscina. Las empresas -incluidos hoteles, complejos tur\u00edsticos, instalaciones recreativas y otros negocios- tambi\u00e9n tienen responsabilidades similares en virtud de la ley para garantizar que sus zonas de piscinas sean seguras.<\/p>\n<p>Por desgracia, muchas lesiones y ahogamientos en piscinas se producen porque no se siguen estas medidas de seguridad. Si t\u00fa o un ser querido hab\u00e9is sufrido lesiones como consecuencia de un accidente de piscina, es posible que necesites un abogado cualificado en lesiones personales del sur de Florida para que investigue los motivos de la lesi\u00f3n. Un abogado de lesiones personales cualificado del sur de Florida tambi\u00e9n puede ayudar a garantizar que dispongas de los recursos econ\u00f3micos a los que puedas tener derecho seg\u00fan la ley, para ayudarte con los gastos que suelen ir asociados a los accidentes de piscina.<\/p>\n<p>Los calificados abogados del Grupo Legal Flaxman (FLG) han ayudado a muchas partes lesionadas en el \u00e1rea de Miami, Hollywood, Homestead, y alrededores de Florida del Sur. Hemos asistido a familias que han perdido a un ser querido por ahogamiento y hemos ayudado a individuos que han sufrido lesiones permanentes como resultado de accidentes en albercas. Si usted necesita un abogado en Florida del Sur, <a href=\"contacta con nosotros.html\">ll\u00e1menos hoy mismo<\/a> al 1 866 Flaxman (1 866 352 9626) para programar una consulta inicial sin costo y sin compromiso. Durante tu consulta con uno de nuestros abogados de Florida del Sur, puedes hablar sobre tu caso y obtener respuestas a tus preguntas legales para que puedas tomar una decisi\u00f3n informada sobre qu\u00e9 hacer.<\/p>\n<\/div>\n<div class=\"subpageslist\"><\/div>\n<\/div>\n","protected":false},"excerpt":{"rendered":"<p>Sin honorarios a menos que ganemos. Llama al 866-352-9626 para una &#8230; <\/p>\n","protected":false},"author":3,"featured_media":0,"parent":0,"menu_order":0,"comment_status":"closed","ping_status":"closed","template":"template-practice-areas.php","meta":{"footnotes":""},"class_list":["post-21756","page","type-page","status-publish","hentry"],"featured_image_src":null,"featured_image_src_square":null,"_links":{"self":[{"href":"https:\/\/flaxmanlaw.com\/es\/wp-json\/wp\/v2\/pages\/21756","targetHints":{"allow":["GET"]}}],"collection":[{"href":"https:\/\/flaxmanlaw.com\/es\/wp-json\/wp\/v2\/pages"}],"about":[{"href":"https:\/\/flaxmanlaw.com\/es\/wp-json\/wp\/v2\/types\/page"}],"author":[{"embeddable":true,"href":"https:\/\/flaxmanlaw.com\/es\/wp-json\/wp\/v2\/users\/3"}],"replies":[{"embeddable":true,"href":"https:\/\/flaxmanlaw.com\/es\/wp-json\/wp\/v2\/comments?post=21756"}],"version-history":[{"count":0,"href":"https:\/\/flaxmanlaw.com\/es\/wp-json\/wp\/v2\/pages\/21756\/revisions"}],"wp:attachment":[{"href":"https:\/\/flaxmanlaw.com\/es\/wp-json\/wp\/v2\/media?parent=21756"}],"curies":[{"name":"wp","href":"https:\/\/api.w.org\/{rel}","templated":true}]}}