{"id":21758,"date":"2024-11-18T12:45:26","date_gmt":"2024-11-18T12:45:26","guid":{"rendered":"https:\/\/flaxmanlaw.wpenginepowered.com\/negligencia-en-residencias-asistidas-de-south-miami-abogados-de-abuso-en-residencias-de-ancianos-del-condado-de-miami-dade\/"},"modified":"2024-11-18T12:45:26","modified_gmt":"2024-11-18T12:45:26","slug":"negligencia-en-residencias-asistidas-de-south-miami-abogados-de-abuso-en-residencias-de-ancianos-del-condado-de-miami-dade","status":"publish","type":"page","link":"https:\/\/flaxmanlaw.com\/es\/negligencia-en-residencias-asistidas-de-south-miami-abogados-de-abuso-en-residencias-de-ancianos-del-condado-de-miami-dade\/","title":{"rendered":"Negligencia en Residencias Asistidas de South Miami | Abogados de Abuso en Residencias de Ancianos del Condado de Miami-Dade"},"content":{"rendered":"<div class=\"bodytext\">\n<h2>Negligencia en residencias asistidas de South Miami<\/h1><\/h2>\n<div class=\"description\">\n<p>La mayor\u00eda de los que gozamos de buena salud damos por sentadas las tareas b\u00e1sicas. Preparamos las comidas, nos vestimos y salimos a la calle sin pensarlo dos veces. Sin embargo, para las personas gravemente heridas, enfermas o ancianas, estas tareas cotidianas pueden convertirse en obst\u00e1culos insuperables. En algunos de estos casos, las familias toman la dif\u00edcil decisi\u00f3n de ingresar a un ser querido en un centro de vida asistida, que se supone que ayuda a proporcionar un alto nivel de cuidados, as\u00ed como una buena calidad de vida a los residentes.   <\/p>\n<p>Sin embargo, cuando las residencias asistidas son negligentes, los residentes suelen sufrir lesiones graves o ver mermada su calidad de vida. Si esto le ha sucedido a alguien que te importa, puede haber opciones legales que te permitan ayudar a tu ser querido. Para saber m\u00e1s, contacta al Grupo Legal Flaxman para una revisi\u00f3n de tu caso gratuita y sin compromiso.  <\/p>\n<p><strong class=\"heading4\">Muchos se ven afectados por la negligencia y el maltrato a ancianos en South Miami y Florida<\/strong><\/p>\n<p>Cada a\u00f1o, muchos residentes de Florida sufren lesiones en residencias asistidas y, en muchos casos, estas lesiones son consecuencia de negligencias o accidentes evitables. Estos accidentes pueden ocurrir porque a un ser querido no se le prest\u00f3 la atenci\u00f3n m\u00e9dica o la medicaci\u00f3n adecuadas o se le medic\u00f3 en exceso. En algunos casos, un ser querido no recibe el apoyo y la supervisi\u00f3n que necesita durante las tareas cotidianas, como el aseo personal. En otros casos, simplemente no se proporciona a los residentes comida, agua y otras necesidades vitales adecuadas. Todos son ejemplos de negligencia grave y, por desgracia, pueden provocar da\u00f1os y enfermedades devastadoras a residentes vulnerables.    <\/p>\n<p><strong class=\"heading4\">Lesiones comunes sufridas en casos de negligencia y abuso en residencias asistidas<\/strong><\/p>\n<p>Los abogados de lesiones personales de South Miami que se ocupan de casos de abuso y negligencia en residencias asistidas suelen encontrar lesiones catastr\u00f3ficas sufridas por los residentes, entre otras:<\/p>\n<ul>\n<li>Lesiones en la cabeza<\/li>\n<li>Lesiones de tejidos blandos<\/li>\n<li>Escaras infectadas<\/li>\n<li>Piojos y otras infestaciones<\/li>\n<li>Mala higiene<\/li>\n<li>Heridas infectadas<\/li>\n<li>Gangrena<\/li>\n<li>Deshidrataci\u00f3n o inanici\u00f3n<\/li>\n<li>ETS y enfermedades de transmisi\u00f3n sexual<\/li>\n<li>Fracturas<\/li>\n<li>Heridas, infecciones y enfermedades no tratadas<\/li>\n<li>Sujeciones ilegales<\/li>\n<li>Medicaci\u00f3n excesiva o insuficiente<\/li>\n<\/ul>\n<p>Estas lesiones son devastadoras, sobre todo para los residentes de residencias asistidas, que ya pueden ser vulnerables. En algunos casos, se permite que la negligencia y los malos tratos contin\u00faen durante meses o incluso a\u00f1os porque los residentes est\u00e1n demasiado asustados, avergonzados o simplemente son incapaces de hablar. En muchos casos, son amigos y familiares valientes los que se dan cuenta de que algo va mal y salen a la luz para intentar hacer cambios. En estos casos, las familias tienen algunas opciones. Si ha ocurrido algo ilegal, pueden ponerse en contacto con las fuerzas de seguridad para presentar cargos penales contra los responsables. Tambi\u00e9n pueden presentar una demanda civil para pedir una indemnizaci\u00f3n y justicia en nombre de sus seres queridos. Si no est\u00e1s seguro de qu\u00e9 camino tomar, hablar con un abogado de lesiones personales en South Miami o en tu comunidad puede ayudarte a revisar tus opciones y puede ayudarte a comprender si tienes un caso.      <\/p>\n<p>\u00bfEst\u00e1s buscando un abogado de lesiones personales porque un ser querido ha resultado lesionado en un centro de vida asistida? Siempre puedes ponerte en contacto con el Grupo Legal Flaxman para concertar una consulta gratuita sobre accidentes. Nuestros abogados pueden ayudarte a comprender tus derechos y opciones, as\u00ed como los pasos que puedes dar para proteger a un ser querido. Tu <a href=\"contacta con nosotros.html\">consulta inicial<\/a> no cuesta nada y no implica ninguna obligaci\u00f3n, as\u00ed que no hay riesgo alguno.   <\/p>\n<\/p><\/div>\n<\/p><\/div>\n","protected":false},"excerpt":{"rendered":"<p>Sin honorarios a menos que ganemos. Llama al 866-352-9626 para una &#8230; <\/p>\n","protected":false},"author":3,"featured_media":0,"parent":0,"menu_order":0,"comment_status":"closed","ping_status":"closed","template":"template-practice-areas.php","meta":{"footnotes":""},"class_list":["post-21758","page","type-page","status-publish","hentry"],"featured_image_src":null,"featured_image_src_square":null,"_links":{"self":[{"href":"https:\/\/flaxmanlaw.com\/es\/wp-json\/wp\/v2\/pages\/21758","targetHints":{"allow":["GET"]}}],"collection":[{"href":"https:\/\/flaxmanlaw.com\/es\/wp-json\/wp\/v2\/pages"}],"about":[{"href":"https:\/\/flaxmanlaw.com\/es\/wp-json\/wp\/v2\/types\/page"}],"author":[{"embeddable":true,"href":"https:\/\/flaxmanlaw.com\/es\/wp-json\/wp\/v2\/users\/3"}],"replies":[{"embeddable":true,"href":"https:\/\/flaxmanlaw.com\/es\/wp-json\/wp\/v2\/comments?post=21758"}],"version-history":[{"count":0,"href":"https:\/\/flaxmanlaw.com\/es\/wp-json\/wp\/v2\/pages\/21758\/revisions"}],"wp:attachment":[{"href":"https:\/\/flaxmanlaw.com\/es\/wp-json\/wp\/v2\/media?parent=21758"}],"curies":[{"name":"wp","href":"https:\/\/api.w.org\/{rel}","templated":true}]}}